{"id":1000,"date":"2020-04-18T13:48:30","date_gmt":"2020-04-18T11:48:30","guid":{"rendered":"https:\/\/bibelbloggen.se\/?page_id=1000"},"modified":"2025-09-30T16:07:18","modified_gmt":"2025-09-30T14:07:18","slug":"till-alla-jehovas-vittnen","status":"publish","type":"page","link":"https:\/\/bibelbloggen.se\/en\/","title":{"rendered":"To every Jehovah's witness"},"content":{"rendered":"<h3 class=\"wp-block-heading\">To every Jehovah's witness<\/h3>\n\n\n\n<p>I love you, and that's why I want to share some important thoughts with you.<\/p>\n\n\n\n<p>If you have grown up within, or come into contact with Jehovah's Witnesses, you know how compelling their message can be. They are committed, organized, and their teachings are presented in many different languages and in a way that feels both logical, of high quality, and very appealing to those searching for answers. <\/p>\n\n\n\n<hr class=\"wp-block-separator has-alpha-channel-opacity\"\/>\n\n\n\n<figure class=\"wp-block-image aligncenter size-large is-resized\"><a href=\"https:\/\/bibelbloggen.se\/wp-content\/uploads\/2025\/01\/JVs.png\"><img loading=\"lazy\" decoding=\"async\" width=\"1024\" height=\"489\" src=\"https:\/\/bibelbloggen.se\/wp-content\/uploads\/2025\/01\/JVs-1024x489.png\" alt=\"\" class=\"wp-image-2025\" style=\"width:636px;height:auto\" srcset=\"https:\/\/bibelbloggen.se\/wp-content\/uploads\/2025\/01\/JVs-1024x489.png 1024w, https:\/\/bibelbloggen.se\/wp-content\/uploads\/2025\/01\/JVs-300x143.png 300w, https:\/\/bibelbloggen.se\/wp-content\/uploads\/2025\/01\/JVs-768x367.png 768w, https:\/\/bibelbloggen.se\/wp-content\/uploads\/2025\/01\/JVs-1536x734.png 1536w, https:\/\/bibelbloggen.se\/wp-content\/uploads\/2025\/01\/JVs.png 1700w\" sizes=\"auto, (max-width: 1024px) 100vw, 1024px\" \/><\/a><\/figure>\n\n\n\n<p>Maybe one of them has visited you and shown a personal interest when no one else did? Maybe they helped you see things in the Bible that you never noticed before? Perhaps you found a safe community in one of their Kingdom Halls, a place where you could work together with other believers, and suddenly life felt meaningful? Maybe virtually all your family are Witnesses?<\/p>\n\n\n\n<p>I really understand. Anyone would find all this appealing. And there's nothing wrong with warm fellowship. But can I give you some advice, based on my own experience? Don't believe something just because it sounds good or is said by people you may love and trust. I did that until I was almost 40, only to realize that I believed a lie or better - \u201can almost-truth\u201d all my life. <\/p>\n\n\n\n<p>But only God can show us the real truth, not human arguments, however convincing they may seem. And that truth is far more amazing than you could ever imagine. But it's easy to be deceived when something that seems genuine and beautiful on the surface - because the enemy can also appear as an angel of light.<\/p>\n\n\n\n<blockquote class=\"wp-block-quote is-layout-flow wp-block-quote-is-layout-flow\">\n<p>The Bible says:<br><strong>\u201cBeloved, do not believe every spirit; instead test the spirits to see whether they are from God, because many false prophets and teachers have gone out in the world.\"<\/strong> (1 John 4:1 AMP)<\/p>\n<\/blockquote>\n\n\n\n<p>So I ask of you, to let <span style=\"text-decoration: underline;\">the word of God be your only standard<\/span> - not people or organizations, however appealing they may be. Test for yourself whether their teachings are really consistent with the Bible, by taking the time to read the Gospels of Matthew, Mark, Luke and John for yourself, as well as Acts for starters. And please, put aside your preconceptions (the ones we all have), and <span style=\"text-decoration: underline;\">let God himself be the one to show you what he wants to teach you<\/span> with the help of his Holy Spirit. He will reveal the real truth to you. There is no more important knowledge to gain, for it has to do with your own eternal life.<\/p>\n\n\n\n<hr class=\"wp-block-separator has-alpha-channel-opacity\"\/>\n\n\n\n<h3 class=\"wp-block-heading\"><strong>The need to know Jesus<\/strong><\/h3>\n\n\n\n<p>As the Bible shows, and as discussed in several of the articles on this page, Jesus is so much more than a prophet or angel (Heb. ch. 1). He is the \u201cLord of Lords\u201d (1 Tim 6:15; Rev 19:15) and the one who judges the world and gives people eternal life (John 5:21,22). He is also called \u201cAlpha and Omega\u201d, \"The Almighty\" (Rev 1:8) \u201cThe First and the Last\u201d (Rev 1:17; 22:13) \u201cThe Beginning and the End\u201d (Rev 22:13) \u201cMighty God\u201d and \u201cEverlasting Father\u201d (Isa 9:6).<\/p>\n\n\n\n<blockquote class=\"wp-block-quote is-layout-flow wp-block-quote-is-layout-flow\">\n<p>The Bible says:<br><strong>\"Just as the Father raises the dead and gives them life, even so the Son also gives life to whom He wishes. For the Father judges no one, but has given all judgment to the Son so that all will give honor to the Son just as they give honor to the Father. The one who does not honor the Son does not honor the Father who has sent Him.\" <span style=\"text-decoration: underline;\">so that all will give honor to the Son just as they give honor to the Father.<\/span>&#8221;<\/strong> (John 5:21-23 AMP)<\/p>\n<\/blockquote>\n\n\n\n<hr class=\"wp-block-separator has-alpha-channel-opacity\"\/>\n\n\n\n<h3 class=\"wp-block-heading\"><strong>Therefore, I would ask you to do three things:<\/strong><\/h3>\n\n\n\n<ol class=\"wp-block-list\">\n<li><strong>Study the Bible yourself<\/strong>, under the guidance of the Holy Spirit.<\/li>\n\n\n\n<li><strong>Seek the truth with sincerity<\/strong>, ask God to show you who Jesus really is.<\/li>\n\n\n\n<li><strong>Open your heart to Jesus<\/strong>, so that you can be born again and have eternal life.<\/li>\n<\/ol>\n\n\n\n<hr class=\"wp-block-separator has-alpha-channel-opacity\"\/>\n\n\n\n<h4 class=\"wp-block-heading\"><a href=\"https:\/\/bibelbloggen.se\/en\/vill-du-fa-evigt-liv\/\" data-type=\"page\" data-id=\"2287\"><strong>Do you want eternal life?<\/strong> Read more...<\/a><\/h4>\n\n\n\n<figure class=\"wp-block-image size-large\"><a href=\"https:\/\/bibelbloggen.se\/wp-content\/uploads\/2025\/01\/Jesus-bjuder-in.png\"><img loading=\"lazy\" decoding=\"async\" width=\"1024\" height=\"483\" src=\"https:\/\/bibelbloggen.se\/wp-content\/uploads\/2025\/01\/Jesus-bjuder-in-1024x483.png\" alt=\"\" class=\"wp-image-1940\" srcset=\"https:\/\/bibelbloggen.se\/wp-content\/uploads\/2025\/01\/Jesus-bjuder-in-1024x483.png 1024w, https:\/\/bibelbloggen.se\/wp-content\/uploads\/2025\/01\/Jesus-bjuder-in-300x142.png 300w, https:\/\/bibelbloggen.se\/wp-content\/uploads\/2025\/01\/Jesus-bjuder-in-768x363.png 768w, https:\/\/bibelbloggen.se\/wp-content\/uploads\/2025\/01\/Jesus-bjuder-in-1536x725.png 1536w, https:\/\/bibelbloggen.se\/wp-content\/uploads\/2025\/01\/Jesus-bjuder-in.png 1703w\" sizes=\"auto, (max-width: 1024px) 100vw, 1024px\" \/><\/a><\/figure>","protected":false},"excerpt":{"rendered":"<p>Till varje Jehovas vittne Jag \u00e4lskar dig, och d\u00e4rf\u00f6r vill jag dela n\u00e5gra viktiga tankar med dig. Om du har vuxit upp inom, eller kommit i kontakt med Jehovas vittnen, vet du hur \u00f6vertygande deras budskap kan vara. De \u00e4r engagerade, organiserade, och deras undervisning presenteras p\u00e5 m\u00e5nga olika spr\u00e5k och p\u00e5 ett s\u00e4tt som [&hellip;]<\/p>\n","protected":false},"author":2,"featured_media":0,"parent":0,"menu_order":0,"comment_status":"closed","ping_status":"closed","template":"","meta":{"footnotes":""},"class_list":["post-1000","page","type-page","status-publish","hentry"],"_links":{"self":[{"href":"https:\/\/bibelbloggen.se\/en\/wp-json\/wp\/v2\/pages\/1000","targetHints":{"allow":["GET"]}}],"collection":[{"href":"https:\/\/bibelbloggen.se\/en\/wp-json\/wp\/v2\/pages"}],"about":[{"href":"https:\/\/bibelbloggen.se\/en\/wp-json\/wp\/v2\/types\/page"}],"author":[{"embeddable":true,"href":"https:\/\/bibelbloggen.se\/en\/wp-json\/wp\/v2\/users\/2"}],"replies":[{"embeddable":true,"href":"https:\/\/bibelbloggen.se\/en\/wp-json\/wp\/v2\/comments?post=1000"}],"version-history":[{"count":43,"href":"https:\/\/bibelbloggen.se\/en\/wp-json\/wp\/v2\/pages\/1000\/revisions"}],"predecessor-version":[{"id":2343,"href":"https:\/\/bibelbloggen.se\/en\/wp-json\/wp\/v2\/pages\/1000\/revisions\/2343"}],"wp:attachment":[{"href":"https:\/\/bibelbloggen.se\/en\/wp-json\/wp\/v2\/media?parent=1000"}],"curies":[{"name":"wp","href":"https:\/\/api.w.org\/{rel}","templated":true}]}}