{"id":1406,"date":"2025-09-24T15:23:45","date_gmt":"2025-09-24T13:23:45","guid":{"rendered":"https:\/\/bibelbloggen.se\/?page_id=1406"},"modified":"2025-09-24T22:26:14","modified_gmt":"2025-09-24T20:26:14","slug":"hur-ofta-ska-man-minnas-jesu-dod","status":"publish","type":"page","link":"https:\/\/bibelbloggen.se\/en\/hur-ofta-ska-man-minnas-jesu-dod\/","title":{"rendered":"Hur ofta ska man minnas Jesu d\u00f6d?"},"content":{"rendered":"<p class=\"has-medium-font-size\">Som ett Jehovas vittne, t\u00e4nker man att &#8221;nattvarden&#8221; eller &#8221;\u00e5minnelsen&#8221; som de kallar det, bara ska firas en g\u00e5ng om \u00e5ret. Detta med judarnas p\u00e5skfirande den 14 Nisan i \u00e5tanke, som instiftades f\u00f6r att minnas israeliternas utt\u00e5g ur Egypten f\u00f6r ca 3400 \u00e5r sedan. <\/p>\n\n\n\n<p class=\"has-medium-font-size\">Men d\u00e5 \u00e4r fr\u00e5gan, \u00e4r det judarnas p\u00e5sk vi firar som kristna, eller \u00e4r det en helt ny sedv\u00e4nja, instiftad av Jesus sj\u00e4lv med betydligt fler motiv och konsekvenser, \u00e4n firandet av israeliternas utt\u00e5g ur Egypten? L\u00e5t oss se.<\/p>\n\n\n\n<p>N\u00e4r Jesus instiftade den sista m\u00e5ltiden, kom han med helt ny undervisning om den nya f\u00f6delsen och det kommande utgjutandet av den Helige Ande. Detta var apostlarna inte redo att f\u00f6rst\u00e5 just d\u00e5 (Joh.16:12). Men l\u00e4ngre fram, n\u00e4r den Helige Ande var utgjuten, hj\u00e4lpte han dem och s\u00e4rskilt Paulus, att f\u00f6rst\u00e5 allting (Joh 16:13; Ef 3:2-5). <\/p>\n\n\n\n<p>Den hemlighet som varit dold f\u00f6r profeterna genom historien, var att Gud hade beslutat att l\u00e5ta m\u00e4nskligheten med sin syndiga natur, d\u00f6 med Kristus, f\u00f6r att sedan uppst\u00e5 med Kristus, till ett nytt liv i helighet och r\u00e4ttf\u00e4rdighet fr\u00e5n Gud. (Rom 6:3-8, 18) Det m\u00e4nniskan inte hade klarat av i egen kraft, att leva upp till Guds lag, det gjorde Kristus f\u00f6r henne (Rom 3:20, 24). P\u00e5 korset skedde s\u00e5 &#8221;det saliga bytet&#8221;, Kristus tog alla m\u00e4nniskors skam, skuld, synd, sjukdom, f\u00f6rbannelse och d\u00f6d, p\u00e5 sig (Jes 53:3-5, Rom 4:25). Tillbaka fick vi hans oskuld, hans liv, hans r\u00e4ttf\u00e4rdighet och &#8221;all den himmelska v\u00e4rldens andliga v\u00e4lsignelse&#8221; (Rom 5:1-2; Ef 1:3 SKB). Som kristna \u00e4r vi nu medlemmar av Guds familj och barn och arvingar till Gud, genom att Guds s\u00e4d, Jesus Kristus blivit placerad i oss och f\u00f6tt oss p\u00e5 nytt (Joh 1:12,13). Som troende \u00e4r vi ocks\u00e5 placerade i Kristus Jesus och \u00e4r nu delar av hans kropp (Kol 3:15; 1 Kor 11:17). <\/p>\n\n\n\n<h4 class=\"wp-block-heading\">En djupare inneb\u00f6rd idag?<\/h4>\n\n\n\n<p>Varf\u00f6r ber\u00e4ttar jag allt detta? Det finns mycket mer att s\u00e4ga om det, men det jag vill fokusera p\u00e5 nu \u00e4r att jag tror att den m\u00e5ltid Jesus instiftade, b\u00e4r en s\u00e5 mycket djupare inneb\u00f6rd \u00e4n det ursprungliga firandet av p\u00e5sken. Jesus sa:<\/p>\n\n\n\n<blockquote class=\"wp-block-quote is-layout-flow wp-block-quote-is-layout-flow\">\n<p>&#8221;Jag s\u00e4ger er sanningen: Om ni inte \u00e4ter M\u00e4nniskosonens k\u00f6tt och dricker hans blod har ni inte liv i er.&nbsp;Den som \u00e4ter mitt k\u00f6tt och dricker mitt blod har evigt liv, och jag ska l\u00e5ta honom uppst\u00e5 p\u00e5 den yttersta dagen.&nbsp;Mitt k\u00f6tt \u00e4r verklig mat och mitt blod \u00e4r verklig dryck.&nbsp;Den som \u00e4ter mitt k\u00f6tt och dricker mitt blod f\u00f6rblir i mig och jag i honom.&nbsp;Liksom den levande Fadern har s\u00e4nt mig och jag lever genom Fadern, ska ocks\u00e5 den som \u00e4ter mig leva genom mig.&nbsp;Detta \u00e4r br\u00f6det som har kommit ner fr\u00e5n himlen, inte som det br\u00f6d f\u00e4derna \u00e5t och sedan dog. Den som \u00e4ter det h\u00e4r br\u00f6det ska leva i evighet.&#8221; (Johannes 6:54-58)<\/p>\n<\/blockquote>\n\n\n\n<hr class=\"wp-block-separator has-alpha-channel-opacity\"\/>\n\n\n\n<h3 class=\"wp-block-heading\">Hur ofta?<\/h3>\n\n\n\n<p>Jesus sa: &#8221;S\u00e5 ofta ni \u00e4ter detta br\u00f6d och dricker denna b\u00e4gare f\u00f6rkunnar ni Herrens d\u00f6d till dess han kommer&#8221;. Han sa inte &#8221;En g\u00e5ng om \u00e5ret n\u00e4r ni samlas&#8230;&#8221; Nej, han sa: &#8221;S\u00e5 ofta ni&#8230;&#8221; Det betyder att de f\u00f6rsta kristna kunde tr\u00e4ffas och fira Herrens m\u00e5ltid flera g\u00e5nger om \u00e5ret, kanske rentav varje g\u00e5ng de samlades, vilket faktiskt skriften antyder att de gjorde (1 Kor 11:20-21). Och s\u00e5 ofta som de gjorde det, gjorde de det f\u00f6r att minnas det fantastiska Gud gjort genom Jesus, &#8221;att sammanfatta allting i Kristus, b\u00e5de i himlen och p\u00e5 jorden&#8221; (Ef 1:10). De f\u00f6rsta kristna tr\u00e4ffades och delade &#8221;m\u00e5ltiden&#8221; p\u00e5 Herrens dag, dvs dagen f\u00f6r hans uppst\u00e5ndelse, vilken var en s\u00f6ndag. D\u00e4rf\u00f6r firas ocks\u00e5 nattvarden i kyrkorna om s\u00f6ndagarna.<\/p>\n\n\n\n<hr class=\"wp-block-separator has-alpha-channel-opacity\"\/>\n\n\n\n<h3 class=\"wp-block-heading\">Kan man fira hemma?<\/h3>\n\n\n\n<p>N\u00e4sta fr\u00e5ga \u00e4r d\u00e5, kan man fira nattvarden i kyrkan enbart, eller kan man g\u00f6ra det hemma, tillsammans med sin familj eller rentav ensam? Eller m\u00e5ste man, som katolska kyrkan s\u00e4ger, ta emot br\u00f6det och vinet av en speciellt ordinerad pr\u00e4st?<\/p>\n\n\n\n<p>Under det tid d\u00e5 Corona f\u00f6rvisade de flesta till hemmets lugna vr\u00e5, var det en fr\u00e5ga av s\u00e4rskilt stor vikt och intresse. Om man ser p\u00e5 hur Jesus och de f\u00f6rsta krsitna delade denna m\u00e5ltid tillsammans, var det helt utan kyrkligt formella cermemonier, utan i hemmen, i tro och i all enkelhet.<\/p>\n\n\n\n<p>Att fira nattvarden, eller gemenskapsm\u00e5ltiden som jag hellre vill kalla det, handlar om att vara i gemenskap med Jesus sj\u00e4lv p\u00e5 ett alldeles s\u00e4rskilt s\u00e4tt. Varje g\u00e5ng vi firar denna m\u00e5ltid, g\u00f6r vi det f\u00f6r att \u00e4ra och prisa honom och det \u00e4r ocks\u00e5 en stark markering i den andliga v\u00e4rlden, en bek\u00e4nnelse om vem vi tror p\u00e5 och en proklamation om vems sida vi st\u00e5r p\u00e5. D\u00e4rf\u00f6r tror jag att det \u00e4r av yttersta vikt att kunna ha den h\u00e4r gemenskapm\u00e5ltiden s\u00e5 ofta som m\u00f6jligt, inte bara n\u00e5gon g\u00e5ng i m\u00e5naden eller max varannan vecka, n\u00e4r kyrkan firar nattvard. F\u00f6r den h\u00e4r m\u00e4ktiga ceremonin \u00e4r en del i v\u00e5r andliga krigf\u00f6ring och kan ge seger i v\u00e5ra liv, p\u00e5 det ena omr\u00e5det efter det andra. <\/p>\n\n\n\n<p>Men framf\u00f6r allt \u00e4r vi i gemenskap med v\u00e5r Herre och Fr\u00e4lsare p\u00e5 ett alldeles s\u00e4rskilt s\u00e4tt, d\u00e5 vi urskiljer att det br\u00f6d vi \u00e4ter \u00e4r hans egen syndfria kropp &#8211; till helande och uppr\u00e4ttelse f\u00f6r hela v\u00e5r m\u00e4nniska inifr\u00e5n och ut. Vi l\u00e4r k\u00e4nna Honom som \u00e4r v\u00e4gen, sanningen och livet p\u00e5 ett intimt s\u00e4tt och m\u00f6ter honom hj\u00e4rta till hj\u00e4rta. N\u00e4r vi inser att vi genom den h\u00e4r vackra ceremonin fokuserar p\u00e5 hur Jesus kan v\u00e4xa i v\u00e5ra liv och i v\u00e5ra kroppar och vi sj\u00e4lva minska s\u00e5 att Anden blir starkare \u00e4n k\u00f6ttet, kan det bli andlig mat f\u00f6r oss som vi dagligen kommer att l\u00e4ngta efter.<\/p>\n\n\n\n<p>Till sist vill jag s\u00e4ga att Jehovas vittnen helt har missat det djupare syftet med nattvarden, att ha gemenskap med Herren Jesus Kristus &#8211; eftersom de varken accepterar Honom som Gud och eller vill be till och umg\u00e5s med Honom personligen. Det \u00e4r tyv\u00e4rr en sv\u00e5r st\u00f6ld av den styrande kretsen, att f\u00f6rv\u00e4gra Jehovas vittnen att f\u00e5 uppleva den g\u00e5va det \u00e4r att f\u00e5 umg\u00e5s med Herren p\u00e5 det h\u00e4r intima s\u00e4ttet. L\u00e5t oss be f\u00f6r att Gud ska \u00f6ppna deras \u00f6gon f\u00f6r den verklighet som \u00e4r Jesus Kristus, som ger oss liv, helande och uppr\u00e4ttelse &#8211; i sig sj\u00e4lv. <\/p>\n\n\n\n<p><\/p>\n\n\n\n<h4 class=\"wp-block-heading\">Utforska mer:<\/h4>\n\n\n\n<h5 class=\"wp-block-heading\"><a href=\"https:\/\/bibelbloggen.se\/en\/arkiv\/2446\/\" data-type=\"post\" data-id=\"2446\" rel=\"nofollow\">En guide till att fira gemenskapsm\u00e5ltiden hemma<\/a><\/h5>\n\n\n\n<p><\/p>\n\n\n\n<p><\/p>\n\n\n\n<p><\/p>","protected":false},"excerpt":{"rendered":"<p>Som ett Jehovas vittne, t\u00e4nker man att &#8221;nattvarden&#8221; eller &#8221;\u00e5minnelsen&#8221; som de kallar det, bara ska firas en g\u00e5ng om \u00e5ret. Detta med judarnas p\u00e5skfirande den 14 Nisan i \u00e5tanke, som instiftades f\u00f6r att minnas israeliternas utt\u00e5g ur Egypten f\u00f6r ca 3400 \u00e5r sedan. Men d\u00e5 \u00e4r fr\u00e5gan, \u00e4r det judarnas p\u00e5sk vi firar som [&hellip;]<\/p>\n","protected":false},"author":2,"featured_media":1411,"parent":0,"menu_order":0,"comment_status":"closed","ping_status":"closed","template":"","meta":{"footnotes":""},"class_list":["post-1406","page","type-page","status-publish","has-post-thumbnail","hentry"],"_links":{"self":[{"href":"https:\/\/bibelbloggen.se\/en\/wp-json\/wp\/v2\/pages\/1406","targetHints":{"allow":["GET"]}}],"collection":[{"href":"https:\/\/bibelbloggen.se\/en\/wp-json\/wp\/v2\/pages"}],"about":[{"href":"https:\/\/bibelbloggen.se\/en\/wp-json\/wp\/v2\/types\/page"}],"author":[{"embeddable":true,"href":"https:\/\/bibelbloggen.se\/en\/wp-json\/wp\/v2\/users\/2"}],"replies":[{"embeddable":true,"href":"https:\/\/bibelbloggen.se\/en\/wp-json\/wp\/v2\/comments?post=1406"}],"version-history":[{"count":5,"href":"https:\/\/bibelbloggen.se\/en\/wp-json\/wp\/v2\/pages\/1406\/revisions"}],"predecessor-version":[{"id":2458,"href":"https:\/\/bibelbloggen.se\/en\/wp-json\/wp\/v2\/pages\/1406\/revisions\/2458"}],"wp:featuredmedia":[{"embeddable":true,"href":"https:\/\/bibelbloggen.se\/en\/wp-json\/wp\/v2\/media\/1411"}],"wp:attachment":[{"href":"https:\/\/bibelbloggen.se\/en\/wp-json\/wp\/v2\/media?parent=1406"}],"curies":[{"name":"wp","href":"https:\/\/api.w.org\/{rel}","templated":true}]}}