{"id":199,"date":"2016-04-27T21:26:06","date_gmt":"2016-04-27T19:26:06","guid":{"rendered":"https:\/\/bibelbloggen.se\/?page_id=199"},"modified":"2018-01-27T09:37:26","modified_gmt":"2018-01-27T07:37:26","slug":"nutida-vittnesbord","status":"publish","type":"page","link":"https:\/\/bibelbloggen.se\/en\/vad-lar-bibeln-om-helande-i-var-tid\/nutida-vittnesbord\/","title":{"rendered":"Nutida vittnesb\u00f6rd"},"content":{"rendered":"<p style=\"text-align: center;\"><a href=\"https:\/\/bibelbloggen.se\/wp-content\/uploads\/2016\/04\/Jag-vill-bli-ren.jpeg\"><img loading=\"lazy\" decoding=\"async\" class=\"alignnone wp-image-306 size-medium\" src=\"https:\/\/bibelbloggen.se\/wp-content\/uploads\/2016\/04\/Jag-vill-bli-ren-189x300.jpeg\" alt=\"Jag vill, bli ren\" width=\"189\" height=\"300\" srcset=\"https:\/\/bibelbloggen.se\/wp-content\/uploads\/2016\/04\/Jag-vill-bli-ren-189x300.jpeg 189w, https:\/\/bibelbloggen.se\/wp-content\/uploads\/2016\/04\/Jag-vill-bli-ren-171x270.jpeg 171w, https:\/\/bibelbloggen.se\/wp-content\/uploads\/2016\/04\/Jag-vill-bli-ren.jpeg 600w\" sizes=\"auto, (max-width: 189px) 100vw, 189px\" \/><\/a><\/p>\n<p>Ber\u00e4ttelserna i Bibeln om de underverk som Jesus utf\u00f6rde, ber\u00f6r lika starkt varje g\u00e5ng man l\u00e4ser dem.\u00a0F\u00f6ljande vittnesb\u00f6rd \u00e4r kort och enkelt, men just d\u00e4rf\u00f6r ocks\u00e5 s\u00e5 kraftfullt:<\/p>\n<blockquote><p><span class=\"verse v12\" data-usfm=\"LUK.5.12\"><span class=\"content\">&#8221;N\u00e4r han var i en av st\u00e4derna stod d\u00e4r en man som var full av spet\u00e4lska. Han fick se Jesus och kastade sig till marken framf\u00f6r honom och bad: &#8217;Herre, vill du, s\u00e5 kan du g\u00f6ra mig ren.&#8217;\u00a0<\/span><\/span><span class=\"verse v13 selected\" data-usfm=\"LUK.5.13\"><span class=\"content\">Jesus str\u00e4ckte ut handen, r\u00f6rde vid honom och sade: &#8217;Jag vill. Bli ren!&#8217; Genast f\u00f6rsvann spet\u00e4lskan.&#8221; &#8211;<a href=\"https:\/\/www.bible.com\/sv\/bible\/154\/LUK.5.12-14\" target=\"_blank\" rel=\"noopener\">Luke 5:12,13<\/a><\/span><\/span><\/p><\/blockquote>\n<div class=\"p\">\u00a0\u00c4ven i v\u00e5r tid finns ber\u00e4ttelser om hur Jesus helar.\u00a0Han \u00e4r densamma idag som han var n\u00e4r han gick p\u00e5 jorden och har samma \u00f6nskan att l\u00e4ka m\u00e4nniskor och hj\u00e4lpa dem att \u00e4ndra sinne.<\/div>\n<div class=\"p\"><\/div>\n<div class=\"p\"><\/div>\n<div class=\"p\"><a href=\"https:\/\/bibelbloggen.se\/wp-content\/uploads\/2016\/04\/Himlen-3.jpg\"><img loading=\"lazy\" decoding=\"async\" class=\"wp-image-240 size-large aligncenter\" src=\"https:\/\/bibelbloggen.se\/wp-content\/uploads\/2016\/04\/Himlen-3-1024x349.jpg\" width=\"640\" height=\"218\" srcset=\"https:\/\/bibelbloggen.se\/wp-content\/uploads\/2016\/04\/Himlen-3-1024x349.jpg 1024w, https:\/\/bibelbloggen.se\/wp-content\/uploads\/2016\/04\/Himlen-3-300x102.jpg 300w, https:\/\/bibelbloggen.se\/wp-content\/uploads\/2016\/04\/Himlen-3-768x262.jpg 768w, https:\/\/bibelbloggen.se\/wp-content\/uploads\/2016\/04\/Himlen-3-604x206.jpg 604w, https:\/\/bibelbloggen.se\/wp-content\/uploads\/2016\/04\/Himlen-3.jpg 1048w\" sizes=\"auto, (max-width: 640px) 100vw, 640px\" \/><\/a><\/div>\n<div class=\"p\">\n<blockquote><p><span class=\"content\">\"Jesus Christ is the same yesterday and today and forever.\" -<a href=\"https:\/\/www.bible.com\/bible\/1223\/heb.13.8.sfb15\" target=\"_blank\" rel=\"noopener\">Hebrews 13:8<\/a><\/span><\/p><\/blockquote>\n<p>It is also said that Jesus' disciples would perform the same miracles that he performed and greater things, that he would send his spirit and be with his disciples all days until the end.<\/p>\n<blockquote>\n<p align=\"LEFT\">\"Truly, I say to you, whoever believes in me will do works like me, and even greater works. For I go to the Father, and whatever you ask in my name I will do, so that the Father may be glorified through the Son. If you ask anything in my name, I will do it.\" -John 14:12-14 B2000<\/p>\n<p align=\"LEFT\">\"They shall lay hands on the sick, and they shall recover.\" -Mark.16:18<\/p>\n<p align=\"LEFT\">&#8221;<span class=\"verse v15\" data-usfm=\"MRK.16.15\"><span class=\"content\">G\u00e5 ut i hela v\u00e4rlden och f\u00f6rkunna evangeliet f\u00f6r hela skapelsen. <\/span><\/span><span class=\"verse v16\" data-usfm=\"MRK.16.16\"><span class=\"content\">Den som tror och blir d\u00f6pt ska bli fr\u00e4lst &#8230;\u00a0<\/span><\/span><span class=\"verse v17\" data-usfm=\"MRK.16.17\"><span class=\"content\">Dessa tecken ska f\u00f6lja dem som tror: I mitt namn ska de driva ut onda andar. &#8230;\u00a0<\/span><\/span><span class=\"verse v18\" data-usfm=\"MRK.16.18\"><span class=\"content\">De ska l\u00e4gga h\u00e4nderna p\u00e5 sjuka, och de ska bli friska.&#8221; &#8211;<\/span><\/span>Markus 16:15-18<\/p>\n<p align=\"LEFT\">\"I am with you always, to the end of the age.\" -Matthew 28:20<\/p>\n<\/blockquote>\n<\/div>\n<hr \/>\n<p>F\u00f6ljande ber\u00e4ttelser\u00a0fr\u00e5n fd Sovjetunionen, \u00f6stra Europa och Kina \u00e4r h\u00e4mtade fr\u00e5n Slaviska Missionens bok &#8221;Gud g\u00f6r under&#8221; och som gavs ut \u00e5r 1993 och visar att ovanst\u00e5ende skriftst\u00e4llen \u00e4r sanna. De \u00e4r enkla till sin karakt\u00e4r, precis som vittnesb\u00f6rdet i Lukas om den spet\u00e4lske mannen och vittnar precis som den, om stor trov\u00e4rdighet.<\/p>\n<hr \/>\n<p style=\"padding-left: 30px;\"><a href=\"https:\/\/bibelbloggen.se\/en\/12-ariga-galja-botades-fran-cancer\/\"><img loading=\"lazy\" decoding=\"async\" class=\"alignnone size-full wp-image-242\" src=\"https:\/\/bibelbloggen.se\/wp-content\/uploads\/2016\/04\/Kvadrat-Flicka-sjuk.jpg\" alt=\"Kvadrat Flicka sjuk\" width=\"200\" height=\"200\" srcset=\"https:\/\/bibelbloggen.se\/wp-content\/uploads\/2016\/04\/Kvadrat-Flicka-sjuk.jpg 200w, https:\/\/bibelbloggen.se\/wp-content\/uploads\/2016\/04\/Kvadrat-Flicka-sjuk-150x150.jpg 150w\" sizes=\"auto, (max-width: 200px) 100vw, 200px\" \/><\/a>\u00a0<a href=\"https:\/\/bibelbloggen.se\/en\/12-ariga-galja-botades-fran-cancer\/\">&#8221;<strong>12-\u00e5riga Galja botades fr\u00e5n cancer&#8221;<\/strong><\/a><\/p>\n<p style=\"padding-left: 30px;\"><a href=\"https:\/\/bibelbloggen.se\/en\/12-ariga-galja-botades-fran-cancer\/\"><span style=\"font-weight: 400;\">In the summer of 1988, a family from Kharkov came to visit the autonomous Pentecostal church in Kiev, Ukraine. The family's 12-year-old daughter Galya had a serious illness, connective tissue cancer...<\/span><\/a><\/p>\n<hr \/>\n<p style=\"padding-left: 30px;\"><strong><a href=\"https:\/\/bibelbloggen.se\/en\/partisekreterare-helad-och-omvand\/\"><img loading=\"lazy\" decoding=\"async\" class=\"alignnone size-full wp-image-243\" src=\"https:\/\/bibelbloggen.se\/wp-content\/uploads\/2016\/04\/Kvadrat-Nose.jpg\" alt=\"Kvadrat Nose\" width=\"200\" height=\"200\" srcset=\"https:\/\/bibelbloggen.se\/wp-content\/uploads\/2016\/04\/Kvadrat-Nose.jpg 200w, https:\/\/bibelbloggen.se\/wp-content\/uploads\/2016\/04\/Kvadrat-Nose-150x150.jpg 150w\" sizes=\"auto, (max-width: 200px) 100vw, 200px\" \/><\/a>\u00a0<a href=\"https:\/\/bibelbloggen.se\/en\/partisekreterare-helad-och-omvand\/\">&#8221;<\/a><\/strong><a href=\"https:\/\/bibelbloggen.se\/en\/partisekreterare-helad-och-omvand\/\"><strong>Partisekreterare helad och omv\u00e4nd&#8221;<\/strong><\/a><\/p>\n<p style=\"padding-left: 30px;\"><a href=\"https:\/\/bibelbloggen.se\/en\/partisekreterare-helad-och-omvand\/\"><span style=\"font-weight: 400;\">En partisekreterare i Kina, som f\u00f6rf\u00f6ljt kristna, fick cancer i n\u00e4san. Hela hans ansikte svullnade upp och han hade konstant n\u00e4sblod&#8230;\u00a0<\/span><\/a><\/p>\n<hr \/>\n<p style=\"text-align: justify; padding-left: 30px;\"><strong><a href=\"https:\/\/bibelbloggen.se\/en\/de-litade-pa-att-gud-visste-bast\/\"><img loading=\"lazy\" decoding=\"async\" class=\"alignnone size-medium wp-image-244\" src=\"https:\/\/bibelbloggen.se\/wp-content\/uploads\/2016\/04\/Kvadrat-Wheelchair.jpg\" alt=\"Kvadrat Wheelchair\" width=\"200\" height=\"200\" srcset=\"https:\/\/bibelbloggen.se\/wp-content\/uploads\/2016\/04\/Kvadrat-Wheelchair.jpg 200w, https:\/\/bibelbloggen.se\/wp-content\/uploads\/2016\/04\/Kvadrat-Wheelchair-150x150.jpg 150w\" sizes=\"auto, (max-width: 200px) 100vw, 200px\" \/><\/a>\u00a0<a href=\"https:\/\/bibelbloggen.se\/en\/de-litade-pa-att-gud-visste-bast\/\">&#8221;<\/a><\/strong><a href=\"https:\/\/bibelbloggen.se\/en\/de-litade-pa-att-gud-visste-bast\/\"><strong>Bruden i rullstol&#8221;<\/strong><\/a><\/p>\n<p style=\"padding-left: 30px;\"><a href=\"https:\/\/bibelbloggen.se\/en\/de-litade-pa-att-gud-visste-bast\/\"><span style=\"font-weight: 400;\">F\u00f6ljande ber\u00e4ttelse \u00e4gde rum i en liten stad n\u00e4ra \u00a0Moskva. En troende kvinna hade en mycket vacker giftasvuxen son. Modern, som var \u00e4nka, hoppade att sonen skulle gifta sig med en frisk och stark kvinna&#8230;<\/span><\/a><\/p>","protected":false},"excerpt":{"rendered":"<p>Ber\u00e4ttelserna i Bibeln om de underverk som Jesus utf\u00f6rde, ber\u00f6r lika starkt varje g\u00e5ng man l\u00e4ser dem.\u00a0F\u00f6ljande vittnesb\u00f6rd \u00e4r kort och enkelt, men just d\u00e4rf\u00f6r ocks\u00e5 s\u00e5 kraftfullt: &#8221;N\u00e4r han var i en av st\u00e4derna stod d\u00e4r en man som var full av spet\u00e4lska. Han fick se Jesus och kastade sig till marken framf\u00f6r honom [&hellip;]<\/p>\n","protected":false},"author":2,"featured_media":0,"parent":147,"menu_order":0,"comment_status":"closed","ping_status":"closed","template":"","meta":{"footnotes":""},"class_list":["post-199","page","type-page","status-publish","hentry"],"_links":{"self":[{"href":"https:\/\/bibelbloggen.se\/en\/wp-json\/wp\/v2\/pages\/199","targetHints":{"allow":["GET"]}}],"collection":[{"href":"https:\/\/bibelbloggen.se\/en\/wp-json\/wp\/v2\/pages"}],"about":[{"href":"https:\/\/bibelbloggen.se\/en\/wp-json\/wp\/v2\/types\/page"}],"author":[{"embeddable":true,"href":"https:\/\/bibelbloggen.se\/en\/wp-json\/wp\/v2\/users\/2"}],"replies":[{"embeddable":true,"href":"https:\/\/bibelbloggen.se\/en\/wp-json\/wp\/v2\/comments?post=199"}],"version-history":[{"count":1,"href":"https:\/\/bibelbloggen.se\/en\/wp-json\/wp\/v2\/pages\/199\/revisions"}],"predecessor-version":[{"id":2247,"href":"https:\/\/bibelbloggen.se\/en\/wp-json\/wp\/v2\/pages\/199\/revisions\/2247"}],"up":[{"embeddable":true,"href":"https:\/\/bibelbloggen.se\/en\/wp-json\/wp\/v2\/pages\/147"}],"wp:attachment":[{"href":"https:\/\/bibelbloggen.se\/en\/wp-json\/wp\/v2\/media?parent=199"}],"curies":[{"name":"wp","href":"https:\/\/api.w.org\/{rel}","templated":true}]}}