{"id":2,"date":"2016-04-09T21:10:35","date_gmt":"2016-04-09T21:10:35","guid":{"rendered":"https:\/\/bibelbloggen.se\/?page_id=2"},"modified":"2025-06-30T14:57:32","modified_gmt":"2025-06-30T12:57:32","slug":"about","status":"publish","type":"page","link":"https:\/\/bibelbloggen.se\/en\/about\/","title":{"rendered":"Not about me"},"content":{"rendered":"<figure class=\"wp-block-audio\"><audio controls src=\"https:\/\/bibelbloggen.se\/wp-content\/uploads\/2023\/08\/Hej-1.mp3\"><\/audio><\/figure>\n\n\n\n<div class=\"wp-block-group is-layout-flow wp-block-group-is-layout-flow\">\n<div class=\"wp-block-group is-layout-flow wp-block-group-is-layout-flow\">\n<h2 class=\"wp-block-heading has-text-align-center has-huge-font-size\"><em>Hej och v\u00e4lkommen!<\/em><\/h2>\n\n\n\n<p><\/p>\n\n\n\n<h3 class=\"wp-block-heading\" style=\"line-height:1.8\">Det h\u00e4r \u00e4r en blogg som <span style=\"text-decoration: underline;\">inte<\/span> handlar om mig och mitt liv, utan&nbsp;om Jesus och vad han redan har gjort, g\u00f6r och vill g\u00f6ra f\u00f6r Dig och ditt liv. Jag kommer ber\u00e4tta lite grann&nbsp;om mig ocks\u00e5, men det \u00e4r mest&nbsp;f\u00f6r att ge en bakgrund och en inramning till det jag vill dela med dig. <a rel=\"noreferrer noopener\" href=\"https:\/\/bibelbloggen.se\/en\/2018\/07\/29\/mitt-stenhjarta-fick-nytt-liv\/\" target=\"_blank\">Mitt vittnesb\u00f6rd<\/a> handlar t.ex. om hur jag som det bortsprungna svarta f\u00e5ret, hittades och togs upp i den gode Herdens famn. Och varf\u00f6r jag ber\u00e4ttar om det \u00e4r f\u00f6r att visa dig, att det kan h\u00e4nda dig ocks\u00e5!<\/h3>\n\n\n\n<p><\/p>\n\n\n\n<p>Syftet med den h\u00e4r sidan \u00e4r att vara en andlig hj\u00e4lp f\u00f6r dig i en v\u00e4rld som nu skakas i sina grundvalar. Med bakgrund som ett starkt troende Jehovas vittne i 24 \u00e5r och pionj\u00e4r (heltidsf\u00f6rkunnare) under en period av mitt liv, s\u00e5 kommer n\u00e5gra av de tankar jag tar upp och varf\u00f6r jag tar upp dem, begripas b\u00e4st av dem som \u00e4r eller har varit vittnen.<\/p>\n\n\n\n<p><a href=\"https:\/\/bibelbloggen.se\/en\/2016\/05\/26\/utesluten-ur-jehovas-vittnen\/\">H\u00e4r skriver jag mer f\u00f6rdjupat om varf\u00f6r jag l\u00e4mnade Jehovas vittnen och vilka f\u00f6ljder det gav f\u00f6r mig och ger ocks\u00e5 tr\u00f6stande tankar fr\u00e5n Bibeln till dig som ocks\u00e5 gjort det eller som funderar p\u00e5 att g\u00f6ra det.<\/a> Men \u00e4ven du som k\u00e4nner dig hemma i ett annat sammanhang eller som \u00e4nnu inte vet vad du ska tro p\u00e5, har ocks\u00e5 hj\u00e4lp av de resurser jag kommer att dela h\u00e4r.<\/p>\n\n\n\n<p>Du kommer hitta starka vittnesb\u00f6rd fr\u00e5n v\u00e5r egen, moderna tid och artiklar om vad Bibeln verkligen l\u00e4r i olika fr\u00e5gor, med en m\u00e4ngd skriftst\u00e4llen som kan ligga till grund f\u00f6r ditt eget bibelstudium. Det som ligger mig varmast om hj\u00e4rtat \u00e4r dock att du ska f\u00e5 m\u00f6jlighet att l\u00e4ra k\u00e4nna din verklige Fader och Jesus Kristus, hans Son.<\/p>\n\n\n\n<p>Min slogan f\u00f6r den h\u00e4r sidan, &#8221;Ljuset blir klarare&#8221;, blickar faktiskt tillbaka p\u00e5 mitt liv som Jehovas vittne, d\u00e5 jag ofta fick h\u00f6ra just dessa ord i f\u00f6rh\u00e5llande till vittnenas l\u00e4ra, som hela tiden f\u00f6r\u00e4ndrades allteftersom verkligheten kom ikapp den.<\/p>\n\n\n\n<p>Men \u00e4r det inte s\u00e5 att i v\u00e5rt personliga liv, \u00e4r var och en av oss p\u00e5 en resa, f\u00f6rhoppningsvis mot h\u00f6gre h\u00f6jder f\u00f6r varje ny erfarenhet? D\u00e4r blir ocks\u00e5 ljuset klarare och klarare precis som Salomo sa:<\/p>\n\n\n\n<blockquote class=\"wp-block-quote is-layout-flow wp-block-quote-is-layout-flow\">\n<p>&#8221;De r\u00e4ttf\u00e4rdigas stig \u00e4r lik gryningens ljus, som v\u00e4xer i klarhet tills det \u00e4r full dag&#8221;. (<a href=\"http:\/\/wol.jw.org\/sv\/wol\/b\/r14\/lp-z\/Rbi8\/Z\/2003\/20\/4#h=22:332-22:428\">Ordspr\u00e5ken 4:18)<\/a><\/p>\n<\/blockquote>\n\n\n\n<p>Min erfarenhet \u00e4r att all verklig insikt kommer av att ha kontakt med den som \u00e4r k\u00e4llan till den. N\u00e4r vi k\u00e4nner Gud, kan vi se p\u00e5 v\u00e4rlden med hans \u00f6gon och vara verkligt upplysta, som David skrev:<\/p>\n\n\n\n<blockquote class=\"wp-block-quote is-layout-flow wp-block-quote-is-layout-flow\">\n<p><span id=\"v19-36-9-1\" class=\"v\">&#8221;Hos dig \u00e4r livets k\u00e4lla,&nbsp;<\/span><span id=\"v19-36-9-2\" class=\"v\">i ditt ljus&nbsp;ser vi ljus.&#8221; (<a href=\"http:\/\/wol.jw.org\/sv\/wol\/b\/r14\/lp-z\/Rbi8\/Z\/2003\/19\/36#h=569:0-570:0\">Psalm 36:9)<\/a><\/span><\/p>\n<\/blockquote>\n\n\n\n<p>Idag lever vi i en v\u00e4rld full av andligt s\u00f6kande, med m\u00e5nga gurus och andliga ledare och m\u00e5nga s\u00e4ger att alla dessa v\u00e4gar leder till Gud. Men \u00e4r det sant? Var kan vi hitta det verkliga ljuset som skingrar allt m\u00f6rker? Aposteln Johannes ber\u00e4ttar:<\/p>\n\n\n\n<blockquote class=\"wp-block-quote is-layout-flow wp-block-quote-is-layout-flow\">\n<p>&#8221;Sedan talade Jesus till dem igen och sa: &#8217;Jag \u00e4r v\u00e4rldens ljus. Den som f\u00f6ljer mig beh\u00f6ver inte vandra i m\u00f6rker utan har livets ljus.&#8217;\u201d (<a href=\"https:\/\/wol.jw.org\/sv\/wol\/b\/r14\/lp-z\/nwtsty\/Z\/2018\/43\/8#s=12&amp;study=parallel&amp;v=43:8:12\" target=\"_blank\" rel=\"noopener noreferrer\">Johannes 8:12)<\/a><\/p>\n<\/blockquote>\n\n\n\n<p>Bibeln ger oss hopp och s\u00e4ger att Guds Ord, Jesus &#8221;\u00e4r v\u00e4rldens ljus&#8221; som lyser upp en m\u00e4nniskas liv, tidigare s\u00e5 h\u00e4rjat av m\u00f6rka skuggor. Jesus som &#8221;den gode Herden&#8221; letar i m\u00f6rkret tills han hittar och tar upp oss med sina trygga armar. D\u00e4r, i hans famn, kan inget m\u00f6rker i v\u00e4rlden skilja&nbsp;oss fr\u00e5n honom och hans k\u00e4rleks ljus.<\/p>\n\n\n\n<p>Jag hoppas att du vill stanna kvar h\u00e4r och att du n\u00e4r du g\u00e5r, vill komma tillbaka. Jag finns h\u00e4r och svarar g\u00e4rna p\u00e5 fr\u00e5gor.<\/p>\n\n\n\n<h3 class=\"wp-block-heading\"><em>Tack f\u00f6r din uppm\u00e4rksamhet!<\/em><\/h3>\n\n\n\n<h3 class=\"wp-block-heading\"><em>\/Ronyah<\/em><\/h3>\n<\/div>\n<\/div>","protected":false},"excerpt":{"rendered":"<p>Hej och v\u00e4lkommen! Det h\u00e4r \u00e4r en blogg som inte handlar om mig och mitt liv, utan&nbsp;om Jesus och vad han redan har gjort, g\u00f6r och vill g\u00f6ra f\u00f6r Dig och ditt liv. Jag kommer ber\u00e4tta lite grann&nbsp;om mig ocks\u00e5, men det \u00e4r mest&nbsp;f\u00f6r att ge en bakgrund och en inramning till det jag vill [&hellip;]<\/p>\n","protected":false},"author":2,"featured_media":19,"parent":0,"menu_order":2,"comment_status":"open","ping_status":"open","template":"","meta":{"footnotes":""},"class_list":["post-2","page","type-page","status-publish","has-post-thumbnail","hentry"],"_links":{"self":[{"href":"https:\/\/bibelbloggen.se\/en\/wp-json\/wp\/v2\/pages\/2","targetHints":{"allow":["GET"]}}],"collection":[{"href":"https:\/\/bibelbloggen.se\/en\/wp-json\/wp\/v2\/pages"}],"about":[{"href":"https:\/\/bibelbloggen.se\/en\/wp-json\/wp\/v2\/types\/page"}],"author":[{"embeddable":true,"href":"https:\/\/bibelbloggen.se\/en\/wp-json\/wp\/v2\/users\/2"}],"replies":[{"embeddable":true,"href":"https:\/\/bibelbloggen.se\/en\/wp-json\/wp\/v2\/comments?post=2"}],"version-history":[{"count":1,"href":"https:\/\/bibelbloggen.se\/en\/wp-json\/wp\/v2\/pages\/2\/revisions"}],"predecessor-version":[{"id":2125,"href":"https:\/\/bibelbloggen.se\/en\/wp-json\/wp\/v2\/pages\/2\/revisions\/2125"}],"wp:featuredmedia":[{"embeddable":true,"href":"https:\/\/bibelbloggen.se\/en\/wp-json\/wp\/v2\/media\/19"}],"wp:attachment":[{"href":"https:\/\/bibelbloggen.se\/en\/wp-json\/wp\/v2\/media?parent=2"}],"curies":[{"name":"wp","href":"https:\/\/api.w.org\/{rel}","templated":true}]}}