{"id":2024,"date":"2025-01-20T23:27:34","date_gmt":"2025-01-20T21:27:34","guid":{"rendered":"https:\/\/bibelbloggen.se\/?page_id=2024"},"modified":"2025-01-21T18:11:57","modified_gmt":"2025-01-21T16:11:57","slug":"upptack-varldens-mest-lasta-bok","status":"publish","type":"page","link":"https:\/\/bibelbloggen.se\/en\/upptack-varldens-mest-lasta-bok\/","title":{"rendered":"Uppt\u00e4ck v\u00e4rldens mest l\u00e4sta bok!"},"content":{"rendered":"<h2 class=\"wp-block-heading\">&#8211; En grundkurs i Bibeln och kristen tro<\/h2>\n\n\n\n<p><strong>Denna sida kommer inom kort!<\/strong><\/p>\n\n\n\n<p>Sign up <a href=\"https:\/\/bibelbloggen.se\/en\/manadsbrevet\/\">m\u00e5nadsbrevet<\/a> s\u00e5 l\u00e4nge, s\u00e5 kommer du snart att f\u00e5 reda p\u00e5 hur du kan anm\u00e4la dig till kursen.<\/p>\n\n\n\n<p><\/p>","protected":false},"excerpt":{"rendered":"<p>&#8211; En grundkurs i Bibeln och kristen tro Denna sida kommer inom kort! Anm\u00e4l dig till m\u00e5nadsbrevet s\u00e5 l\u00e4nge, s\u00e5 kommer du snart att f\u00e5 reda p\u00e5 hur du kan anm\u00e4la dig till kursen.<\/p>","protected":false},"author":2,"featured_media":0,"parent":0,"menu_order":0,"comment_status":"closed","ping_status":"closed","template":"","meta":{"footnotes":""},"class_list":["post-2024","page","type-page","status-publish","hentry"],"_links":{"self":[{"href":"https:\/\/bibelbloggen.se\/en\/wp-json\/wp\/v2\/pages\/2024","targetHints":{"allow":["GET"]}}],"collection":[{"href":"https:\/\/bibelbloggen.se\/en\/wp-json\/wp\/v2\/pages"}],"about":[{"href":"https:\/\/bibelbloggen.se\/en\/wp-json\/wp\/v2\/types\/page"}],"author":[{"embeddable":true,"href":"https:\/\/bibelbloggen.se\/en\/wp-json\/wp\/v2\/users\/2"}],"replies":[{"embeddable":true,"href":"https:\/\/bibelbloggen.se\/en\/wp-json\/wp\/v2\/comments?post=2024"}],"version-history":[{"count":2,"href":"https:\/\/bibelbloggen.se\/en\/wp-json\/wp\/v2\/pages\/2024\/revisions"}],"predecessor-version":[{"id":2031,"href":"https:\/\/bibelbloggen.se\/en\/wp-json\/wp\/v2\/pages\/2024\/revisions\/2031"}],"wp:attachment":[{"href":"https:\/\/bibelbloggen.se\/en\/wp-json\/wp\/v2\/media?parent=2024"}],"curies":[{"name":"wp","href":"https:\/\/api.w.org\/{rel}","templated":true}]}}