{"id":215,"date":"2018-01-02T23:46:47","date_gmt":"2018-01-02T21:46:47","guid":{"rendered":"https:\/\/bibelbloggen.se\/?page_id=215"},"modified":"2025-01-21T18:38:42","modified_gmt":"2025-01-21T16:38:42","slug":"1914-slutet-pa-hedningarnas-tider","status":"publish","type":"page","link":"https:\/\/bibelbloggen.se\/en\/1914-slutet-pa-hedningarnas-tider\/","title":{"rendered":"1914 &#8211; Slutet p\u00e5 hedningarnas tider?"},"content":{"rendered":"<h4>Slutade &#8221;hedningarnas tider&#8221; 1914? Och b\u00f6rjade Jesus Kristus att regera som kung detta \u00e5r? Vad l\u00e4r verkligen Bibeln om Jesu \u00e5terkomst?<\/h4>\n<h4>Detta \u00e4r ett mycket intressant \u00e4mne eftersom grunden f\u00f6r Jehovas vittnen mer eller mindre st\u00e5r och faller med l\u00e4ran om Jesu \u00e5terkomst 1914.<\/h4>\n<h4>Samtidigt \u00e4r Bibeln mycket tydlig och h\u00e4r st\u00e5r ord mot ord. I denna artikel presenterar jag kortfattat den v\u00e4lgrundade kritiken mot Jehovas vittnens l\u00e4ra.<\/h4>\n<hr \/>\n<p>F\u00f6r den som vill g\u00e5 p\u00e5 djupet vill jag rekommendera en mycket v\u00e4lgrundad och v\u00e4lskriven <a href=\"http:\/\/www.kristenfrihet.se\/hedtider\/innehall.htm\" target=\"_blank\" rel=\"noopener\">artikel av Carl Olof Jonsson<\/a>. Som ett Jehovas vittne och pionj\u00e4r genomf\u00f6rde han omfattande studier f\u00f6r att \u00f6vertyga en person som han ledde ett\u00a0bibelstudium med, om riktigheten i vittnenas kronologi. Hans studier \u00f6vertygade dock honom sj\u00e4lv om motsatsen och i tro om att S\u00e4llskapet Vakttornet skulle uppskatta hans fynd skickade han sin forskning till Brooklyn, d\u00e4r Jehovas vittnen haft\u00a0sitt huvudkontor sedan 1909. Ist\u00e4llet f\u00f6r att ta emot de \u00f6verv\u00e4ldigande bevisen och den nya informationen med gl\u00e4dje, som sannings\u00e4lskande m\u00e4nniskor alltid g\u00f6r, smutskastades och tystades Carl Olof Jonsson ner och blev till slut utesluten ur samfundet mot sin egen vilja.<\/p>\n<p>Han beskriver i detalj vilka bevis som som l\u00e5g till grund f\u00f6r den styrande kretsens agerande (som Jehovas vittnens ledning kallas) i det engelska dokumentet\u00a0<a href=\"https:\/\/www.watchtowerlies.com\/linked\/the-gentile-times-reconsidered.pdf\" target=\"_blank\" rel=\"noopener\">&#8221;The Gentile Times Reconsidered&#8221;<\/a>.<\/p>\n<p><a href=\"https:\/\/www.watchtowerlies.com\/linked\/the-gentile-times-reconsidered.pdf\" target=\"_blank\" rel=\"attachment noopener wp-att-129\"><img loading=\"lazy\" decoding=\"async\" class=\"size-medium wp-image-129 aligncenter\" src=\"https:\/\/bibelbloggen.se\/wp-content\/uploads\/2016\/04\/Gentile-197x300.jpg\" alt=\"Gentile\" width=\"197\" height=\"300\" \/><\/a><\/p>\n<p>F\u00f6redrar man att l\u00e4sa p\u00e5 svenska\u00a0kan man ist\u00e4llet l\u00e4sa n\u00e4tartikeln <a href=\"http:\/\/www.kristenfrihet.se\/hedtider\/innehall.htm\" target=\"_blank\" rel=\"noopener\">&#8221;Slutade hedningarnas tider 1914? En granskning av grundvalen f\u00f6r Jehovas vittnens budskap&#8221;<\/a>.<\/p>\n<p><a href=\"http:\/\/www.kristenfrihet.se\/hedtider\/innehall.htm\" target=\"_blank\" rel=\"attachment noopener wp-att-132\"><img loading=\"lazy\" decoding=\"async\" class=\"wp-image-132 size-medium aligncenter\" src=\"https:\/\/bibelbloggen.se\/wp-content\/uploads\/2016\/04\/1914-171x300.jpg\" alt=\"1914\" width=\"171\" height=\"300\" \/><\/a><\/p>\n<h3>Varf\u00f6r \u00e4r det h\u00e4r viktigt?<\/h3>\n<p>Vittnenas l\u00e4ra om 1914 har stor betydelse. Varf\u00f6r? D\u00e4rf\u00f6r att till skillnad fr\u00e5n vad alla andra kristna l\u00e4r, d.v.s. att Jesus SKA komma tillbaka, tror vittnena att han REDAN HAR KOMMIT TILLBAKA, n\u00e4mligen \u00e5r 1914! Denna tro \u00e4r inte bara en av de saker som g\u00f6r att vittnena skiljer sig fr\u00e5n andra som p\u00e5st\u00e5r sig tro p\u00e5 och f\u00f6lja Jesus. Denna l\u00e4ra tros vara uppenbarad genom Guds ande, vilket g\u00f6r att vittnena menar sig ha sanningen med stort S. D\u00e4rf\u00f6r, om vittnena har f\u00e5tt \u00e5rtalen om bakfoten och deras kronologi inte st\u00e4mmer, vad s\u00e4ger d\u00e5 detta om deras f\u00f6rh\u00e5llande till Gud och vad har de egentligen f\u00f6r sk\u00e4l att forts\u00e4tta sin verksamhet? Det var dessa fr\u00e5gor som gjorde att Carl Olof Jonssons arbete inte togs emot med n\u00e5gon st\u00f6rre entusiasm, minst sagt.<\/p>\n<p>Jehovas vittnen tror allts\u00e5 att Jesus &#8221;kom tillbaka&#8221; 1914 och blev insatt som kung i himlen d\u00e5 han genast b\u00f6rjade med att kasta ut Satan d\u00e4rifr\u00e5n och l\u00e4t honom vara n\u00e4ra jorden ist\u00e4llet. Enligt vittnena \u00e4r beviset f\u00f6r detta att 1:a v\u00e4rldskriget br\u00f6t ut och skapade kaos och ett nytt slags lidande p\u00e5 jorden, med efterverkningar som vi fortfarande lider av.<\/p>\n<p>Denna l\u00e4ra g\u00f6r att man skiljer sig fr\u00e5n mer eller mindre alla andra kristna trossamfund. Fr\u00e5gan \u00e4r d\u00e4rf\u00f6r, tillh\u00f6r Jehovas vittnen de f\u00e5 som insett den verkliga sanningen, eller representerar de bara \u00e4nnu en irrl\u00e4ra som ist\u00e4llet f\u00f6rdunklar v\u00e5r f\u00f6rst\u00e5else av vad Bibeln verkligen l\u00e4r?<\/p>\n<h3>Problemen med vittnenas l\u00e4ra om 1914<\/h3>\n<p>1) Om kronologin inte st\u00e4mmer, vilket Carl Olof Jonsson menar i sin rapport, slutade inte hedningarnas tider 1914. I s\u00e5 fall har tiden f\u00f6r Jesus att b\u00f6rja regera inte heller kommit.<\/p>\n<p>2) Om Jesus redan skulle ha kommit tillbaka, kan vi inte v\u00e4nta honom en tredje g\u00e5ng. Det f\u00e5r till f\u00f6ljd att Bibeln skulle ha fel ang\u00e5ende sina tydliga skriftst\u00e4llen om Jesu andra ankomst, vilka jag listar l\u00e4ngre ner.<\/p>\n<p>3) Detta ger resultatet, att vittnena tvingas g\u00f6ra sm\u00e5 \u00e4ndringar i Bibeln och ge ut en egen bibel\u00f6vers\u00e4ttning f\u00f6r att den ska st\u00e4mma med sin doktrin. Den som de tvingas h\u00e5lla fast vid f\u00f6r att f\u00f6rsvara sin s\u00e4rst\u00e4llning och hela existens. Det har de gjort genom att avsiktligt och felaktigt \u00f6vers\u00e4tta det grekiska grundordet f\u00f6r &#8221;ankomst&#8221;, med &#8221;n\u00e4rvaro&#8221; i Matteus kapitel 24 och tar p\u00e5 s\u00e5 s\u00e4tt helt och h\u00e5llet udden av den st\u00f6rsta h\u00e4ndelsen vi har att v\u00e4nta i m\u00e4nsklighetens historia.<\/p>\n<p>De menar allts\u00e5 numer att Jesu <em>osynliga \u00e5terkomst<\/em>, intr\u00e4ffade som en <em>b\u00f6rjan<\/em> p\u00e5 de sista dagarna, inte slutet p\u00e5 dessa. Detta f\u00f6r att de helt enkelt inte kan tillst\u00e5 att de hade fel i sina ursprungliga uttalanden om betydelsen av \u00e5r 1914 d\u00e5 man fr\u00e5n b\u00f6rjan var helt s\u00e4ker p\u00e5 att slutet f\u00f6r den h\u00e4r v\u00e4rldsordningen skulle komma just det \u00e5ret (i oktober 1914 n\u00e4rmare best\u00e4mt) och spred detta f\u00f6r s\u00e5 m\u00e5nga man bara kunde p\u00e5 olika s\u00e4tt. Bland annat genom att skapa en film med stillbilder i f\u00e4rg som man visade gratis f\u00f6r alla som ville se, n\u00e5got som var helt nytt och ganska ok\u00e4nt p\u00e5 den tiden.<\/p>\n<h3>S\u00e5 vad \u00e4r sant?<\/h3>\n<p>S\u00e5 hur vet vi d\u00e5 att Jesus inte redan har kommit tillbaka, osynligt? Genom att l\u00e4sa och studera Bibeln, som ger oss m\u00e4ktiga svar p\u00e5 den fr\u00e5gan. Jesus \u00e4r sj\u00e4lv mycket tydlig med exakt hur han kommer att komma tillbaka och vittnenas version st\u00e4mmer inte med det han s\u00e4ger, som tydligt g\u00e5r att se f\u00f6r vem som helst som vill g\u00f6ra det.<\/p>\n<p>Det skriftst\u00e4lle vittnena visar f\u00f6r att h\u00e4vda sin st\u00e5ndpunkt \u00e4r Matteus 24:3, h\u00e4r med formuleringen fr\u00e5n deras egen Nya V\u00e4rldens \u00d6vers\u00e4ttning:<\/p>\n<p>&#8221;Medan han satt p\u00e5 Olivberget, v\u00e4nde sig l\u00e4rjungarna till honom d\u00e5 de var f\u00f6r sig sj\u00e4lva och sade: \u201dS\u00e4g oss: N\u00e4r skall dessa ting intr\u00e4ffa, och vad skall vara tecknet <span style=\"text-decoration: underline;\">p\u00e5 din n\u00e4rvaro<\/span> och p\u00e5 avslutningen p\u00e5 tingens ordning?&#8221; (Matteus 24:3 NV)<\/p>\n<p>I Svenska Folkbibeln som h\u00e5ller sig n\u00e4rmare grundtexten s\u00e4gs ist\u00e4llet:<\/p>\n<p style=\"padding-left: 30px;\">&#8221;N\u00e4r Jesus sedan satt p\u00e5 Olivberget och l\u00e4rjungarna var ensamma med honom, kom de fram till honom och fr\u00e5gade: &#8217;S\u00e4g oss: N\u00e4r ska det ske? Och vad blir tecknet p\u00e5 <span style=\"text-decoration: underline;\">din \u00e5terkomst<\/span> och den h\u00e4r tids\u00e5lderns slut?&#8217; &#8221;<\/p>\n<p>H\u00e4r har allts\u00e5 vittnena valt att \u00f6vers\u00e4tta det grekiska ordet <em>parousia <\/em>(<span style=\"text-decoration: underline;\">#G3952<\/span>\u00a0<span class=\"grk blu\">\u03c0\u03b1\u03c1\u03bf\u03c5\u03c3\u03b9\u0301\u03b1)*<\/span><span class=\"lat blu\">\u00a0<\/span>med n\u00e4rvaro. Det finns ocks\u00e5 mycket riktigt en inneb\u00f6rd i detta ord som har med n\u00e4rvaro att g\u00f6ra. Men ordet betyder inte en l\u00e5ng n\u00e4rvaro p\u00e5 mer \u00e4n hundra \u00e5r, som vittnena tror, utan handlar om att n\u00e5gon kommer tillbaka och pl\u00f6tsligt \u00e4r n\u00e4rvarande till motsats fr\u00e5n att tidigare varit fr\u00e5nvarande. Det \u00e4r ju det som intr\u00e4ffar n\u00e4r n\u00e5gon kommer in i ett rum, pl\u00f6tsligt \u00e4r denne n\u00e4rvarande! Vittnena har allts\u00e5 valt en helt annan \u00f6vers\u00e4ttning \u00e4n den som v\u00e4lutbildade och erfarna bibel\u00f6vers\u00e4ttare brukar v\u00e4lja.<\/p>\n<p>Men nu vill jag inte l\u00e4ngre tala om Nya V\u00e4rldens m\u00e4rkliga \u00f6vers\u00e4ttning utan hellre g\u00e5 in p\u00e5 vad Bibeln verkligen l\u00e4r i den h\u00e4r fr\u00e5gan.<\/p>\n<h5><span style=\"text-decoration: underline;\">1. Jesus talar om att han ska g\u00e5 bort och komma tillbaka.<\/span><\/h5>\n<blockquote>\n<p>&#8221;Och om jag nu g\u00e5r bort\u00a0och bereder plats f\u00f6r er, <span style=\"text-decoration: underline;\">s\u00e5 ska jag komma<\/span><br \/><span style=\"text-decoration: underline;\">(*G2064<\/span>\u00a0<span class=\"grk blu\">\u03b5\u0313\u0301\u03c1\u03c7\u03bf\u03bc\u03b1\u03b9<\/span><span class=\"grk blu\">)**<\/span><span class=\"lat blu\">\u00a0<\/span><span style=\"text-decoration: underline;\">tillbaka och h\u00e4mta er till mig<\/span>, f\u00f6r att ni ska vara d\u00e4r jag \u00e4r.&#8221; (Johannes 14:3)<\/p>\n<p>&#8221;S\u00e5 blev Kristus offrad en g\u00e5ng f\u00f6r att b\u00e4ra m\u00e5ngas synder. Och han ska tr\u00e4da fram <span style=\"text-decoration: underline;\">en\u00a0andra g\u00e5ng<\/span>, inte f\u00f6r att b\u00e4ra synd utan <span style=\"text-decoration: underline;\">f\u00f6r att fr\u00e4lsa dem som v\u00e4ntar p\u00e5 honom.<\/span>&#8221; (Hebr\u00e9erna 9:28)<\/p>\n<\/blockquote>\n<p><span style=\"text-decoration: underline;\">2. Jesus och \u00e4nglar ber\u00e4ttar <strong>hur<\/strong> han kommer att komma tillbaka<\/span>.<\/p>\n<blockquote>\n<p><span style=\"text-decoration: underline;\">&#8221;M\u00e4nniskosonen &#8230; kommer [*G2064] i sin Fars h\u00e4rlighet med de heliga \u00e4nglarna.&#8221;<\/span> (Markus 8:38)<\/p>\n<p>&#8221;N\u00e4r han hade sagt detta s\u00e5g de hur han lyftes upp, och ett moln tog honom ur deras \u00e5syn. Medan de s\u00e5g mot himlen dit han steg upp, stod pl\u00f6tsligt tv\u00e5 m\u00e4n i vita kl\u00e4der [\u00e4nglar] hos dem. De sade: &#8221;Galileer, varf\u00f6r st\u00e5r ni och ser mot himlen? Denne Jesus som togs upp fr\u00e5n er till himlen, <span style=\"text-decoration: underline;\">han ska komma [*G2064] tillbaka p\u00e5 samma s\u00e4tt som ni s\u00e5g honom stiga upp till himlen.<\/span>&#8221; (Apostlag\u00e4rningarna 1:9-11)<\/p>\n<p>&#8221;<span style=\"text-decoration: underline;\">D\u00e5 ska man se\u00a0M\u00e4nniskosonen\u00a0komma<\/span> [*G2064] bland molnen <span style=\"text-decoration: underline;\">med stor makt och h\u00e4rlighet.<\/span>&#8221; (Markus 13:26)<\/p>\n<p>&#8221;D\u00e5 ska M\u00e4nniskosonens tecken <span style=\"text-decoration: underline;\">synas<\/span> p\u00e5 himlen, och jordens alla folk ska j\u00e4mra sig <span style=\"text-decoration: underline;\">n\u00e4r de ser<\/span> M\u00e4nniskosonen komma [*G2064]\u00a0<span style=\"text-decoration: underline;\">p\u00e5 himlens moln med stor makt och h\u00e4rlighet.<\/span> Med starkt basunljud ska han s\u00e4nda ut sina \u00e4nglar, och de ska samla hans utvalda fr\u00e5n de fyra v\u00e4derstrecken, fr\u00e5n himlens ena \u00e4nde till den andra.&#8221; (Matteus 24:30, 31)<\/p>\n<\/blockquote>\n<p>Det kommer allts\u00e5 att vara fullt synligt f\u00f6r alla m\u00e4nniskor n\u00e4r Jesus kommer tillbaka. Och det kommer att h\u00f6ras med ett starkt basunljud som inte kommer undg\u00e5 en enda varelse p\u00e5 den h\u00e4r jorden, n\u00e4r \u00e4nglarna samlar ihop och r\u00e4ddar de utvalda. Det s\u00e4gs ocks\u00e5 vad som kommer h\u00e4nda strax d\u00e4refter.<\/p>\n<blockquote>\n<p>&#8221;N\u00e4r M\u00e4nniskosonen kommer [*G2064] i sin h\u00e4rlighet och alla \u00e4nglar med honom, <span style=\"text-decoration: underline;\">d\u00e5 ska han s\u00e4tta sig p\u00e5 sin h\u00e4rlighets tron.<\/span>&#8221; (Matteus 25:31)<\/p>\n<\/blockquote>\n<p>F\u00f6rst d\u00e5 ska han allts\u00e5 s\u00e4tta sig p\u00e5 sin h\u00e4rlighets tron. Att Jesus redan skulle sitta p\u00e5 sin tron i himlen st\u00e4mmer allts\u00e5 inte, eftersom ingen har sett Jesus komma tillbaka \u00e4nnu.<\/p>\n<h3>Viktig varning f\u00f6r de sista dagarna<\/h3>\n<p>Jesus ger ocks\u00e5 en tydlig varning g\u00e4llande de sista dagarna (den tid som \u00e4r precis innan han kommer tillbaka).<\/p>\n<blockquote>\n<p>&#8221;Om n\u00e5gon d\u00e5 s\u00e4ger till er: H\u00e4r \u00e4r Messias, eller: D\u00e4r \u00e4r han, s\u00e5 tro det inte. Falska\u00a0messiasgestalter och <span style=\"text-decoration: underline;\">falska profeter ska tr\u00e4da fram och<\/span> g\u00f6ra stora tecken och under f\u00f6r att <span style=\"text-decoration: underline;\">om m\u00f6jligt bedra \u00e4ven de utvalda.<\/span>\u00a0Jag har nu sagt det till er i f\u00f6rv\u00e4g. <span style=\"text-decoration: underline;\">Om de s\u00e4ger till er:<\/span> Han \u00e4r i \u00f6knen, s\u00e5 g\u00e5 inte dit, eller: <span style=\"text-decoration: underline;\">Han \u00e4r i de inre rummen, s\u00e5 tro det inte.<\/span><strong>\u00a0<\/strong>F\u00f6r som blixten g\u00e5r ut fr\u00e5n \u00f6ster och lyser \u00e4nda bort i v\u00e4ster, s\u00e5 ska det vara n\u00e4r M\u00e4nniskosonen kommer.&#8221; (Matteus 24:23-27)<\/p>\n<\/blockquote>\n<p>Skulle Jehovas vittnens styrande krets kunna liknas vid falska Messiasgestalter genom att de p\u00e5st\u00e5r sig vara den enda &#8221;kanalen&#8221; genom vilken Gud talar och den enda grupp av kristna som kan erbjuda r\u00e4ddning genom sin organisation? De j\u00e4mf\u00f6r sig med arken, den farkost som r\u00e4ddade Noa och hans familj undan den stora \u00f6versv\u00e4mningen. Men i sj\u00e4lva verket \u00e4r de bara ofullkomliga m\u00e4nniskor. Det \u00e4r sant att det bara finns en sanning och en v\u00e4g till Fadern, men denna v\u00e4g \u00e4r inte en specifik grupp av kristna. Det \u00e4r Jesus Kristus sj\u00e4lv som personifierar sanningen och v\u00e4gen genom att s\u00e4ga:<\/p>\n<blockquote>\n<p>&#8221;<span style=\"text-decoration: underline;\">Jag \u00e4r v\u00e4gen, sanningen och livet<\/span>. Ingen kommer till Fadern <span style=\"text-decoration: underline;\">utom genom mig.<\/span>\u00a0Har ni l\u00e4rt k\u00e4nna mig, ska ni ocks\u00e5 l\u00e4ra k\u00e4nna min Far. <span style=\"text-decoration: underline;\">Nu k\u00e4nner ni honom och har sett honom.<\/span>&#8221; (Johannes 14:6,7)<\/p>\n<\/blockquote>\n<p>N\u00e4r vi tror p\u00e5 och l\u00e4r k\u00e4nna Jesus Kristus personligen, l\u00e4r vi ocks\u00e5 k\u00e4nna Fadern, eftersom de tv\u00e5 \u00e4r ett. Eftersom vittnena inte erk\u00e4nner denna v\u00e4g till Fadern och de bevisligen tagit fel i sin m\u00e4nskliga f\u00f6rst\u00e5else av Guds ord m\u00e5nga, m\u00e5nga g\u00e5nger, skulle de ocks\u00e5 kunna liknas vid falska profeter? De p\u00e5st\u00e5r ju saker som bevisligen inte st\u00e4mmer, bland annat att Jesus skulle ha kommit tillbaka till jorden, som en osynlig andevarelse. Det \u00e4r som om de s\u00e4ger: &#8221;Han \u00e4r i de inre rummen.&#8221; (Matteus 24:26) Men vi f\u00e5r inte luras att tro det.<\/p>\n<h3>S\u00e5 n\u00e4r kommer Kristus tillbaka?<\/h3>\n<p>Jesus kommer snart. Som kristen \u00e4r jag \u00f6vertygad om att det \u00e4r viktigt att alla m\u00e4nniskor f\u00e5r reda p\u00e5 det. Varf\u00f6r? Eftersom de d\u00e5 f\u00e5r en chans att tillh\u00f6ra de som v\u00e4ntar och gl\u00e4der sig \u00e5t denna h\u00e4ndelse och inte beh\u00f6ver h\u00f6ra till dem som kommer j\u00e4mra sig \u00f6ver det<\/p>\n<blockquote>\n<p>&#8221;S\u00e5 blev Kristus offrad en g\u00e5ng f\u00f6r att b\u00e4ra m\u00e5ngas synder. Och han ska tr\u00e4da fram en andra g\u00e5ng, inte f\u00f6r att b\u00e4ra synd utan f\u00f6r att fr\u00e4lsa dem som v\u00e4ntar p\u00e5 honom.&#8221; (Hebre\u00e9erna 9:28)<\/p>\n<p>&#8221;D\u00e5 ska M\u00e4nniskosonens tecken synas p\u00e5 himlen, och jordens alla folk ska j\u00e4mra sig n\u00e4r de ser M\u00e4nniskosonen komma p\u00e5 himlens moln med stor makt och h\u00e4rlighet. Med starkt basunljud ska han s\u00e4nda ut sina \u00e4nglar, och de ska samla hans utvalda fr\u00e5n de fyra v\u00e4derstrecken, fr\u00e5n himlens ena \u00e4nde till den andra.&#8221; (Matteus 24:30)<\/p>\n<\/blockquote>\n<p>Men osanningar om att han redan skulle kommit tillbaka g\u00f6r det sv\u00e5rt att f\u00f6rst\u00e5 sanningen om Jesus, vem han verkligen \u00e4r och p\u00e5 vilket s\u00e4tt han \u00e4r den enda v\u00e4gen till Fadern.<\/p>\n<p>Om du \u00e4r ett vittne, eller har varit det, kan du be Jehova eller Jesus att g\u00f6ra dig fri fr\u00e5n dessa l\u00f6gner och l\u00e4ra k\u00e4nna den verkliga sanningen. Inte den p\u00e5st\u00e5dda &#8221;sanning&#8221; som ges av m\u00e4nniskor, utan den enda sanning som bara ges av Jesus och Fadern sj\u00e4lv genom uppenbarelse.<\/p>\n<blockquote>\n<p>&#8221;Den som \u00e4lskar mig ska bli \u00e4lskad av min Far, och <span style=\"text-decoration: underline;\">jag ska \u00e4lska honom och uppenbara mig f\u00f6r honom.<\/span>&#8221; (Johannes 14:21)<\/p>\n<p>&#8221;Om n\u00e5gon \u00e4lskar mig, h\u00e5ller han fast vid mitt ord. Och min Far ska \u00e4lska honom, och <span style=\"text-decoration: underline;\">vi ska komma till honom och ta v\u00e5r boning hos honom.<\/span>&#8221; (Johannes 14:23)<\/p>\n<\/blockquote>\n<p>Men om du fortfarande tillh\u00f6r dem som tror att Jehovas vittnens styrande krets alltid har ditt b\u00e4sta f\u00f6r \u00f6gonen och aldrig skulle fara med osanning, l\u00e4s d\u00e5 <a href=\"http:\/\/www.kristenfrihet.se\/hedtider\/innehall.htm\" target=\"_blank\" rel=\"noopener\">Carl Olof Jonssons grundliga rapport<\/a>. N\u00e4r du l\u00e4st den kommer du att f\u00f6rst\u00e5 varf\u00f6r vittnena varit tvungna att l\u00e4ra ut ett helt annat evangelium \u00e4n det som predikats i m\u00e5nga hundra \u00e5r innan de d\u00f6k upp p\u00e5 v\u00e4rldsscenen. Men Bibeln \u00e4r tydlig med hur allvarligt det \u00e4r att predika en annan Kristus eller ett annat evangelium \u00e4n apostlarnas:<\/p>\n<blockquote>\n<p>&#8221;\u00c4ven om vi sj\u00e4lva eller en \u00e4ngel fr\u00e5n himlen skulle ge er ett annat evangelium \u00e4n det vi har predikat, s\u00e5 ska han vara under f\u00f6rbannelse. Det vi redan har sagt s\u00e4ger jag nu igen: om n\u00e5gon ger er ett annat evangelium \u00e4n det ni har tagit emot, s\u00e5 ska han vara under f\u00f6rbannelse.&#8221; (Galaterna 1:8, 9)<\/p>\n<\/blockquote>\n<p>Och det v\u00e4rsta \u00e4r att de genom sin egen bibel\u00f6vers\u00e4ttning har \u00e4ndrat i Guds eget ord f\u00f6r att det ska st\u00e4mma med deras egen l\u00e4ra. Detta \u00e4r mycket allvarligt.<\/p>\n<blockquote>\n<p>&#8221;Om n\u00e5gon l\u00e4gger n\u00e5got till dessa ord, ska Gud l\u00e4gga p\u00e5 honom de pl\u00e5gor som beskrivs i denna bok. Och om n\u00e5gon tar bort n\u00e5got fr\u00e5n orden i denna profetias bok, ska Gud ta ifr\u00e5n honom hans del i livets tr\u00e4d och i den heliga staden som beskrivs i denna bok.&#8221; (Uppenbarelseboken 22:18, 19)<\/p>\n<\/blockquote>\n<p>Det \u00e4r d\u00e4rf\u00f6r viktigt att du p\u00e5 egen hand unders\u00f6ker de h\u00e4r sakerna mycket noggrant, med Guds andes v\u00e4gledning. Det kan ge dig viss oro till en b\u00f6rjan eftersom det du tidigare trott p\u00e5 kan ifr\u00e5gas\u00e4ttas och rentav kullkastas. Men det g\u00f6r inget. Forts\u00e4tt bara, f\u00f6r n\u00e4r du v\u00e4l funnit sanningen, kan ingen ta ifr\u00e5n dig den frid som kommer av Guds egen n\u00e5d och v\u00e4lsignelse. Jesus \u00e4r allt du beh\u00f6ver. Ingen m\u00e4nsklig organisation, hur v\u00e4lpolerad och attraktiv den \u00e4n ter sig i dina \u00f6gon, kan ers\u00e4tta Guds egen hand i ditt liv, hans sanning eller hans Ande.<\/p>\n<p>\u00a0<\/p>\n\n\n<p>* Engelsk f\u00f6rklaring av ordet: From the present participle of <a href=\"num:G3918\">G3918<\/a>; a <em>being near<\/em>, that is, <em>advent<\/em> (often, <em>return<\/em>; specifically of Christ to punish Jerusalem, or finally the wicked); (by implication) physical <em>aspect:<\/em> &#8211; coming, presence. Min svenska f\u00f6renklade \u00e5tergivning av ordet: \u00e5terkomst, n\u00e4rvaro)<\/p>\n\n\n\n<p>** Engelsk f\u00f6rklaring av ordet: Middle voice of a primary verb (used only in the present and imperfect tenses, the others being supplied by a kindred [middle voice] word, \u1f10\u03bb\u03b5\u03cd\u03b8\u03bf\u03bc\u03b1\u03b9 eleuthomai or \u1f14\u03bb\u03b8\u03c9 elth\u014d; which do not otherwise occur); to <em>come<\/em> or <em>go<\/em> (in a great variety of applications, literally and figuratively): &#8211; accompany, appear, bring, come enter, fall out, go, grow, X light, X next, pass, resort, be set. Min svenska f\u00f6renklade \u00e5tergivning av ordet: komma och g\u00e5, dyka upp, g\u00f6ra entr\u00e9)<\/p>\n\n\n\n<p><\/p>\n\n\n\n<p><strong>Uppt\u00e4ck mer!<\/strong><\/p>\n\n\n\n<p><a href=\"https:\/\/bibelbloggen.se\/till-alla-jehovas-vittnen\" data-type=\"page\" data-id=\"1000\">L\u00e4s mitt brev till varje Jehovas vittne<\/a><\/p>\n\n\n\n<p><a href=\"https:\/\/bibelbloggen.se\/ar-jesus-gud\" data-type=\"page\" data-id=\"969\">Unders\u00f6k: Vem \u00e4r Jesus Kristus?<\/a><\/p>\n\n\n\n<p><\/p>\n","protected":false},"excerpt":{"rendered":"<p>Slutade &#8221;hedningarnas tider&#8221; 1914? Och b\u00f6rjade Jesus Kristus att regera som kung detta \u00e5r? Vad l\u00e4r verkligen Bibeln om Jesu \u00e5terkomst? Detta \u00e4r ett mycket intressant \u00e4mne eftersom grunden f\u00f6r Jehovas vittnen mer eller mindre st\u00e5r och faller med l\u00e4ran om Jesu \u00e5terkomst 1914. Samtidigt \u00e4r Bibeln mycket tydlig och h\u00e4r st\u00e5r ord mot ord. [&hellip;]<\/p>\n","protected":false},"author":2,"featured_media":0,"parent":0,"menu_order":0,"comment_status":"closed","ping_status":"closed","template":"","meta":{"footnotes":""},"class_list":["post-215","page","type-page","status-publish","hentry"],"_links":{"self":[{"href":"https:\/\/bibelbloggen.se\/en\/wp-json\/wp\/v2\/pages\/215","targetHints":{"allow":["GET"]}}],"collection":[{"href":"https:\/\/bibelbloggen.se\/en\/wp-json\/wp\/v2\/pages"}],"about":[{"href":"https:\/\/bibelbloggen.se\/en\/wp-json\/wp\/v2\/types\/page"}],"author":[{"embeddable":true,"href":"https:\/\/bibelbloggen.se\/en\/wp-json\/wp\/v2\/users\/2"}],"replies":[{"embeddable":true,"href":"https:\/\/bibelbloggen.se\/en\/wp-json\/wp\/v2\/comments?post=215"}],"version-history":[{"count":5,"href":"https:\/\/bibelbloggen.se\/en\/wp-json\/wp\/v2\/pages\/215\/revisions"}],"predecessor-version":[{"id":2036,"href":"https:\/\/bibelbloggen.se\/en\/wp-json\/wp\/v2\/pages\/215\/revisions\/2036"}],"wp:attachment":[{"href":"https:\/\/bibelbloggen.se\/en\/wp-json\/wp\/v2\/media?parent=215"}],"curies":[{"name":"wp","href":"https:\/\/api.w.org\/{rel}","templated":true}]}}