{"id":2204,"date":"2025-07-03T16:51:20","date_gmt":"2025-07-03T14:51:20","guid":{"rendered":"https:\/\/bibelbloggen.se\/?page_id=2204"},"modified":"2025-07-03T16:51:21","modified_gmt":"2025-07-03T14:51:21","slug":"integritetspolicy","status":"publish","type":"page","link":"https:\/\/bibelbloggen.se\/en\/integritetspolicy\/","title":{"rendered":"Privacy Policy"},"content":{"rendered":"<h3 class=\"wp-block-heading\">Vem jag \u00e4r<\/h3>\n\n\n\n<p><strong class=\"privacy-policy-tutorial\">Din integritet \u00e4r viktig f\u00f6r mig. H\u00e4r f\u00f6rklarar jag hur jag, Ida \u2013 som driver Bibelbloggen.se \u2013 hanterar personuppgifter som du l\u00e4mnar via kontaktformul\u00e4ret p\u00e5 sidan.<\/strong><\/p>\n\n\n\n<h3 class=\"wp-block-heading\">Kommentarer<\/h3>\n\n\n\n<p>N\u00e4r du kontaktar mig via formul\u00e4ret p\u00e5 Bibelbloggen.se kan du l\u00e4mna:<\/p>\n\n\n\n<ul class=\"wp-block-list\">\n<li>Ditt namn<\/li>\n\n\n\n<li>Din e-postadress<\/li>\n\n\n\n<li>Ditt meddelande (och eventuell annan information du v\u00e4ljer att ange)<\/li>\n<\/ul>\n\n\n\n<p>En anonymiserad str\u00e4ng som skapats utifr\u00e5n din e-postadress (\u00e4ven kallat hash-v\u00e4rde) kan komma att s\u00e4ndas till tj\u00e4nsten Gravatar f\u00f6r att avg\u00f6ra om du finns registrerad d\u00e4r. Integritetspolicyn f\u00f6r tj\u00e4nsten Gravatar finns p\u00e5 https:\/\/automattic.com\/privacy\/. N\u00e4r din kommentar har godk\u00e4nts visas din profilbild offentligt tillsammans med din kommentar. \u00c4ven bes\u00f6karens IP-adress och webbl\u00e4sarens anv\u00e4ndaragent-str\u00e4ng samlas in som hj\u00e4lp f\u00f6r detektering av skr\u00e4ppost.<\/p>\n\n\n\n<h3 class=\"wp-block-heading\">Vad anv\u00e4nds uppgifterna till?<\/h3>\n\n\n\n<p>Uppgifterna anv\u00e4nds endast f\u00f6r att l\u00e4sa och besvara ditt meddelande. Jag kontaktar dig endast i direkt anslutning till den fr\u00e5ga eller det \u00e4rende du sj\u00e4lv tagit initiativ till.<\/p>\n\n\n\n<h3 class=\"wp-block-heading\">Vem har tillg\u00e5ng till informationen?<\/h3>\n\n\n\n<p>Endast jag, Ida, har tillg\u00e5ng till de meddelanden och uppgifter som skickas in via kontaktformul\u00e4ret. Inga personuppgifter l\u00e4mnas vidare till tredje part.<\/p>\n\n\n\n<h3 class=\"wp-block-heading\">Var sparas informationen och hur l\u00e4nge?<\/h3>\n\n\n\n<p>Meddelandena lagras i WordPress databas och hanteras endast av mig. Jag sparar dem s\u00e5 l\u00e4nge det beh\u00f6vs f\u00f6r att kunna f\u00f6lja upp kommunikationen, d\u00e4refter raderas de vid behov. <\/p>\n\n\n\n<p>Om du skriver en kommentar kommer kommentaren och dess metadata att sparas utan tidsgr\u00e4ns. Anledningen till detta \u00e4r att jag beh\u00f6ver kunna hitta och godk\u00e4nna uppf\u00f6ljningskommentarer automatiskt och inte l\u00e4gga dem i k\u00f6 f\u00f6r granskning.<\/p>\n\n\n\n<h3 class=\"wp-block-heading\">Cookie-filer<\/h3>\n\n\n\n<p>Om du l\u00e4mnar en kommentar p\u00e5 min webbplats kan du v\u00e4lja att spara ditt namn, din e-postadress och webbplatsadress i cookie-filer. Detta \u00e4r f\u00f6r din bekv\u00e4mlighet f\u00f6r att du inte ska beh\u00f6va fylla i dessa uppgifter igen n\u00e4sta g\u00e5ng du skriver en kommentar. Dessa cookie-filer g\u00e4ller i ett \u00e5r.<\/p>\n\n\n\n<h3 class=\"wp-block-heading\">Media<\/h3>\n\n\n\n<p>Om du laddar upp bilder till webbplatsen b\u00f6r du undvika att ladda upp bilder d\u00e4r EXIF-data inkluderar data fr\u00e5n GPS-lokalisering. Bes\u00f6kare till webbplatsen kan ladda ned och ta fram alla positioneringsuppgifter fr\u00e5n bilder p\u00e5 webbplatsen.<\/p>\n\n\n\n<h3 class=\"wp-block-heading\">Inb\u00e4ddat inneh\u00e5ll fr\u00e5n andra webbplatser<\/h3>\n\n\n\n<p>Vissa sidor p\u00e5 Bibelbloggen.se kan inneh\u00e5lla inb\u00e4ddade videor (t.ex. fr\u00e5n YouTube). S\u00e5dant inneh\u00e5ll beter sig p\u00e5 samma s\u00e4tt som om du bes\u00f6kt den andra webbplatsen direkt, och dessa kan samla in uppgifter enligt sina egna integritetspolicys.<\/p>\n\n\n\n<p>Dessa webbplatser kan samla in uppgifter om dig, anv\u00e4nda cookie-filer, b\u00e4dda in ytterligare sp\u00e5rning fr\u00e5n tredje part och \u00f6vervaka din interaktion med sagda inb\u00e4ddade inneh\u00e5ll, inklusive sp\u00e5rning av din interaktion med detta inb\u00e4ddade inneh\u00e5ll om du har ett konto och \u00e4r inloggad p\u00e5 webbplatsen i fr\u00e5ga.<\/p>\n\n\n\n<h3 class=\"wp-block-heading\">Vilka jag delar era data med<\/h3>\n\n\n\n<p>Om du beg\u00e4r \u00e5terst\u00e4llning av l\u00f6senordet kommer din IP-adress att ing\u00e5 i e-postmeddelandet om \u00e5terst\u00e4llning.<\/p>\n\n\n\n<h3 class=\"wp-block-heading\">Vilka r\u00e4ttigheter du har \u00f6ver dina data<\/h3>\n\n\n\n<p>Om du har skrivit n\u00e5gra kommentarer p\u00e5 denna webbplats kan du beg\u00e4ra en exportfil med de personuppgifter vi har om dig, inklusive alla uppgifter du har gett oss. Du kan ocks\u00e5 beg\u00e4ra att jag tar bort alla personuppgifter jag har om dig. Detta omfattar inte eventuella uppgifter som jag \u00e4r tvungen att spara av administrativa, legala eller s\u00e4kerhets\u00e4ndam\u00e5l.<\/p>\n\n\n\n<h3 class=\"wp-block-heading\">Vart dina uppgifter skickas<\/h3>\n\n\n\n<p>Kommentarer fr\u00e5n bes\u00f6kare kanske kontrolleras via en automatiserad tj\u00e4nst f\u00f6r detektering av skr\u00e4ppost. <\/p>\n\n\n\n<h3 class=\"wp-block-heading\">Dina r\u00e4ttigheter enligt GDPR<\/h3>\n\n\n\n<p>Du har r\u00e4tt att:<\/p>\n\n\n\n<ul class=\"wp-block-list\">\n<li>F\u00e5 veta vilka uppgifter jag har om dig.<\/li>\n\n\n\n<li>F\u00e5 dina uppgifter r\u00e4ttade eller raderade.<\/li>\n\n\n\n<li>Begr\u00e4nsa eller inv\u00e4nda mot behandlingen av dina uppgifter.<\/li>\n<\/ul>\n\n\n\n<p>Vill du anv\u00e4nda n\u00e5gon av dessa r\u00e4ttigheter, kontakta mig g\u00e4rna via e-post:<br>\ud83d\udce7 <strong><a>ida@bibelbloggen.se<\/a><\/strong><\/p>","protected":false},"excerpt":{"rendered":"<p>Vem jag \u00e4r Din integritet \u00e4r viktig f\u00f6r mig. H\u00e4r f\u00f6rklarar jag hur jag, Ida \u2013 som driver Bibelbloggen.se \u2013 hanterar personuppgifter som du l\u00e4mnar via kontaktformul\u00e4ret p\u00e5 sidan. Kommentarer N\u00e4r du kontaktar mig via formul\u00e4ret p\u00e5 Bibelbloggen.se kan du l\u00e4mna: En anonymiserad str\u00e4ng som skapats utifr\u00e5n din e-postadress (\u00e4ven kallat hash-v\u00e4rde) kan komma att [&hellip;]<\/p>\n","protected":false},"author":2,"featured_media":0,"parent":0,"menu_order":0,"comment_status":"closed","ping_status":"closed","template":"","meta":{"footnotes":""},"class_list":["post-2204","page","type-page","status-publish","hentry"],"_links":{"self":[{"href":"https:\/\/bibelbloggen.se\/en\/wp-json\/wp\/v2\/pages\/2204","targetHints":{"allow":["GET"]}}],"collection":[{"href":"https:\/\/bibelbloggen.se\/en\/wp-json\/wp\/v2\/pages"}],"about":[{"href":"https:\/\/bibelbloggen.se\/en\/wp-json\/wp\/v2\/types\/page"}],"author":[{"embeddable":true,"href":"https:\/\/bibelbloggen.se\/en\/wp-json\/wp\/v2\/users\/2"}],"replies":[{"embeddable":true,"href":"https:\/\/bibelbloggen.se\/en\/wp-json\/wp\/v2\/comments?post=2204"}],"version-history":[{"count":1,"href":"https:\/\/bibelbloggen.se\/en\/wp-json\/wp\/v2\/pages\/2204\/revisions"}],"predecessor-version":[{"id":2205,"href":"https:\/\/bibelbloggen.se\/en\/wp-json\/wp\/v2\/pages\/2204\/revisions\/2205"}],"wp:attachment":[{"href":"https:\/\/bibelbloggen.se\/en\/wp-json\/wp\/v2\/media?parent=2204"}],"curies":[{"name":"wp","href":"https:\/\/api.w.org\/{rel}","templated":true}]}}