{"id":2245,"date":"2025-07-05T21:23:54","date_gmt":"2025-07-05T19:23:54","guid":{"rendered":"https:\/\/bibelbloggen.se\/?page_id=2245"},"modified":"2025-09-24T23:23:30","modified_gmt":"2025-09-24T21:23:30","slug":"sanna-berattelser","status":"publish","type":"page","link":"https:\/\/bibelbloggen.se\/en\/sanna-berattelser\/","title":{"rendered":"True stories"},"content":{"rendered":"<h4 class=\"wp-block-heading\">The stories in the Bible of the miracles performed by Jesus are equally moving every time you read them. The following testimony is short and simple, but that is why it is so powerful:<\/h4>\n\n\n\n<blockquote class=\"wp-block-quote is-layout-flow wp-block-quote-is-layout-flow\">\n<p class=\"has-normal-font-size\">\"When he was in one of the cities, there stood a man who was full of leprosy. Seeing Jesus, he fell to the ground before him and prayed, 'Lord, if you are willing, you can make me clean.' Jesus reached out his hand, touched him and said, 'I am willing. Be cleansed!' Immediately the leprosy disappeared.\" -<a href=\"https:\/\/www.bible.com\/sv\/bible\/154\/LUK.5.12-14\" target=\"_blank\" rel=\"noreferrer noopener\">Luke 5:12,13<\/a><\/p>\n<\/blockquote>\n\n\n\n<p>\u00a0Even in our time, there are stories about how Jesus heals.\u00a0<span style=\"text-decoration: underline;\">He is the same today as he was when he walked the earth<\/span> and have the same desire to heal people and help them change their minds.<\/p>\n\n\n\n<blockquote class=\"wp-block-quote is-layout-flow wp-block-quote-is-layout-flow\">\n<p class=\"has-normal-font-size\">\"Jesus Christ is the same yesterday and today and forever.\" -<a href=\"https:\/\/www.bible.com\/bible\/1223\/heb.13.8.sfb15\" target=\"_blank\" rel=\"noreferrer noopener\">Hebrews 13:8<\/a><\/p>\n<\/blockquote>\n\n\n\n<figure class=\"wp-block-image aligncenter\"><a href=\"https:\/\/bibelbloggen.se\/wp-content\/uploads\/2016\/04\/Himlen-3.jpg\"><img loading=\"lazy\" decoding=\"async\" width=\"1024\" height=\"349\" src=\"https:\/\/bibelbloggen.se\/wp-content\/uploads\/2016\/04\/Himlen-3-1024x349.jpg\" alt=\"\" class=\"wp-image-240\" srcset=\"https:\/\/bibelbloggen.se\/wp-content\/uploads\/2016\/04\/Himlen-3-1024x349.jpg 1024w, https:\/\/bibelbloggen.se\/wp-content\/uploads\/2016\/04\/Himlen-3-300x102.jpg 300w, https:\/\/bibelbloggen.se\/wp-content\/uploads\/2016\/04\/Himlen-3-768x262.jpg 768w, https:\/\/bibelbloggen.se\/wp-content\/uploads\/2016\/04\/Himlen-3-604x206.jpg 604w, https:\/\/bibelbloggen.se\/wp-content\/uploads\/2016\/04\/Himlen-3.jpg 1048w\" sizes=\"auto, (max-width: 1024px) 100vw, 1024px\" \/><\/a><\/figure>\n\n\n\n<p>It is also said that Jesus' disciples would perform the same miracles that he performed and greater things, that he would send his spirit and be with his disciples all days until the end.<\/p>\n\n\n\n<blockquote class=\"wp-block-quote is-layout-flow wp-block-quote-is-layout-flow\">\n<p class=\"has-normal-font-size\">\"Truly, I say to you, whoever believes in me will do works like me, and even greater works. For I go to the Father, and whatever you ask in my name I will do, so that the Father may be glorified through the Son. If you ask anything in my name, I will do it.\" -John 14:12-14 B2000<\/p>\n\n\n\n<p class=\"has-normal-font-size\">\"They shall lay hands on the sick, and they shall recover.\" -Mark.16:18<\/p>\n\n\n\n<p class=\"has-normal-font-size\">\"Go into all the world and preach the gospel to all creation. Whoever believes and is baptized will be saved ... These signs will follow those who believe: In my name they will cast out evil spirits. ... They will lay hands on the sick, and they will recover.\" -Mark 16:15-18<\/p>\n\n\n\n<p class=\"has-normal-font-size\">\"I am with you always, to the end of the age.\" -Matthew 28:20<\/p>\n<\/blockquote>\n\n\n\n<hr class=\"wp-block-separator has-alpha-channel-opacity\"\/>\n\n\n\n<p>The following stories from Sweden, Puerto Rico, the former Soviet Union, Eastern Europe and China are taken from personal experience, the internet, books by Anita Barker who has received the gift of healing, and the Slavic Mission's book \"God works miracles\" which was published in 1993 and shows that the above scriptures are true. <\/p>\n\n\n\n<p>They are simple in nature, like the testimony of Luke about the leper, and like that testimony, they are highly credible.<\/p>\n\n\n\n<div class=\"wp-block-media-text is-stacked-on-mobile\"><figure class=\"wp-block-media-text__media\"><img loading=\"lazy\" decoding=\"async\" width=\"530\" height=\"301\" src=\"https:\/\/bibelbloggen.se\/wp-content\/uploads\/2025\/09\/Skarmavbild-2025-09-24-kl.-23.04.34-1.png\" alt=\"\" class=\"wp-image-2465 size-full\" srcset=\"https:\/\/bibelbloggen.se\/wp-content\/uploads\/2025\/09\/Skarmavbild-2025-09-24-kl.-23.04.34-1.png 530w, https:\/\/bibelbloggen.se\/wp-content\/uploads\/2025\/09\/Skarmavbild-2025-09-24-kl.-23.04.34-1-300x170.png 300w, https:\/\/bibelbloggen.se\/wp-content\/uploads\/2025\/09\/Skarmavbild-2025-09-24-kl.-23.04.34-1-18x10.png 18w\" sizes=\"auto, (max-width: 530px) 100vw, 530px\" \/><\/figure><div class=\"wp-block-media-text__content\">\n<p><a href=\"https:\/\/bibelbloggen.se\/en\/mitt-vittnesbord-i-tbn-nordic\/\" data-type=\"page\" data-id=\"2461\" target=\"_blank\" rel=\"noreferrer noopener\"><strong>From Darkness to Light<\/strong><\/a><\/p>\n\n\n\n<p>My testimony of how God himself revealed who Jesus really is in his word and with the help of the Holy Spirit.<\/p>\n<\/div><\/div>\n\n\n\n<hr class=\"wp-block-separator has-alpha-channel-opacity\"\/>\n\n\n\n<div class=\"wp-block-media-text is-stacked-on-mobile\"><figure class=\"wp-block-media-text__media\"><img loading=\"lazy\" decoding=\"async\" width=\"1024\" height=\"726\" src=\"https:\/\/bibelbloggen.se\/wp-content\/uploads\/2025\/01\/andrasidan-1-1024x726.png\" alt=\"N\u00e4r anden l\u00e4mnar kroppen\" class=\"wp-image-2070 size-full\" srcset=\"https:\/\/bibelbloggen.se\/wp-content\/uploads\/2025\/01\/andrasidan-1-1024x726.png 1024w, https:\/\/bibelbloggen.se\/wp-content\/uploads\/2025\/01\/andrasidan-1-300x213.png 300w, https:\/\/bibelbloggen.se\/wp-content\/uploads\/2025\/01\/andrasidan-1-768x545.png 768w, https:\/\/bibelbloggen.se\/wp-content\/uploads\/2025\/01\/andrasidan-1-1536x1090.png 1536w, https:\/\/bibelbloggen.se\/wp-content\/uploads\/2025\/01\/andrasidan-1.png 1748w\" sizes=\"auto, (max-width: 1024px) 100vw, 1024px\" \/><\/figure><div class=\"wp-block-media-text__content\">\n<p><strong><a href=\"https:\/\/bibelbloggen.se\/en\/vad-lar-bibeln-om-helande-i-var-tid\/nutida-vittnesbord\/haydee-cortes-ndu\/\" data-type=\"page\" data-id=\"556\">Haydee Cortes' Near Death Experience. <\/a><\/strong><\/p>\n\n\n\n<p>This is an eyewitness account of a Jehovah's Witness who died and came back to life again. <\/p>\n<\/div><\/div>\n\n\n\n<hr class=\"wp-block-separator has-alpha-channel-opacity\"\/>\n\n\n\n<div class=\"wp-block-media-text is-stacked-on-mobile\"><figure class=\"wp-block-media-text__media\"><img loading=\"lazy\" decoding=\"async\" width=\"1024\" height=\"512\" src=\"https:\/\/bibelbloggen.se\/wp-content\/uploads\/2020\/10\/Lazarus-Alive-1024x512.jpeg\" alt=\"\" class=\"wp-image-1605 size-full\" srcset=\"https:\/\/bibelbloggen.se\/wp-content\/uploads\/2020\/10\/Lazarus-Alive-1024x512.jpeg 1024w, https:\/\/bibelbloggen.se\/wp-content\/uploads\/2020\/10\/Lazarus-Alive-300x150.jpeg 300w, https:\/\/bibelbloggen.se\/wp-content\/uploads\/2020\/10\/Lazarus-Alive-768x384.jpeg 768w, https:\/\/bibelbloggen.se\/wp-content\/uploads\/2020\/10\/Lazarus-Alive-540x270.jpeg 540w, https:\/\/bibelbloggen.se\/wp-content\/uploads\/2020\/10\/Lazarus-Alive.jpeg 1200w\" sizes=\"auto, (max-width: 1024px) 100vw, 1024px\" \/><\/figure><div class=\"wp-block-media-text__content\">\n<p><strong><a href=\"https:\/\/bibelbloggen.se\/en\/arkiv\/1397\/\" data-type=\"post\" data-id=\"1397\">Her little brother was brought back to life<\/a><\/strong><\/p>\n\n\n\n<p>This is the true story of how Elena saw her little brother raised from the dead.<\/p>\n<\/div><\/div>\n\n\n\n<hr class=\"wp-block-separator has-alpha-channel-opacity\"\/>\n\n\n\n<div class=\"wp-block-columns is-layout-flex wp-container-core-columns-is-layout-28f84493 wp-block-columns-is-layout-flex\">\n<div class=\"wp-block-column is-layout-flow wp-block-column-is-layout-flow\">\n<div class=\"wp-block-media-text is-stacked-on-mobile\"><figure class=\"wp-block-media-text__media\"><img loading=\"lazy\" decoding=\"async\" width=\"500\" height=\"494\" src=\"https:\/\/bibelbloggen.se\/wp-content\/uploads\/2018\/01\/do\u0308rr-sta\u0308ngd.jpg\" alt=\"\" class=\"wp-image-527 size-full\" srcset=\"https:\/\/bibelbloggen.se\/wp-content\/uploads\/2018\/01\/do\u0308rr-sta\u0308ngd.jpg 500w, https:\/\/bibelbloggen.se\/wp-content\/uploads\/2018\/01\/do\u0308rr-sta\u0308ngd-300x296.jpg 300w, https:\/\/bibelbloggen.se\/wp-content\/uploads\/2018\/01\/do\u0308rr-sta\u0308ngd-273x270.jpg 273w\" sizes=\"auto, (max-width: 500px) 100vw, 500px\" \/><\/figure><div class=\"wp-block-media-text__content\">\n<p><strong><a href=\"https:\/\/bibelbloggen.se\/en\/vad-lar-bibeln-om-helande-i-var-tid\/nutida-vittnesbord\/krossad-barnhand-blev-helad\/\" data-type=\"page\" data-id=\"526\">Crushed child's hand was healed<\/a><\/strong><\/p>\n\n\n\n<p>Eyewitness account by Anita Barker<\/p>\n<\/div><\/div>\n<\/div>\n\n\n\n<div class=\"wp-block-column is-layout-flow wp-block-column-is-layout-flow\">\n<div class=\"wp-block-media-text is-stacked-on-mobile\"><figure class=\"wp-block-media-text__media\"><img loading=\"lazy\" decoding=\"async\" width=\"620\" height=\"926\" src=\"https:\/\/bibelbloggen.se\/wp-content\/uploads\/2018\/01\/high-chaparall.jpg\" alt=\"\" class=\"wp-image-515 size-full\" srcset=\"https:\/\/bibelbloggen.se\/wp-content\/uploads\/2018\/01\/high-chaparall.jpg 620w, https:\/\/bibelbloggen.se\/wp-content\/uploads\/2018\/01\/high-chaparall-201x300.jpg 201w, https:\/\/bibelbloggen.se\/wp-content\/uploads\/2018\/01\/high-chaparall-181x270.jpg 181w\" sizes=\"auto, (max-width: 620px) 100vw, 620px\" \/><\/figure><div class=\"wp-block-media-text__content\">\n<p><strong><a href=\"https:\/\/bibelbloggen.se\/en\/som-jairos-dotter\/\" data-type=\"page\" data-id=\"514\">As Jairo's daughter<\/a><\/strong><\/p>\n\n\n\n<p>Eyewitness account by Anita Barker<\/p>\n<\/div><\/div>\n<\/div>\n<\/div>\n\n\n\n<hr class=\"wp-block-separator has-alpha-channel-opacity\"\/>\n\n\n\n<div class=\"wp-block-media-text is-stacked-on-mobile\"><figure class=\"wp-block-media-text__media\"><img loading=\"lazy\" decoding=\"async\" width=\"200\" height=\"200\" src=\"https:\/\/bibelbloggen.se\/wp-content\/uploads\/2016\/04\/Kvadrat-Flicka-sjuk.jpg\" alt=\"\" class=\"wp-image-242 size-full\" srcset=\"https:\/\/bibelbloggen.se\/wp-content\/uploads\/2016\/04\/Kvadrat-Flicka-sjuk.jpg 200w, https:\/\/bibelbloggen.se\/wp-content\/uploads\/2016\/04\/Kvadrat-Flicka-sjuk-150x150.jpg 150w\" sizes=\"auto, (max-width: 200px) 100vw, 200px\" \/><\/figure><div class=\"wp-block-media-text__content\">\n<p><strong><a href=\"https:\/\/bibelbloggen.se\/en\/vad-lar-bibeln-om-helande-i-var-tid\/nutida-vittnesbord\/12-ariga-galja-botades-fran-cancer\/\" data-type=\"page\" data-id=\"208\">12-year-old Galga cured of cancer<\/a><\/strong><\/p>\n\n\n\n<p>In the summer of 1988, a family from Kharkov came to visit the autonomous Pentecostal church in Kiev, Ukraine. The family's 12-year-old daughter Galya had a serious illness, connective tissue cancer...<\/p>\n<\/div><\/div>\n\n\n\n<div class=\"wp-block-columns is-layout-flex wp-container-core-columns-is-layout-28f84493 wp-block-columns-is-layout-flex\">\n<div class=\"wp-block-column is-layout-flow wp-block-column-is-layout-flow\">\n<div class=\"wp-block-media-text is-stacked-on-mobile\"><figure class=\"wp-block-media-text__media\"><img loading=\"lazy\" decoding=\"async\" width=\"496\" height=\"357\" src=\"https:\/\/bibelbloggen.se\/wp-content\/uploads\/2018\/01\/magmunnen.jpg\" alt=\"\" class=\"wp-image-507 size-full\" srcset=\"https:\/\/bibelbloggen.se\/wp-content\/uploads\/2018\/01\/magmunnen.jpg 496w, https:\/\/bibelbloggen.se\/wp-content\/uploads\/2018\/01\/magmunnen-300x216.jpg 300w, https:\/\/bibelbloggen.se\/wp-content\/uploads\/2018\/01\/magmunnen-375x270.jpg 375w\" sizes=\"auto, (max-width: 496px) 100vw, 496px\" \/><\/figure><div class=\"wp-block-media-text__content\">\n<p><strong><a href=\"https:\/\/bibelbloggen.se\/en\/vad-lar-bibeln-om-helande-i-var-tid\/nutida-vittnesbord\/boneduk-helade-problem-med-magmunnen\/\" data-type=\"page\" data-id=\"505\">Prayer cloth healed problems with the mouth of the stomach<\/a><\/strong><\/p>\n\n\n\n<p>Eyewitness account by Anita Barker<\/p>\n<\/div><\/div>\n<\/div>\n\n\n\n<div class=\"wp-block-column is-layout-flow wp-block-column-is-layout-flow\">\n<div class=\"wp-block-media-text is-stacked-on-mobile\"><figure class=\"wp-block-media-text__media\"><img loading=\"lazy\" decoding=\"async\" width=\"400\" height=\"400\" src=\"https:\/\/bibelbloggen.se\/wp-content\/uploads\/2018\/01\/Anita-1.jpg\" alt=\"\" class=\"wp-image-500 size-full\" srcset=\"https:\/\/bibelbloggen.se\/wp-content\/uploads\/2018\/01\/Anita-1.jpg 400w, https:\/\/bibelbloggen.se\/wp-content\/uploads\/2018\/01\/Anita-1-150x150.jpg 150w, https:\/\/bibelbloggen.se\/wp-content\/uploads\/2018\/01\/Anita-1-300x300.jpg 300w, https:\/\/bibelbloggen.se\/wp-content\/uploads\/2018\/01\/Anita-1-270x270.jpg 270w\" sizes=\"auto, (max-width: 400px) 100vw, 400px\" \/><\/figure><div class=\"wp-block-media-text__content\">\n<p><strong><a href=\"https:\/\/bibelbloggen.se\/en\/vad-lar-bibeln-om-helande-i-var-tid\/nutida-vittnesbord\/fri-fran-ledgangsreumatism\/\" data-type=\"page\" data-id=\"498\">Free from rheumatoid arthritis<\/a><\/strong><\/p>\n\n\n\n<p>Eyewitness account by Anita Barker<\/p>\n<\/div><\/div>\n<\/div>\n<\/div>\n\n\n\n<div class=\"wp-block-media-text is-stacked-on-mobile\"><figure class=\"wp-block-media-text__media\"><img loading=\"lazy\" decoding=\"async\" width=\"235\" height=\"208\" src=\"https:\/\/bibelbloggen.se\/wp-content\/uploads\/2016\/04\/woman-in-wheelchair.jpg\" alt=\"\" class=\"wp-image-233 size-full\"\/><\/figure><div class=\"wp-block-media-text__content\">\n<p><strong><a href=\"https:\/\/bibelbloggen.se\/en\/vad-lar-bibeln-om-helande-i-var-tid\/nutida-vittnesbord\/de-litade-pa-att-gud-visste-bast\/\" data-type=\"page\" data-id=\"206\">The bride in a wheelchair<\/a><\/strong><\/p>\n\n\n\n<p>The following story took place in a small town near Moscow. A religious woman had a very beautiful son who had grown up to be married. The mother, who was a widow, hoped that the son would marry a healthy and strong woman...<\/p>\n<\/div><\/div>\n\n\n\n<div class=\"wp-block-columns is-layout-flex wp-container-core-columns-is-layout-28f84493 wp-block-columns-is-layout-flex\">\n<div class=\"wp-block-column is-layout-flow wp-block-column-is-layout-flow\">\n<div class=\"wp-block-media-text is-stacked-on-mobile\"><figure class=\"wp-block-media-text__media\"><img loading=\"lazy\" decoding=\"async\" width=\"1024\" height=\"768\" src=\"https:\/\/bibelbloggen.se\/wp-content\/uploads\/2016\/09\/30.infordopet-1024x768.jpg\" alt=\"\" class=\"wp-image-401 size-full\" srcset=\"https:\/\/bibelbloggen.se\/wp-content\/uploads\/2016\/09\/30.infordopet-1024x768.jpg 1024w, https:\/\/bibelbloggen.se\/wp-content\/uploads\/2016\/09\/30.infordopet-300x225.jpg 300w, https:\/\/bibelbloggen.se\/wp-content\/uploads\/2016\/09\/30.infordopet-768x576.jpg 768w, https:\/\/bibelbloggen.se\/wp-content\/uploads\/2016\/09\/30.infordopet-360x270.jpg 360w\" sizes=\"auto, (max-width: 1024px) 100vw, 1024px\" \/><\/figure><div class=\"wp-block-media-text__content\">\n<p><strong><a href=\"https:\/\/bibelbloggen.se\/en\/arkiv\/398\/\" data-type=\"post\" data-id=\"398\">Healing in Bulgaria<\/a><\/strong><\/p>\n\n\n\n<p>This is the story of how an elderly woman was miraculously healed in her back.<\/p>\n<\/div><\/div>\n<\/div>\n\n\n\n<div class=\"wp-block-column is-layout-flow wp-block-column-is-layout-flow\">\n<div class=\"wp-block-media-text is-stacked-on-mobile\"><figure class=\"wp-block-media-text__media\"><img loading=\"lazy\" decoding=\"async\" width=\"200\" height=\"200\" src=\"https:\/\/bibelbloggen.se\/wp-content\/uploads\/2016\/04\/Kvadrat-Nose.jpg\" alt=\"\" class=\"wp-image-243 size-full\" srcset=\"https:\/\/bibelbloggen.se\/wp-content\/uploads\/2016\/04\/Kvadrat-Nose.jpg 200w, https:\/\/bibelbloggen.se\/wp-content\/uploads\/2016\/04\/Kvadrat-Nose-150x150.jpg 150w\" sizes=\"auto, (max-width: 200px) 100vw, 200px\" \/><\/figure><div class=\"wp-block-media-text__content\">\n<p><strong><a href=\"https:\/\/bibelbloggen.se\/en\/vad-lar-bibeln-om-helande-i-var-tid\/nutida-vittnesbord\/partisekreterare-helad-och-omvand\/\" data-type=\"page\" data-id=\"204\">Party secretary healed and converted<\/a><\/strong><\/p>\n\n\n\n<p>It tells the story of a Chinese man who understood his need for Jesus through cancer.<\/p>\n<\/div><\/div>\n<\/div>\n<\/div>\n\n\n\n<h3 class=\"wp-block-heading\">Discover more!<\/h3>\n\n\n\n<p><a href=\"https:\/\/bibelbloggen.se\/en\/hur-blir-man-raddad-fralst\/\" data-type=\"page\" data-id=\"640\">How to be rescued?<\/a><\/p>\n\n\n\n<p><a href=\"https:\/\/bibelbloggen.se\/en\/jesus-ar-densamme-idag-igar-och-for-evigt\/\" data-type=\"page\" data-id=\"1501\">Jesus is the same, today, yesterday and forever<\/a><\/p>\n\n\n\n<p><a href=\"https:\/\/bibelbloggen.se\/en\/vad-betyder-namnet-jesus\/\" data-type=\"page\" data-id=\"961\">What does the name Jesus mean?<\/a><\/p>\n\n\n\n<p><\/p>","protected":false},"excerpt":{"rendered":"<p>Ber\u00e4ttelserna i Bibeln om de underverk som Jesus utf\u00f6rde, ber\u00f6r lika starkt varje g\u00e5ng man l\u00e4ser dem.&nbsp;F\u00f6ljande vittnesb\u00f6rd \u00e4r kort och enkelt, men just d\u00e4rf\u00f6r ocks\u00e5 s\u00e5 kraftfullt: &#8221;N\u00e4r han var i en av st\u00e4derna stod d\u00e4r en man som var full av spet\u00e4lska. Han fick se Jesus och kastade sig till marken framf\u00f6r honom [&hellip;]<\/p>\n","protected":false},"author":2,"featured_media":0,"parent":0,"menu_order":0,"comment_status":"closed","ping_status":"closed","template":"","meta":{"footnotes":""},"class_list":["post-2245","page","type-page","status-publish","hentry"],"_links":{"self":[{"href":"https:\/\/bibelbloggen.se\/en\/wp-json\/wp\/v2\/pages\/2245","targetHints":{"allow":["GET"]}}],"collection":[{"href":"https:\/\/bibelbloggen.se\/en\/wp-json\/wp\/v2\/pages"}],"about":[{"href":"https:\/\/bibelbloggen.se\/en\/wp-json\/wp\/v2\/types\/page"}],"author":[{"embeddable":true,"href":"https:\/\/bibelbloggen.se\/en\/wp-json\/wp\/v2\/users\/2"}],"replies":[{"embeddable":true,"href":"https:\/\/bibelbloggen.se\/en\/wp-json\/wp\/v2\/comments?post=2245"}],"version-history":[{"count":8,"href":"https:\/\/bibelbloggen.se\/en\/wp-json\/wp\/v2\/pages\/2245\/revisions"}],"predecessor-version":[{"id":2472,"href":"https:\/\/bibelbloggen.se\/en\/wp-json\/wp\/v2\/pages\/2245\/revisions\/2472"}],"wp:attachment":[{"href":"https:\/\/bibelbloggen.se\/en\/wp-json\/wp\/v2\/media?parent=2245"}],"curies":[{"name":"wp","href":"https:\/\/api.w.org\/{rel}","templated":true}]}}