{"id":2287,"date":"2025-07-06T21:57:30","date_gmt":"2025-07-06T19:57:30","guid":{"rendered":"https:\/\/bibelbloggen.se\/?page_id=2287"},"modified":"2025-07-07T00:07:42","modified_gmt":"2025-07-06T22:07:42","slug":"vill-du-fa-evigt-liv","status":"publish","type":"page","link":"https:\/\/bibelbloggen.se\/en\/vill-du-fa-evigt-liv\/","title":{"rendered":"Do you want eternal life?"},"content":{"rendered":"\n<h4 class=\"wp-block-heading\">I s\u00e5 fall \u00e4r det absolut n\u00f6dv\u00e4ndigt att du blir f\u00f6dd p\u00e5 nytt. Varf\u00f6r det och vad betyder det?<\/h4>\n\n\n\n<p>Jesus sa:<\/p>\n\n\n\n<blockquote class=\"wp-block-quote is-layout-flow wp-block-quote-is-layout-flow\">\n<p><strong>\u201dJa, sannerligen s\u00e4ger jag dig: den som inte f\u00f6ds p\u00e5 nytt f\u00e5r aldrig se Guds rike.\u201d<\/strong><\/p>\n<\/blockquote>\n\n\n\n<p>F\u00f6r att kunna komma in i Guds rike och vinna det eviga livet beh\u00f6ver du f\u00f6das p\u00e5 nytt, vare sig du tror att du kommer till himlen eller uppst\u00e5r p\u00e5 jorden. Men hur blir man d\u00e5 f\u00f6dd p\u00e5 nytt? Nikodemos fr\u00e5gade samma sak&#8230;<\/p>\n\n\n\n<blockquote class=\"wp-block-quote is-layout-flow wp-block-quote-is-layout-flow\">\n<p><strong>&#8221;Hur kan n\u00e5gon f\u00f6das p\u00e5 nytt n\u00e4r man \u00e4r gammal?&#8221;<\/strong> undrade Nikodemos.<\/p>\n\n\n\n<p><strong>&#8221;Man kan v\u00e4l inte komma in i sin moders liv och f\u00f6das igen?&#8221;<\/strong><\/p>\n\n\n\n<p>Jesus svarade:<\/p>\n\n\n\n<p><strong>&#8221;Ja, sannerligen s\u00e4ger jag dig: den som inte blir f\u00f6dd av vatten och Ande f\u00e5r \u00f6verhuvudtaget inte komma in i Guds rike.&#8221;<\/strong> (Joh 3:3)<\/p>\n<\/blockquote>\n\n\n\n<figure class=\"wp-block-image aligncenter size-full\"><a href=\"https:\/\/bibelbloggen.se\/wp-content\/uploads\/2025\/07\/Paradis-utan-bakgrund.png\"><img loading=\"lazy\" decoding=\"async\" width=\"500\" height=\"355\" src=\"https:\/\/bibelbloggen.se\/wp-content\/uploads\/2025\/07\/Paradis-utan-bakgrund.png\" alt=\"\" class=\"wp-image-2293\" srcset=\"https:\/\/bibelbloggen.se\/wp-content\/uploads\/2025\/07\/Paradis-utan-bakgrund.png 500w, https:\/\/bibelbloggen.se\/wp-content\/uploads\/2025\/07\/Paradis-utan-bakgrund-300x213.png 300w, https:\/\/bibelbloggen.se\/wp-content\/uploads\/2025\/07\/Paradis-utan-bakgrund-18x12.png 18w\" sizes=\"auto, (max-width: 500px) 100vw, 500px\" \/><\/a><\/figure>\n\n\n\n<p>Varf\u00f6r sa Jesus s\u00e5? T\u00e4nk dig att du skulle g\u00e5 till ett fr\u00e4mmande hus, knacka p\u00e5 och fr\u00e5ga om du f\u00e5r bo d\u00e4r \u2013 utan att tillh\u00f6ra familjen. Kommer de ens att sl\u00e4ppa in dig innanf\u00f6r d\u00f6rren? P\u00e5 samma s\u00e4tt kommer du inte att bli insl\u00e4ppt i Guds hus eller rike om du inte tillh\u00f6r Guds familj. Det \u00e4r d\u00e4rf\u00f6r Jesus gjort stora anstr\u00e4ngningar och betalat ett mycket h\u00f6gt pris, f\u00f6r att kunna adoptera oss som sina egna barn.<\/p>\n\n\n\n<blockquote class=\"wp-block-quote is-layout-flow wp-block-quote-is-layout-flow\">\n<p><strong>&#8221;\u00c5t alla som tog emot [Jesus] gav han r\u00e4tten att bli Guds barn, \u00e5t alla som tror p\u00e5 hans namn och som inte \u00e4r f\u00f6dda genom blod, eller k\u00f6ttets vilja, eller av n\u00e5gon mans vilja, utan av Gud.&#8221;<\/strong> (Joh 1:10\u201313, NUB)<\/p>\n<\/blockquote>\n\n\n\n<p>Hur blir man d\u00e5 f\u00f6dd p\u00e5 nytt? Vi s\u00e5g att vi f\u00f6rst beh\u00f6ver tro p\u00e5 Jesu namn, det vill s\u00e4ga, inse vem Jesus \u00e4r och s\u00e4tta v\u00e5r tillit till r\u00e4ddningen i hans namn. Vi beh\u00f6ver ocks\u00e5 bek\u00e4nna denna tro genom v\u00e5r mun (Rom 10,9,10) och genom dopet i vatten och i den Helige Ande  (Joh 3:3). <\/p>\n\n\n\n<p>Vi s\u00e5g ocks\u00e5 att ingen kan bli en ny m\u00e4nniska i egen kraft, utan det sker enbart genom Guds hand (Joh 1:13), n\u00e5got vi dock beh\u00f6ver s\u00e4ga ja till. F\u00f6r Gud har gett oss en fri vilja s\u00e5 han tvingar sig inte p\u00e5 oss m\u00e4nniskor. <\/p>\n\n\n\n<p>F\u00f6dd p\u00e5 nytt blir allts\u00e5 en m\u00e4nniska genom att:<\/p>\n\n\n\n<ol class=\"wp-block-list\">\n<li>inse sitt behov av Jesus i sitt liv och omv\u00e4nda sig fr\u00e5n sina egna v\u00e4gar,<\/li>\n\n\n\n<li>v\u00e4lja att s\u00e4ga ja till inbjudan att f\u00f6lja Jesus som sin Herre och ta emot honom som sin personlige Fr\u00e4lsare i sitt hj\u00e4rta och<\/li>\n\n\n\n<li>d\u00f6pa sig i vatten och ta emot dopet i den Helige Ande.<\/li>\n<\/ol>\n\n\n\n<p>De som \u00e4r f\u00f6dda p\u00e5 nytt p\u00e5 det h\u00e4r s\u00e4ttet har blivit barn i Guds rike, tillh\u00f6r hans familj och \u00e4r v\u00e4lkomna att bo i hans hus. Men de som s\u00e4ger nej till den h\u00e4r adoptionsprocessen tillh\u00f6r inte Guds familj och har d\u00e4rf\u00f6r, helt naturligt, ingen plats d\u00e4r.<\/p>\n\n\n\n<p>Jesus bad ocks\u00e5:<\/p>\n\n\n\n<blockquote class=\"wp-block-quote is-layout-flow wp-block-quote-is-layout-flow\">\n<p><strong>&#8221;Evigt liv \u00e4r att de k\u00e4nner dig, den ende sanne Guden, <\/strong><strong>och Jesus Kristus som du har s\u00e4nt.<\/strong><strong>&#8221;<\/strong> (Joh 17:3, NUB)<\/p>\n<\/blockquote>\n\n\n\n<p>Vi beh\u00f6ver allts\u00e5 b\u00e5de \u00e4ra och k\u00e4nna Jesus, p\u00e5 samma s\u00e4tt som vi \u00e4rar och k\u00e4nner Fadern. Det betyder att vi inte kan tro att vi har en personlig relation till Fadern om vi inte ocks\u00e5 har det till Jesus.<\/p>\n\n\n\n<p>Han sa:<\/p>\n\n\n\n<blockquote class=\"wp-block-quote is-layout-flow wp-block-quote-is-layout-flow\">\n<p><strong>&#8221;Jag \u00e4r v\u00e4gen, sanningen och livet. Ingen kan komma till Fadern utom genom mig.&#8221;<\/strong> (Joh 14:6, NUB)<\/p>\n<\/blockquote>\n\n\n\n<p>Har du g\u00e5tt till Fadern genom din relation med Jesus? Om inte, beh\u00f6ver du be Gud att uppenbara den verkliga sanningen f\u00f6r dig \u2013 den som g\u00f6r dig fri.<\/p>\n\n\n\n<p>Lyssna g\u00e4rna p\u00e5 vad m\u00e4nniskor har att s\u00e4ga \u2013 men pr\u00f6va alltid deras ord, inklusive mina, mot Guds rena och of\u00f6rfalskade Ord. N\u00e4r du s\u00f6ker sanningen, v\u00e4nd dig f\u00f6rst och fr\u00e4mst till Gud. Be Honom leda dig till de r\u00e4tta m\u00e4nniskorna som kan hj\u00e4lpa dig p\u00e5 v\u00e4gen. L\u00e5t det vara Gud, och ingen annan, som \u00f6vertygar ditt hj\u00e4rta \u2013 f\u00f6r det \u00e4r bara Han som kan ge dig det sanna och eviga livet.<\/p>\n\n\n\n<p>Jag finns h\u00e4r f\u00f6r dig om du beh\u00f6ver st\u00f6d p\u00e5 din resa.<\/p>\n\n\n\n<p><\/p>\n\n\n\n<h3 class=\"wp-block-heading\"><strong>Uppt\u00e4ck mer:<\/strong><\/h3>\n\n\n\n<p><a href=\"https:\/\/bibelbloggen.se\/ar-jesus-gud\">\u00c4r Jesus Gud?<\/a><\/p>\n\n\n\n<p><a href=\"https:\/\/bibelbloggen.se\/?page_id=961\">Vad betyder namnet Jesus?<\/a><\/p>\n\n\n\n<p><a href=\"https:\/\/bibelbloggen.se\/?page_id=640\">Hur blir man r\u00e4ddad?<\/a><\/p>\n\n\n\n<p><\/p>\n","protected":false},"excerpt":{"rendered":"<p>I s\u00e5 fall \u00e4r det absolut n\u00f6dv\u00e4ndigt att du blir f\u00f6dd p\u00e5 nytt. Varf\u00f6r det och vad betyder det? Jesus sa: \u201dJa, sannerligen s\u00e4ger jag dig: den som inte f\u00f6ds p\u00e5 nytt f\u00e5r aldrig se Guds rike.\u201d F\u00f6r att kunna komma in i Guds rike och vinna det eviga livet beh\u00f6ver du f\u00f6das p\u00e5 nytt, [&hellip;]<\/p>\n","protected":false},"author":2,"featured_media":0,"parent":0,"menu_order":0,"comment_status":"closed","ping_status":"closed","template":"","meta":{"footnotes":""},"class_list":["post-2287","page","type-page","status-publish","hentry"],"_links":{"self":[{"href":"https:\/\/bibelbloggen.se\/en\/wp-json\/wp\/v2\/pages\/2287","targetHints":{"allow":["GET"]}}],"collection":[{"href":"https:\/\/bibelbloggen.se\/en\/wp-json\/wp\/v2\/pages"}],"about":[{"href":"https:\/\/bibelbloggen.se\/en\/wp-json\/wp\/v2\/types\/page"}],"author":[{"embeddable":true,"href":"https:\/\/bibelbloggen.se\/en\/wp-json\/wp\/v2\/users\/2"}],"replies":[{"embeddable":true,"href":"https:\/\/bibelbloggen.se\/en\/wp-json\/wp\/v2\/comments?post=2287"}],"version-history":[{"count":10,"href":"https:\/\/bibelbloggen.se\/en\/wp-json\/wp\/v2\/pages\/2287\/revisions"}],"predecessor-version":[{"id":2306,"href":"https:\/\/bibelbloggen.se\/en\/wp-json\/wp\/v2\/pages\/2287\/revisions\/2306"}],"wp:attachment":[{"href":"https:\/\/bibelbloggen.se\/en\/wp-json\/wp\/v2\/media?parent=2287"}],"curies":[{"name":"wp","href":"https:\/\/api.w.org\/{rel}","templated":true}]}}