{"id":2400,"date":"2025-08-13T19:33:08","date_gmt":"2025-08-13T17:33:08","guid":{"rendered":"https:\/\/bibelbloggen.se\/?page_id=2400"},"modified":"2025-09-30T16:36:17","modified_gmt":"2025-09-30T14:36:17","slug":"uppryckandet-ett-bibliskt-hopp-for-de-heliga","status":"publish","type":"page","link":"https:\/\/bibelbloggen.se\/en\/uppryckandet-ett-bibliskt-hopp-for-de-heliga\/","title":{"rendered":"Uppryckandet &#8211; Ett bibliskt hopp f\u00f6r de heliga"},"content":{"rendered":"<h4 class=\"wp-block-heading\">Tanken om <em>uppryckandet<\/em> &#8211; det pl\u00f6tsliga bortf\u00f6randet av de troende f\u00f6r att m\u00f6ta Herren &#8211; \u00e4r ett av Bibelns mest hoppfulla l\u00f6ften. Sj\u00e4lva ordet \u201cuppryckandet\u201d st\u00e5r inte i Bibeln p\u00e5 svenska, men det kommer fr\u00e5n det latinska <em>rapturo<\/em>, som \u00f6vers\u00e4tter det grekiska ordet <em>harpaz\u014d<\/em> (\u201crycka bort\u201d) i Nya testamentet.<\/h4>\n\n\n\n<p>Uppryckandet \u00e4r inte bara rotat i Nya testamentet, utan antyds redan i Gamla testamentet, d\u00e4r Gud flera g\u00e5nger tar sina tj\u00e4nare direkt till sig.<\/p>\n\n\n\n<hr class=\"wp-block-separator has-alpha-channel-opacity\"\/>\n\n\n\n<h3 class=\"wp-block-heading\"><strong>Gamla testamentets f\u00f6rebilder<\/strong><\/h3>\n\n\n\n<h4 class=\"wp-block-heading\"><strong>Henok<\/strong><\/h4>\n\n\n\n<blockquote class=\"wp-block-quote is-layout-flow wp-block-quote-is-layout-flow\">\n<p>\u201cHenok vandrade med Gud, och han fanns inte mer, ty Gud tog honom.\u201d (<em>1 Mos 5:24<\/em>: )<\/p>\n<\/blockquote>\n\n\n\n<p>Henoks bortf\u00f6rande \u00e4r den f\u00f6rsta nedtecknade h\u00e4ndelsen d\u00e4r n\u00e5gon helt undg\u00e5r d\u00f6den \u2014 en levande bild av det som ska ske vid uppryckandet.<\/p>\n\n\n\n<h4 class=\"wp-block-heading\"><strong>Elia<\/strong><\/h4>\n\n\n\n<blockquote class=\"wp-block-quote is-layout-flow wp-block-quote-is-layout-flow\">\n<p>\u201cPl\u00f6tsligt kom en vagn av eld med h\u00e4star av eld\u2026 och Elia for upp till himlen i en stormvind.\u201d (<em>2 Kung 2:11<\/em>)<\/p>\n<\/blockquote>\n\n\n\n<p>Elias dramatiska himmelsf\u00e4rd visar att Gud kan &#8211; och kommer &#8211; att h\u00e4mta sina tj\u00e4nare fr\u00e5n jorden med sin stora makt.<\/p>\n\n\n\n<hr class=\"wp-block-separator has-alpha-channel-opacity\"\/>\n\n\n\n<h3 class=\"wp-block-heading\">2. <strong>Nya testamentets glimtar innan undervisningen om uppryckandet<\/strong><\/h3>\n\n\n\n<h4 class=\"wp-block-heading\"><strong>Jesu himmelsf\u00e4rd<\/strong><\/h4>\n\n\n\n<blockquote class=\"wp-block-quote is-layout-flow wp-block-quote-is-layout-flow\">\n<p>\u201cMedan de s\u00e5g p\u00e5 lyftes han upp, och ett moln tog honom ur deras \u00e5syn.\u201d<br>(<em>Apg 1:9<\/em>)<\/p>\n<\/blockquote>\n\n\n\n<p>Jesu egen himmelsf\u00e4rd \u00e4r en f\u00f6raning om de troendes m\u00f6te med honom i molnen.<\/p>\n\n\n\n<h4 class=\"wp-block-heading\"><strong>Filippus<\/strong><\/h4>\n\n\n\n<blockquote class=\"wp-block-quote is-layout-flow wp-block-quote-is-layout-flow\">\n<p>\u201cHerrens Ande ryckte pl\u00f6tsligt bort Filippus\u2026\u201d (<em>Apg 8:39\u201340<\/em>)<\/p>\n<\/blockquote>\n\n\n\n<p>\u00c4ven om Filippus flyttades inom jordens omr\u00e5de \u00e4r det en mindre f\u00f6rsmak av den st\u00f6rre h\u00e4ndelsen som v\u00e4ntar.<\/p>\n\n\n\n<hr class=\"wp-block-separator has-alpha-channel-opacity\"\/>\n\n\n\n<h3 class=\"wp-block-heading\"><strong>Paulus undervisning om uppryckandet<\/strong><\/h3>\n\n\n\n<p>Den tydligaste bibliska undervisningen om uppryckandet kommer fr\u00e5n aposteln Paulus.<\/p>\n\n\n\n<h4 class=\"wp-block-heading\"><strong>Basunen och de d\u00f6das uppst\u00e5ndelse<\/strong><\/h4>\n\n\n\n<blockquote class=\"wp-block-quote is-layout-flow wp-block-quote-is-layout-flow\">\n<p>\u201cTy Herren sj\u00e4lv ska stiga ner fr\u00e5n himlen, och ett rop ska h\u00f6ras, \u00e4rke\u00e4ngelns r\u00f6st och Guds basun. Och f\u00f6rst ska de som d\u00f6tt i Kristus uppst\u00e5. D\u00e4refter ska vi som lever och \u00e4r kvar ryckas upp tillsammans med dem i skyar f\u00f6r att m\u00f6ta Herren i rymden. Och s\u00e5 ska vi alltid vara hos Herren.\u201d (<em>1 Thess 4:16\u201317<\/em>)<\/p>\n<\/blockquote>\n\n\n\n<p>Paulus betonar:<\/p>\n\n\n\n<ol class=\"wp-block-list\">\n<li><strong>Herrens nedstigande<\/strong> &#8211; \u00e4nnu inte till jorden, utan till lufthimlen.<\/li>\n\n\n\n<li><strong>De d\u00f6das uppst\u00e5ndelse i Kristus<\/strong> &#8211; de som d\u00f6tt i tro p\u00e5 Jesus ska f\u00f6rst uppst\u00e5.<\/li>\n\n\n\n<li><strong>Uppryckandet av de levande troende<\/strong> &#8211; omedelbar f\u00f6rvandling utan att se d\u00f6den.<\/li>\n\n\n\n<li><strong>M\u00f6tet i rymden<\/strong> &#8211; en gl\u00e4djefylld samling mellan himmel och jord.<\/li>\n<\/ol>\n\n\n\n<h4 class=\"wp-block-heading\"><strong>F\u00f6rvandlingen i ett \u00f6gonblick<\/strong><\/h4>\n\n\n\n<blockquote class=\"wp-block-quote is-layout-flow wp-block-quote-is-layout-flow\">\n<p>\u201cVi ska inte alla insomna, men vi ska alla f\u00f6rvandlas, i ett nu, p\u00e5 ett \u00f6gonblick, vid den sista basunen.\u201d (<em>1 Kor 15:51\u201352<\/em>)<\/p>\n<\/blockquote>\n\n\n\n<p>Uppryckandet handlar inte bara om att flyttas, utan att f\u00f6rvandlas: v\u00e5ra d\u00f6dliga kroppar ska bli od\u00f6dliga och anpassade f\u00f6r evigt liv i Guds n\u00e4rvaro.<\/p>\n\n\n\n<hr class=\"wp-block-separator has-alpha-channel-opacity\"\/>\n\n\n\n<h3 class=\"wp-block-heading\"><strong>M\u00f6tet i \u201crymden\u201d<\/strong><\/h3>\n\n\n\n<p>Paulus anv\u00e4nder det grekiska ordet <em>apant\u0113sis<\/em> (\u201cm\u00f6te\u201d) som anv\u00e4ndes n\u00e4r man gick ut f\u00f6r att v\u00e4lkomna en framst\u00e5ende person och sedan f\u00f6lja honom in. Vid uppryckandet m\u00f6ter de troende Kristus \u201ci luften\u201d &#8211; rymden mellan himmel och jord &#8211; i en dramatisk stund av f\u00f6rening och seger.<\/p>\n\n\n\n<hr class=\"wp-block-separator has-alpha-channel-opacity\"\/>\n\n\n\n<h3 class=\"wp-block-heading\"><strong>Syftet och tr\u00f6sten med uppryckandet<\/strong><\/h3>\n\n\n\n<p>Paulus avslutar sin undervisning om uppryckandet med:<\/p>\n\n\n\n<blockquote class=\"wp-block-quote is-layout-flow wp-block-quote-is-layout-flow\">\n<p class=\"translation-block\">\"Therefore comfort one another with these words.\" <em>(1 Thess 4:18)<\/em><\/p>\n<\/blockquote>\n\n\n\n<p>Uppryckandet \u00e4r inte ett sk\u00e4l till r\u00e4dsla f\u00f6r de troende, utan ett l\u00f6fte om r\u00e4ddning, \u00e5terf\u00f6rening och bel\u00f6ning. Det markerar slutet p\u00e5 f\u00f6rsamlingens jordiska uppdrag och b\u00f6rjan p\u00e5 evig gemenskap med Herren.<\/p>\n\n\n\n<hr class=\"wp-block-separator has-alpha-channel-opacity\"\/>\n\n\n\n<h3 class=\"wp-block-heading\"><strong>Slutsats<\/strong><\/h3>\n\n\n\n<p>Fr\u00e5n Henoks stilla bortf\u00f6rande till Elias eldvagn, fr\u00e5n Jesu himmelsf\u00e4rd till Paulus detaljerade profetia, visar Bibeln uppryckandet som ett \u00f6vernaturligt ingripande i historien. Vid basunens ljud ska de d\u00f6da i Kristus uppst\u00e5, de levande f\u00f6rvandlas, och tillsammans ska de m\u00f6ta Herren i rymden &#8211; och aldrig mer skiljas fr\u00e5n honom.<\/p>\n\n\n\n<blockquote class=\"wp-block-quote is-layout-flow wp-block-quote-is-layout-flow\">\n<p>\u201cKom, Herre Jesus!\u201d (Upp 22:20)<\/p>\n<\/blockquote>\n\n\n\n<p><\/p>\n\n\n\n<h3 class=\"wp-block-heading\">Uppt\u00e4ck mer:<\/h3>\n\n\n\n<p><a href=\"https:\/\/bibelbloggen.se\/en\/vill-du-fa-evigt-liv\/\" data-type=\"page\" data-id=\"2287\" target=\"_blank\" rel=\"noreferrer noopener nofollow\">Do you want eternal life?<\/a><\/p>\n\n\n\n<p><a href=\"https:\/\/bibelbloggen.se\/en\/hur-blir-man-raddad-fralst\/\" data-type=\"page\" data-id=\"640\" target=\"_blank\" rel=\"noreferrer noopener nofollow\">How can one be saved?<\/a><\/p>\n\n\n\n<p><a href=\"https:\/\/bibelbloggen.se\/en\/arkiv\/2529\/\" data-type=\"post\" data-id=\"2529\" target=\"_blank\" rel=\"noreferrer noopener nofollow\">Brother Joshua's encounter with Jesus<\/a><\/p>","protected":false},"excerpt":{"rendered":"<p>Tanken om uppryckandet &#8211; det pl\u00f6tsliga bortf\u00f6randet av de troende f\u00f6r att m\u00f6ta Herren &#8211; \u00e4r ett av Bibelns mest hoppfulla l\u00f6ften. Sj\u00e4lva ordet \u201cuppryckandet\u201d st\u00e5r inte i Bibeln p\u00e5 svenska, men det kommer fr\u00e5n det latinska rapturo, som \u00f6vers\u00e4tter det grekiska ordet harpaz\u014d (\u201crycka bort\u201d) i Nya testamentet. Uppryckandet \u00e4r inte bara rotat i [&hellip;]<\/p>\n","protected":false},"author":2,"featured_media":0,"parent":0,"menu_order":0,"comment_status":"closed","ping_status":"closed","template":"","meta":{"footnotes":""},"class_list":["post-2400","page","type-page","status-publish","hentry"],"_links":{"self":[{"href":"https:\/\/bibelbloggen.se\/en\/wp-json\/wp\/v2\/pages\/2400","targetHints":{"allow":["GET"]}}],"collection":[{"href":"https:\/\/bibelbloggen.se\/en\/wp-json\/wp\/v2\/pages"}],"about":[{"href":"https:\/\/bibelbloggen.se\/en\/wp-json\/wp\/v2\/types\/page"}],"author":[{"embeddable":true,"href":"https:\/\/bibelbloggen.se\/en\/wp-json\/wp\/v2\/users\/2"}],"replies":[{"embeddable":true,"href":"https:\/\/bibelbloggen.se\/en\/wp-json\/wp\/v2\/comments?post=2400"}],"version-history":[{"count":2,"href":"https:\/\/bibelbloggen.se\/en\/wp-json\/wp\/v2\/pages\/2400\/revisions"}],"predecessor-version":[{"id":2556,"href":"https:\/\/bibelbloggen.se\/en\/wp-json\/wp\/v2\/pages\/2400\/revisions\/2556"}],"wp:attachment":[{"href":"https:\/\/bibelbloggen.se\/en\/wp-json\/wp\/v2\/media?parent=2400"}],"curies":[{"name":"wp","href":"https:\/\/api.w.org\/{rel}","templated":true}]}}