{"id":404,"date":"2017-01-25T21:57:40","date_gmt":"2017-01-25T19:57:40","guid":{"rendered":"https:\/\/bibelbloggen.se\/?page_id=404"},"modified":"2020-04-21T01:58:41","modified_gmt":"2020-04-20T23:58:41","slug":"vem-ar-jesus","status":"publish","type":"page","link":"https:\/\/bibelbloggen.se\/en\/vem-ar-jesus\/","title":{"rendered":"Vem \u00e4r Jesus?"},"content":{"rendered":"\n<div class=\"wp-block-group\"><div class=\"wp-block-group__inner-container is-layout-flow wp-block-group-is-layout-flow\">\n<div class=\"wp-block-group\"><div class=\"wp-block-group__inner-container is-layout-flow wp-block-group-is-layout-flow\">\n<div class=\"wp-block-group\"><div class=\"wp-block-group__inner-container is-layout-flow wp-block-group-is-layout-flow\">\n<div class=\"wp-block-group\"><div class=\"wp-block-group__inner-container is-layout-flow wp-block-group-is-layout-flow\">\n<div class=\"wp-block-group\"><div class=\"wp-block-group__inner-container is-layout-flow wp-block-group-is-layout-flow\">\n<div class=\"wp-block-group\"><div class=\"wp-block-group__inner-container is-layout-flow wp-block-group-is-layout-flow\">\n<div class=\"wp-block-group\"><div class=\"wp-block-group__inner-container is-layout-flow wp-block-group-is-layout-flow\">\n<div class=\"wp-block-group\"><div class=\"wp-block-group__inner-container is-layout-flow wp-block-group-is-layout-flow\">\n<div class=\"wp-block-group\"><div class=\"wp-block-group__inner-container is-layout-flow wp-block-group-is-layout-flow\">\n<div class=\"wp-block-group\"><div class=\"wp-block-group__inner-container is-layout-flow wp-block-group-is-layout-flow\">\n<div class=\"wp-block-group\"><div class=\"wp-block-group__inner-container is-layout-flow wp-block-group-is-layout-flow\">\n<div class=\"wp-block-group\"><div class=\"wp-block-group__inner-container is-layout-flow wp-block-group-is-layout-flow\">\n<div class=\"wp-block-group\"><div class=\"wp-block-group__inner-container is-layout-flow wp-block-group-is-layout-flow\">\n<div class=\"wp-block-group\"><div class=\"wp-block-group__inner-container is-layout-flow wp-block-group-is-layout-flow\">\n<div class=\"wp-block-group\"><div class=\"wp-block-group__inner-container is-layout-flow wp-block-group-is-layout-flow\">\n<h2 class=\"p1 wp-block-heading\"><span class=\"s1\">M\u00e5nga \u00f6ver v\u00e4rlden har olika \u00e5sikter om vem Jesus \u00e4r.<\/span><\/h2>\n\n\n\n<p><\/p>\n\n\n\n<hr class=\"wp-block-separator is-style-dots\"\/>\n\n\n\n<h4 class=\"wp-block-heading\" style=\"line-height:1.8\">Muslimerna s\u00e4ger att han \u00e4r en stor profet vid sidan om Muhammed.  <\/h4>\n\n\n\n<h4 class=\"wp-block-heading\" style=\"line-height:1.8\">Hinduerna menar han \u00e4r en av m\u00e5nga tusen gudar eller avatarer.  <\/h4>\n\n\n\n<h4 class=\"wp-block-heading\" style=\"line-height:1.8\">Mormonerna framst\u00e4ller Jesus som en son till Gud j\u00e4mst\u00e4lld med Satan innan han f\u00f6ll.  <\/h4>\n\n\n\n<h4 class=\"wp-block-heading\" style=\"line-height:1.8\">Jehovas vittnen g\u00f6r honom till den m\u00e4ktigaste \u00e4ngeln i himlen b\u00e5de innan och efter han var m\u00e4nniska p\u00e5 jorden.  <\/h4>\n\n\n\n<h4 class=\"wp-block-heading\" style=\"line-height:1.8\">Och buddhisterna tror att han helt enkelt var en upplyst man som ins\u00e5g att han \u00e4r gud precis som alla andra m\u00e4nniskor kan komma till samma insikt. <\/h4>\n\n\n\n<h3 class=\"wp-block-heading\">&nbsp;<\/h3>\n\n\n\n<h3 class=\"p1 wp-block-heading\"><span class=\"s1\">Vad <\/span><span class=\"s1\">l\u00e4r Bibeln?<\/span><\/h3>\n\n\n\n<p class=\"p1\"><span class=\"s1\">S\u00e5 vem \u00e4r Jesus? Vad s\u00e4ger de flesta kristna om Jesu identitet och varf\u00f6r \u00e4r det viktigt att verkligen g\u00e5 till botten med vem Jesus \u00e4r? D\u00e4rf\u00f6r att det har betydelse f\u00f6r v\u00e5rt eviga liv.<\/span><\/p>\n\n\n\n<blockquote class=\"wp-block-quote is-layout-flow wp-block-quote-is-layout-flow\"><p class=\"p1\"><span class=\"s1\">\u201dM\u00e5nga andra tecken som inte \u00e4r nerskrivna i denna bok [Johannes evangelium] gjorde Jesus inf\u00f6r sina l\u00e4rjungar. Men dessa har blivit nerskrivna <span style=\"text-decoration: underline;\">f\u00f6r att ni ska tro att Jesus \u00e4r Messias, Guds Son, och f\u00f6r att ni genom tron ska ha liv i hans namn.<\/span>\u201d (Johannes 20:30,31)<\/span><\/p><\/blockquote>\n\n\n\n<p class=\"p1\"><span class=\"s1\">S\u00e5 vad betyder det att Jesus \u00e4r Guds Son?<\/span><\/p>\n\n\n\n<p class=\"p1\"><span class=\"s1\">Filipperna 2:6,7 s\u00e4ger:<\/span><\/p>\n\n\n\n<blockquote class=\"wp-block-quote is-layout-flow wp-block-quote-is-layout-flow\"><p class=\"p1\"><span class=\"s1\">\u201dHan var <span style=\"text-decoration: underline;\">till i Guds gestalt<\/span> men r\u00e4knade inte <span style=\"text-decoration: underline;\">j\u00e4mlikheten med Gud<\/span> som segerbyte, utan utgav sig sj\u00e4lv och tog en tj\u00e4nares gestalt och blev m\u00e4nniskan lik.\u201d<\/span><\/p><\/blockquote>\n\n\n\n<p class=\"p1\"><span class=\"s1\">H\u00e4r s\u00e4gs att Jesus var till i Guds gestalt och j\u00e4mlik Gud i himlen. Om vi ska tro detta var han varken en \u00e4ngel eller bror till Satan innan han kom till jorden. Han var heller ingen vanlig profet lik andra m\u00e4nniskor som Gud kallat och helt klart ingen vanlig m\u00e4nniska. <\/span><\/p>\n\n\n\n<p class=\"p1\"><span class=\"s1\">S\u00e5 vad var han? Bibeln talar om Jesus som Guds Son, Messias och M\u00e4nniskosonen. Det betyder att han var f\u00f6dd av Gud som hans ende Son och att han d\u00e4rf\u00f6r hade Guds natur. <\/span><\/p>\n\n\n\n<p class=\"p1\"><span class=\"s1\">Vilka ytterligare skriftst\u00e4llen bekr\u00e4ftar detta? Paulus skrev:<\/span><\/p>\n\n\n\n<blockquote class=\"wp-block-quote is-layout-flow wp-block-quote-is-layout-flow\"><p>&#8221;<span class=\"verse v15\" data-usfm=\"COL.1.15\"><span class=\"content\">Han \u00e4r <span style=\"text-decoration: underline;\">den osynlige Gudens avbild<\/span>, f\u00f6rstf\u00f6dd <span style=\"text-decoration: underline;\">f\u00f6re allt skapat<\/span>,&nbsp;<\/span><\/span><span class=\"verse v16\" data-usfm=\"COL.1.16\"><span class=\"content\">f\u00f6r i honom skapades allt i himlen och p\u00e5 jorden: synligt och osynligt, tronfurstar och herrad\u00f6men, h\u00e4rskare och makter \u2013 allt \u00e4r skapat genom honom och till honom.&nbsp;<\/span><\/span><span class=\"verse v17\" data-usfm=\"COL.1.17\"><span class=\"content\"><span style=\"text-decoration: underline;\">Han \u00e4r till f\u00f6re allt<\/span>, och <span style=\"text-decoration: underline;\">allt h\u00e5lls samman genom honom<\/span>.&#8221; (Kol 1:15-17)<\/span><\/span><\/p><\/blockquote>\n\n\n\n<p>Eftersom han enligt detta bibelord var till <span style=\"text-decoration: underline;\">f\u00f6re ALLT skapat<\/span>, kan han sj\u00e4lv inte varit en del av, utan befann sig utanf\u00f6r det skapade.<\/p>\n\n\n\n<p>Inte nog med det, allt skapat h\u00e5lls samman genom honom. D\u00e4rf\u00f6r, vore det inte f\u00f6r honom och det faktum att han sammanh\u00e5ller hela universum, skulle det kollapsa och bli till intet. Ingen skapad \u00e4ngel har en s\u00e5dan makt. Bara en person med gudomlig natur.<\/p>\n\n\n\n<p>Johannes f\u00f6rklarar:<\/p>\n\n\n\n<blockquote class=\"wp-block-quote is-layout-flow wp-block-quote-is-layout-flow\"><p><span class=\"verse v1\" data-usfm=\"JHN.1.1\"><span class=\"content\">&#8221;I begynnelsen var Ordet<\/span><span class=\"content\">&nbsp;och <span style=\"text-decoration: underline;\">Ordet var hos Gud<\/span>, och <span style=\"text-decoration: underline;\">Ordet var Gud<\/span>.&nbsp;<\/span><\/span><span class=\"verse v2\" data-usfm=\"JHN.1.2\"><span class=\"content\">Han var i begynnelsen hos Gud.&nbsp;<\/span><\/span><span class=\"verse v3\" data-usfm=\"JHN.1.3\"><span class=\"content\">Allt blev till genom honom, och <span style=\"text-decoration: underline;\">utan honom blev ingenting till av det som \u00e4r till<\/span>.&#8221; (Joh 1:1)<\/span><\/span><\/p><\/blockquote>\n\n\n\n<p>Innan Jesus l\u00e4mnade sin h\u00e4rlighet i himlen var han hos Gud Fadern som Gud Sonen eller &#8221;Ordet&#8221;. Han kom till v\u00e5r v\u00e4rld i m\u00e4nsklig gestalt, med en m\u00e4nsklig mor men utan en m\u00e4nsklig far. Bara Gud var hans Far och han s\u00e4nde sin Son f\u00f6r att ge m\u00e4nniskorna en bild av den osynlige Guden och ge dem liv.<\/p>\n\n\n\n<blockquote class=\"wp-block-quote is-layout-flow wp-block-quote-is-layout-flow\"><p><span class=\"content\">&#8221;Ordet blev k\u00f6tt <\/span><span class=\"content\">och bodde bland oss <\/span><span class=\"content\">och vi s\u00e5g hans h\u00e4rlighet, den h\u00e4rlighet som den Enf\u00f6dde har fr\u00e5n Fadern.&#8221; (Joh 1:14)<\/span><\/p><\/blockquote>\n\n\n\n<p>Han kom till v\u00e4rlden som den som skapat den, men m\u00e4nniskorna k\u00e4nde inte igen honom f\u00f6r den han var och ville inte tro att han var Guds Son.<\/p>\n\n\n\n<blockquote class=\"wp-block-quote is-layout-flow wp-block-quote-is-layout-flow\"><p><span class=\"verse v11\" data-usfm=\"JHN.1.11\"><span class=\"content\">&#8221;Han kom till det som var hans eget, och hans egna tog inte emot honom.<\/span><\/span><span class=\"verse v12\" data-usfm=\"JHN.1.12\"><span class=\"content\">&#8221; (Joh 1:11)<\/span><\/span><\/p><\/blockquote>\n\n\n\n<p>Han sade sj\u00e4lv:<\/p>\n\n\n\n<blockquote class=\"wp-block-quote is-layout-flow wp-block-quote-is-layout-flow\"><p class=\"p1\">&#8221;Fadern som s\u00e4nt mig har vittnat om mig. <span style=\"text-decoration: underline;\">Ni har varken h\u00f6rt hans r\u00f6st eller sett hans gestalt<\/span>, och hans ord lever inte kvar i er <span style=\"text-decoration: underline;\">eftersom ni inte tror p\u00e5 den som han har s\u00e4nt<\/span>. Ni forskar i <span style=\"text-decoration: underline;\">Skrifterna<\/span>, f\u00f6r ni tror att ni har evigt liv i dem. Det \u00e4r just de som<span style=\"text-decoration: underline;\"> vittnar om mig, men ni vill inte komma till mig f\u00f6r att f\u00e5 liv.<\/span>&#8221; (Joh 5:37-40)<\/p><\/blockquote>\n\n\n\n<p>Han f\u00f6rklarade senare i klartext varf\u00f6r det var s\u00e5 viktigt att m\u00e4nniskorna trodde att han var Guds Son, det vill s\u00e4ga Gud i m\u00e4nsklig gestalt. Bara hos honom kunde de bli fria fr\u00e5n synden och f\u00e5 liv.<\/p>\n\n\n\n<blockquote class=\"wp-block-quote is-layout-flow wp-block-quote-is-layout-flow\"><p>&#8221;Om ni inte tror att Jag \u00c4r [anspelning p\u00e5 gudsnamnet Yehovah], ska ni d\u00f6 i era synder.&#8221; (Joh 8:24)<\/p><\/blockquote>\n\n\n\n<p>Detta g\u00e4ller \u00e4n idag och \u00e4n \u00e4r det tid att <a href=\"https:\/\/bibelbloggen.se\/hur-blir-man-raddad\" target=\"_blank\" rel=\"noopener noreferrer\">l\u00e4ra k\u00e4nna Jesus och vinna livet<\/a>.&nbsp;<\/p>\n\n\n\n<blockquote class=\"wp-block-quote is-layout-flow wp-block-quote-is-layout-flow\"><p>&#8221;Gud har inte s\u00e4nt sin Son till v\u00e4rlden f\u00f6r att d\u00f6ma v\u00e4rlden, utan f\u00f6r att v\u00e4rlden ska bli fr\u00e4lst genom honom.&#8221; (Joh 3:17)<\/p><\/blockquote>\n\n\n\n<p><\/p>\n\n\n\n<h3 class=\"wp-block-heading\">Ta reda p\u00e5 mer:<\/h3>\n\n\n\n<p><\/p>\n\n\n\n<p><a rel=\"noopener noreferrer\" href=\"https:\/\/bibelbloggen.se\/ar-jesus-gud-fordjupning\" target=\"_blank\">\u00c4r Jesus Gud? F\u00f6rdjupning<\/a><\/p>\n\n\n\n<p><a href=\"https:\/\/bibelbloggen.se\/vad-betyder-namnet-jesus\" target=\"_blank\" rel=\"noopener noreferrer\">Vad betyder namnet Jesus?<\/a><\/p>\n\n\n\n<p><a href=\"https:\/\/bibelbloggen.se\/hur-blir-man-raddad\" target=\"_blank\" rel=\"noopener noreferrer\">Hur blir man r\u00e4ddad (fr\u00e4lst)?<\/a><\/p>\n<\/div><\/div>\n<\/div><\/div>\n<\/div><\/div>\n<\/div><\/div>\n<\/div><\/div>\n<\/div><\/div>\n<\/div><\/div>\n<\/div><\/div>\n<\/div><\/div>\n<\/div><\/div>\n<\/div><\/div>\n<\/div><\/div>\n<\/div><\/div>\n<\/div><\/div>\n<\/div><\/div>\n","protected":false},"excerpt":{"rendered":"<p>M\u00e5nga \u00f6ver v\u00e4rlden har olika \u00e5sikter om vem Jesus \u00e4r. Muslimerna s\u00e4ger att han \u00e4r en stor profet vid sidan om Muhammed. Hinduerna menar han \u00e4r en av m\u00e5nga tusen gudar eller avatarer. Mormonerna framst\u00e4ller Jesus som en son till Gud j\u00e4mst\u00e4lld med Satan innan han f\u00f6ll. Jehovas vittnen g\u00f6r honom till den m\u00e4ktigaste \u00e4ngeln [&hellip;]<\/p>\n","protected":false},"author":2,"featured_media":1286,"parent":0,"menu_order":0,"comment_status":"closed","ping_status":"closed","template":"","meta":{"footnotes":""},"class_list":["post-404","page","type-page","status-publish","has-post-thumbnail","hentry"],"_links":{"self":[{"href":"https:\/\/bibelbloggen.se\/en\/wp-json\/wp\/v2\/pages\/404","targetHints":{"allow":["GET"]}}],"collection":[{"href":"https:\/\/bibelbloggen.se\/en\/wp-json\/wp\/v2\/pages"}],"about":[{"href":"https:\/\/bibelbloggen.se\/en\/wp-json\/wp\/v2\/types\/page"}],"author":[{"embeddable":true,"href":"https:\/\/bibelbloggen.se\/en\/wp-json\/wp\/v2\/users\/2"}],"replies":[{"embeddable":true,"href":"https:\/\/bibelbloggen.se\/en\/wp-json\/wp\/v2\/comments?post=404"}],"version-history":[{"count":0,"href":"https:\/\/bibelbloggen.se\/en\/wp-json\/wp\/v2\/pages\/404\/revisions"}],"wp:featuredmedia":[{"embeddable":true,"href":"https:\/\/bibelbloggen.se\/en\/wp-json\/wp\/v2\/media\/1286"}],"wp:attachment":[{"href":"https:\/\/bibelbloggen.se\/en\/wp-json\/wp\/v2\/media?parent=404"}],"curies":[{"name":"wp","href":"https:\/\/api.w.org\/{rel}","templated":true}]}}