{"id":746,"date":"2018-10-23T20:22:26","date_gmt":"2018-10-23T18:22:26","guid":{"rendered":"https:\/\/bibelbloggen.se\/?page_id=746"},"modified":"2025-09-25T02:19:51","modified_gmt":"2025-09-25T00:19:51","slug":"bidrag","status":"publish","type":"page","link":"https:\/\/bibelbloggen.se\/en\/bidrag\/","title":{"rendered":"Aid to the poor"},"content":{"rendered":"<h4>How can you contribute financially?<\/h4>\n<p>If you feel led to stand with me in helping too:<\/p>\n<ul>\n<li>a poor Christian community in Pakistan,<\/li>\n<li>relief work for women and children forced to work in heavy brick making Pakistan and<\/li>\n<li>for the orphanage in Uganda that I support<\/li>\n<\/ul>\n<p>you are more than welcome to make contributions on this page.<\/p>\n<p>I also have an Instagram account called <a href=\"https:\/\/www.instagram.com\/help.for.christians.in.need\/\" target=\"_blank\" rel=\"noopener\">\"Real Help for Christians in Need\"<\/a> with pictures and more information about this work.<\/p>\n<p>There are several different ways to contribute:<\/p>\n<h2 style=\"text-align: center;\">1. swish<\/h2>\n<p style=\"text-align: center;\">(Scan the QR code in your <a href=\"https:\/\/www.swish.nu\/privat\/kom-igang\" target=\"_blank\" rel=\"noopener\">app! <\/a>Recipient: Ida Jarkiewicz)<\/p>\n<p style=\"text-align: center;\"><a href=\"https:\/\/bibelbloggen.se\/wp-content\/uploads\/2025\/01\/swish-QR-small-1.png\"><img loading=\"lazy\" decoding=\"async\" class=\"alignnone size-medium wp-image-2001\" src=\"https:\/\/bibelbloggen.se\/wp-content\/uploads\/2025\/01\/swish-QR-small-1-198x300.png\" alt=\"\" width=\"198\" height=\"300\" srcset=\"https:\/\/bibelbloggen.se\/wp-content\/uploads\/2025\/01\/swish-QR-small-1-198x300.png 198w, https:\/\/bibelbloggen.se\/wp-content\/uploads\/2025\/01\/swish-QR-small-1.png 625w\" sizes=\"auto, (max-width: 198px) 100vw, 198px\" \/><\/a><\/p>\n<h4>\u00a0<\/h4>\n<h2 style=\"text-align: center;\"><a href=\"http:\/\/paypal.me\/idajarkiewicz\" target=\"_blank\" rel=\"noopener\">2. PayPal<\/a><\/h2>\n<p style=\"text-align: center;\">(Opens on new page)<\/p>\n<p style=\"text-align: center;\"><a href=\"http:\/\/paypal.me\/idajarkiewicz\" target=\"_blank\" rel=\"noopener\"><img loading=\"lazy\" decoding=\"async\" class=\"alignnone wp-image-1906 size-medium\" src=\"https:\/\/bibelbloggen.se\/wp-content\/uploads\/2024\/10\/Skarmavbild-2024-10-19-kl.-11.08.26-300x259.png\" alt=\"\" width=\"300\" height=\"259\" srcset=\"https:\/\/bibelbloggen.se\/wp-content\/uploads\/2024\/10\/Skarmavbild-2024-10-19-kl.-11.08.26-300x259.png 300w, https:\/\/bibelbloggen.se\/wp-content\/uploads\/2024\/10\/Skarmavbild-2024-10-19-kl.-11.08.26-313x270.png 313w, https:\/\/bibelbloggen.se\/wp-content\/uploads\/2024\/10\/Skarmavbild-2024-10-19-kl.-11.08.26.png 523w\" sizes=\"auto, (max-width: 300px) 100vw, 300px\" \/><\/a><\/p>\n<h2 style=\"text-align: center;\">3. contribee<\/h2>\n<p style=\"text-align: center;\"><a href=\"https:\/\/bibelbloggen.se\/wp-content\/uploads\/2025\/09\/Contribee.png\"><img loading=\"lazy\" decoding=\"async\" class=\"alignnone size-medium wp-image-2485\" src=\"https:\/\/bibelbloggen.se\/wp-content\/uploads\/2025\/09\/Contribee-300x300.png\" alt=\"\" width=\"300\" height=\"300\" srcset=\"https:\/\/bibelbloggen.se\/wp-content\/uploads\/2025\/09\/Contribee-300x300.png 300w, https:\/\/bibelbloggen.se\/wp-content\/uploads\/2025\/09\/Contribee-150x150.png 150w, https:\/\/bibelbloggen.se\/wp-content\/uploads\/2025\/09\/Contribee-12x12.png 12w, https:\/\/bibelbloggen.se\/wp-content\/uploads\/2025\/09\/Contribee.png 500w\" sizes=\"auto, (max-width: 300px) 100vw, 300px\" \/><\/a><\/p>\n<h2 style=\"text-align: center;\">Many thanks for your contribution!<\/h2>\n<p style=\"text-align: center;\">\u00a0<\/p>\n\n\n<p><\/p>","protected":false},"excerpt":{"rendered":"<p>Hur kan du bidra ekonomiskt? Om du k\u00e4nner dig ledd att st\u00e5 med mig i hj\u00e4lp f\u00f6r: en fattig kristen f\u00f6rsamling i Pakistan, ett hj\u00e4lparbete f\u00f6r kvinnor och barn som tvingas arbeta med tung tegelstenstillverkning Pakistan och f\u00f6r det barnhem i Uganda som jag st\u00f6ttar \u00e4r du mer \u00e4n v\u00e4lkommen att l\u00e4mna bidrag p\u00e5 den [&hellip;]<\/p>\n","protected":false},"author":2,"featured_media":1458,"parent":0,"menu_order":0,"comment_status":"closed","ping_status":"closed","template":"","meta":{"footnotes":""},"class_list":["post-746","page","type-page","status-publish","has-post-thumbnail","hentry"],"_links":{"self":[{"href":"https:\/\/bibelbloggen.se\/en\/wp-json\/wp\/v2\/pages\/746","targetHints":{"allow":["GET"]}}],"collection":[{"href":"https:\/\/bibelbloggen.se\/en\/wp-json\/wp\/v2\/pages"}],"about":[{"href":"https:\/\/bibelbloggen.se\/en\/wp-json\/wp\/v2\/types\/page"}],"author":[{"embeddable":true,"href":"https:\/\/bibelbloggen.se\/en\/wp-json\/wp\/v2\/users\/2"}],"replies":[{"embeddable":true,"href":"https:\/\/bibelbloggen.se\/en\/wp-json\/wp\/v2\/comments?post=746"}],"version-history":[{"count":17,"href":"https:\/\/bibelbloggen.se\/en\/wp-json\/wp\/v2\/pages\/746\/revisions"}],"predecessor-version":[{"id":2493,"href":"https:\/\/bibelbloggen.se\/en\/wp-json\/wp\/v2\/pages\/746\/revisions\/2493"}],"wp:featuredmedia":[{"embeddable":true,"href":"https:\/\/bibelbloggen.se\/en\/wp-json\/wp\/v2\/media\/1458"}],"wp:attachment":[{"href":"https:\/\/bibelbloggen.se\/en\/wp-json\/wp\/v2\/media?parent=746"}],"curies":[{"name":"wp","href":"https:\/\/api.w.org\/{rel}","templated":true}]}}