{"id":922,"date":"2020-04-17T19:26:45","date_gmt":"2020-04-17T17:26:45","guid":{"rendered":"https:\/\/bibelbloggen.se\/?page_id=922"},"modified":"2025-01-16T23:32:05","modified_gmt":"2025-01-16T21:32:05","slug":"vad-ar-treenigheten","status":"publish","type":"page","link":"https:\/\/bibelbloggen.se\/en\/vad-ar-treenigheten\/","title":{"rendered":"What is the Trinity?"},"content":{"rendered":"\n<h3 class=\"wp-block-heading\">Tre personer i en Gud<\/h3>\n\n\n\n<p><\/p>\n\n\n\n<p>Ett Jehovas vittne som h\u00f6r n\u00e5gon tala om treenigheten skulle t\u00e4nka; &#8221;inte kan v\u00e4l b\u00e5de Jesus och Jehova vara Gud, d\u00e5 skulle de ju vara en och samma person? Precis som en far och son \u00e4r olika individer, m\u00e5ste Gud och Jesus Kristus vara olika personer!&#8221;<\/p>\n\n\n\n<p>Bibeln l\u00e4r att det \u00e4r sant. Fadern och Sonen \u00e4r olika personer, men enligt samma skrift \u00e4r b\u00e5da av gudomlig natur. Det betyder att de b\u00e5da \u00e4r Gud, precis som den Heliga Anden ocks\u00e5 \u00e4r en person med gudomlig natur (se Johannes kap.14). Det finns enligt Bibeln bara en Gud, Yehovah. Men Gud \u00e4r tre olika personer i en och samma Gud. Det var d\u00e4rf\u00f6r Gud sa:<\/p>\n\n\n\n<blockquote class=\"wp-block-quote is-layout-flow wp-block-quote-is-layout-flow\">\n<p class=\"has-medium-font-size\">\u201dVi ska g\u00f6ra m\u00e4nniskor till <span style=\"text-decoration: underline;\">v\u00e5r<\/span> avbild, lika oss sj\u00e4lva (understruket av mig). De ska h\u00e4rska \u00f6ver fiskarna i havet och f\u00e5glarna i luften och boskapen, \u00f6ver hela jorden, och alla kr\u00e4ldjuren p\u00e5 jorden.\u201d<\/p>\n<\/blockquote>\n\n\n\n<p>Om Gud bara var en person, varf\u00f6r talade han till n\u00e5gon eller n\u00e5gra andra i det han sade: Vi ska g\u00f6ra m\u00e4nniskor till <span style=\"text-decoration: underline;\">v\u00e5r<\/span> avbild&#8221;? L\u00e4gg ocks\u00e5 m\u00e4rke till att Yehovah inte bara skapade en m\u00e4nniska till sin avbild, utan tv\u00e5 personer blev skapade till hans avbild, b\u00e5de mannen och kvinnan. (1 Mos 1:27, 2:7) Tv\u00e5 olika personer blev allts\u00e5 skapade till en Guds avbild, det var inte bara Adam som blev skapad till Guds avbild. Det utvidgar v\u00e5r tanke och ger oss en liten glimt av att Gud kan vara fler \u00e4n en person.<\/p>\n\n\n\n<p>Samtidigt, det \u00e4r inte konstigt att dessa tankar \u00e4r sv\u00e5ra att f\u00f6rst\u00e5, Guds tankar \u00e4r s\u00e5 mycket h\u00f6gre \u00e4n v\u00e5ra tankar. Vi kan p\u00e5 ett s\u00e4tt f\u00f6rst\u00e5 treenigheten lika lite som vi kan f\u00f6rst\u00e5 att Gud \u00e4r evig. Samtidigt finns det bilder som p\u00e5 n\u00e5got s\u00e4tt kan ge oss en viss f\u00f6rst\u00e5else av treenigheten.<\/p>\n\n\n\n<h3 class=\"wp-block-heading\">Hur kan vi f\u00f6rst\u00e5 treenigheten?<\/h3>\n\n\n\n<p><\/p>\n\n\n\n<p>T\u00e4nk dig tre glas med vatten p\u00e5 ett bord. Alla tre glas inneh\u00e5ller samma substans, d.v.s. vatten. \u00c4nd\u00e5 finns denna samma substans uppdelad i tre olika glas. P\u00e5 samma s\u00e4tt finns det bara en Gudsnatur, men Gud \u00e4r samtidigt i tre olika personer, Fadern, Sonen och den Helige Anden. Det ser vi t.ex. av att vi alla ska d\u00f6pas i Faderns, Sonens och den Heliga Andens namn.<\/p>\n\n\n\n<blockquote class=\"wp-block-quote is-layout-flow wp-block-quote-is-layout-flow\">\n<p class=\"has-medium-font-size\">&#8221;D\u00f6p\u00a0dem\u00a0i\u00a0Faderns\u00a0och Sonens och den heliga Andens namn.&#8221; Matt 28:19<\/p>\n<\/blockquote>\n\n\n\n<p>I den enda meningen ser vi tre personer, men bara ett namn. Annars skulle det kunna st\u00e5 att vi ska d\u00f6pas i Faderns namn, i Sonens namn och i den Heliga Andens namn, tre olika personer, tre olika namn. Men nu st\u00e5r det bara Faderns, Sonen och den Heliga Andens namn, det \u00e4r bara ett namn. D\u00e4rf\u00f6r&nbsp;kan man s\u00e4ga att egennamnet Yehovah \u00e4r \u201dsamlingsnamnet\u201d f\u00f6r alla tre personer i treenigheten. Fadern \u00e4r Gud Yehovah i himlen, medan Sonen \u00e4r Gud Yehovah i m\u00e4nsklig gestalt och genom honom kommer Gud sj\u00e4lv ner och bor hos m\u00e4nniskorna, precis som han gjorde genom t\u00e4ltboningen i Israels folk. Allt detta g\u00f6r Gud i kraft av Gud Yehovah den Helige Ande som ocks\u00e5 \u00e4r en person\u00a8. Alla tre \u00e4r Yehovah Gud, en och samma natur, men som tre olika personer har de olika roller, olika uppgifter och olika st\u00e4llningar i f\u00f6rh\u00e5llande till varandra.<\/p>\n\n\n\n<div class=\"wp-block-group is-layout-flow wp-block-group-is-layout-flow\">\n<figure class=\"wp-block-image aligncenter size-large\"><img loading=\"lazy\" decoding=\"async\" width=\"279\" height=\"234\" src=\"https:\/\/bibelbloggen.se\/wp-content\/uploads\/2020\/04\/treenighet.gif\" alt=\"En f\u00f6rklarande bild av treenigheten\" class=\"wp-image-923\"\/><\/figure>\n<\/div>\n\n\n\n<p>D\u00e4rf\u00f6r kan vi l\u00e4ttare f\u00f6rst\u00e5 varf\u00f6r Yehovah s\u00e4ger i Sakarjas bok.<\/p>\n\n\n\n<blockquote class=\"wp-block-quote is-layout-flow wp-block-quote-is-layout-flow\">\n<p class=\"has-medium-font-size\">\u201d\u00d6ver Davids \u00e4tt och \u00f6ver Jerusalems inv\u00e5nare ska jag utgjuta en n\u00e5dens och b\u00f6nens ande. De ska se upp till mig [YHVH] som de har genomborrat, s\u00f6rja honom som man s\u00f6rjer den ende sonen och gr\u00e5ta bittert som man gr\u00e5ter \u00f6ver den f\u00f6rstf\u00f6dde.\u201d (Sak 12:10)<\/p>\n<\/blockquote>\n\n\n\n<p>Vem var det som blev genomborrad? Helt r\u00e4tt, Jesus Kristus. \u00c4nd\u00e5 s\u00e4ger Yehovah att det \u00e4r han som blivit genomborrad. L\u00e4s skriftst\u00e4llet igen. Uttalandet l\u00e5ter mycket m\u00e4rkligt om man inte t\u00e4nker sig att Jesus \u00e4r Yehovah Gud i m\u00e4nsklig gestalt.<\/p>\n\n\n\n<p>Det finns en m\u00e4ngd fler skriftst\u00e4llen som visar att Jesus \u00e4r Gud i m\u00e4nsklig gestalt. L\u00e4s mer i artikeln: Vad l\u00e4r Bibeln om treenigheten? (Kommer snart!)<\/p>\n\n\n\n<p><\/p>\n\n\n\n<p>L\u00e4s mer: <\/p>\n\n\n\n<p><a href=\"https:\/\/bibelbloggen.se\/ar-jesus-arkeangeln-mikael\" target=\"_blank\" rel=\"noreferrer noopener\">\u00c4r Jesus \u00e4rke\u00e4ngeln Mikael?<\/a><\/p>\n\n\n\n<p><a href=\"https:\/\/bibelbloggen.se\/10-av-guds-egennamn-och-hur-jesus-uppfyller-deras-loften(\u00f6ppnas i en ny flik)\" target=\"_blank\" rel=\"noreferrer noopener\">10 av Guds egennamn och hur Jesus uppfyller deras l\u00f6ften<\/a><\/p>\n\n\n\n<p><a href=\"https:\/\/bibelbloggen.se\/?page_id=640\" target=\"_blank\" rel=\"noreferrer noopener\">Hur blir man r\u00e4ddad?<\/a><\/p>\n\n\n\n<p><\/p>\n","protected":false},"excerpt":{"rendered":"<p>Tre personer i en Gud Ett Jehovas vittne som h\u00f6r n\u00e5gon tala om treenigheten skulle t\u00e4nka; &#8221;inte kan v\u00e4l b\u00e5de Jesus och Jehova vara Gud, d\u00e5 skulle de ju vara en och samma person? Precis som en far och son \u00e4r olika individer, m\u00e5ste Gud och Jesus Kristus vara olika personer!&#8221; Bibeln l\u00e4r att det [&hellip;]<\/p>\n","protected":false},"author":2,"featured_media":1072,"parent":0,"menu_order":0,"comment_status":"closed","ping_status":"closed","template":"","meta":{"footnotes":""},"class_list":["post-922","page","type-page","status-publish","has-post-thumbnail","hentry"],"_links":{"self":[{"href":"https:\/\/bibelbloggen.se\/en\/wp-json\/wp\/v2\/pages\/922","targetHints":{"allow":["GET"]}}],"collection":[{"href":"https:\/\/bibelbloggen.se\/en\/wp-json\/wp\/v2\/pages"}],"about":[{"href":"https:\/\/bibelbloggen.se\/en\/wp-json\/wp\/v2\/types\/page"}],"author":[{"embeddable":true,"href":"https:\/\/bibelbloggen.se\/en\/wp-json\/wp\/v2\/users\/2"}],"replies":[{"embeddable":true,"href":"https:\/\/bibelbloggen.se\/en\/wp-json\/wp\/v2\/comments?post=922"}],"version-history":[{"count":1,"href":"https:\/\/bibelbloggen.se\/en\/wp-json\/wp\/v2\/pages\/922\/revisions"}],"predecessor-version":[{"id":1951,"href":"https:\/\/bibelbloggen.se\/en\/wp-json\/wp\/v2\/pages\/922\/revisions\/1951"}],"wp:featuredmedia":[{"embeddable":true,"href":"https:\/\/bibelbloggen.se\/en\/wp-json\/wp\/v2\/media\/1072"}],"wp:attachment":[{"href":"https:\/\/bibelbloggen.se\/en\/wp-json\/wp\/v2\/media?parent=922"}],"curies":[{"name":"wp","href":"https:\/\/api.w.org\/{rel}","templated":true}]}}