{"id":959,"date":"2020-04-18T09:49:12","date_gmt":"2020-04-18T07:49:12","guid":{"rendered":"https:\/\/bibelbloggen.se\/?page_id=959"},"modified":"2025-01-24T12:44:09","modified_gmt":"2025-01-24T10:44:09","slug":"10-av-guds-egennamn-och-hur-jesus-uppfyller-deras-loften","status":"publish","type":"page","link":"https:\/\/bibelbloggen.se\/en\/10-av-guds-egennamn-och-hur-jesus-uppfyller-deras-loften\/","title":{"rendered":"10 av Guds egennamn &#8230;"},"content":{"rendered":"\n<h2 class=\"wp-block-heading\">&#8230;och hur Jesus uppfyller deras l\u00f6ften!<\/h2>\n\n\n\n<h3 class=\"wp-block-heading has-medium-font-size\" style=\"line-height:1.8\">Vilka \u00e4r n\u00e5gra av Guds egennamn, vad betyder dem och hur uppfyller Jesus vart och ett av dem? <\/h3>\n\n\n\n<p><\/p>\n\n\n\n<p>B\u00f6rja g\u00e4rna med att l\u00e4sa artikeln: &#8221;<a href=\"https:\/\/bibelbloggen.se\/vad-ar-guds-namn\" data-type=\"link\" data-id=\"https:\/\/bibelbloggen.se\/vad-ar-guds-namn\">Vad \u00e4r Guds egennamn?<\/a>&#8221; som en bra grund. Kom sedan tillbaka hit f\u00f6r forts\u00e4ttningen.<\/p>\n\n\n\n<p>Varf\u00f6r kan vi s\u00e4ga att Jesus uppfyller alla Guds namn? Jo, f\u00f6r att varje namn \u00e4r f\u00f6rbundet med ett l\u00f6fte, som borgar f\u00f6r att Gud ska vara den vi beh\u00f6ver i allt. Jesus kom till jorden som Guds svar p\u00e5 m\u00e4nniskans alla behov. Vi ska d\u00e4rf\u00f6r titta p\u00e5 vart och ett av Guds vanligaste egennamn och hur Jesus uppfyllde deras l\u00f6ften.<\/p>\n\n\n\n<p><\/p>\n\n\n\n<blockquote class=\"wp-block-quote is-layout-flow wp-block-quote-is-layout-flow\">\n<p class=\"has-normal-font-size\">\u201dF\u00f6r <span style=\"text-decoration: underline;\">allt det som Gud har lovat har f\u00e5tt sitt ja genom Jesus.<\/span> D\u00e4rf\u00f6r s\u00e4ger ocks\u00e5 vi v\u00e5rt Amen genom honom till Guds \u00e4ra.\u201d (1 Kor 1:20)<\/p>\n<\/blockquote>\n\n\n\n<p><\/p>\n\n\n\n<h3 class=\"wp-block-heading has-medium-font-size\"><span style=\"color:#f17821\" class=\"has-inline-color\">1. Yehovah Yireh betyder \u201dJag \u00c4r din F\u00f6rs\u00f6rjare\u201d<\/span><\/h3>\n\n\n\n<h4 class=\"wp-block-heading has-normal-font-size\">(namnet finns 1 Mos 22:14)<\/h4>\n\n\n\n<p><strong>Exempel p\u00e5<\/strong> <strong>Jesu uppfyllelse av namnet:<\/strong> <\/p>\n\n\n\n<blockquote class=\"wp-block-quote is-layout-flow wp-block-quote-is-layout-flow\">\n<p class=\"has-normal-font-size\">\u201dDe sa: \u2019Allt vi har \u00e4r fem br\u00f6d och tv\u00e5 fiskar.\u2019&nbsp;\u2019Ge dem till mig\u2019, sa han. Sedan bad han m\u00e4nniskorna att sl\u00e5 sig ner i gr\u00e4set, och han tog de fem br\u00f6den och de tv\u00e5 fiskarna, s\u00e5g upp mot himlen och tackade Gud f\u00f6r dem. Efter det br\u00f6t han br\u00f6den i bitar och gav dem till sina l\u00e4rjungar, som delade ut dem till folket.&nbsp;Alla \u00e5t och blev m\u00e4tta, och efter\u00e5t samlade man upp det som var \u00f6ver, och det blev tolv fulla korgar.&nbsp;Det var omkring 5&nbsp;000 m\u00e4n som hade \u00e4tit, f\u00f6rutom kvinnor och barn.\u201d (Matt 14:17-21) <\/p>\n<\/blockquote>\n\n\n\n<blockquote class=\"wp-block-quote is-layout-flow wp-block-quote-is-layout-flow\">\n<p class=\"has-normal-font-size\">\u201dVi ska inte ge dem n\u00e5got att anklaga oss f\u00f6r, s\u00e5 g\u00e5 ner till stranden och kasta ut en metkrok och \u00f6ppna munnen p\u00e5 den f\u00f6rsta fisk du f\u00e5r. D\u00e5 kommer du att hitta ett silvermynt, som r\u00e4cker till skatt f\u00f6r oss b\u00e5da tv\u00e5. Ta det och betala m\u00e4nnen.\u201d (Matt 17:27) <\/p>\n<\/blockquote>\n\n\n\n<p><\/p>\n\n\n\n<h3 class=\"wp-block-heading has-medium-font-size\"><span style=\"color:#128f61\" class=\"has-inline-color\">2. Yehovah Rapha betyder \u201dJag \u00c4r din L\u00e4kare\u201d<\/span><\/h3>\n\n\n\n<h4 class=\"wp-block-heading has-normal-font-size\">(namnet finns i 2 Mos. 15:26)<\/h4>\n\n\n\n<p><strong>Exempel p\u00e5<\/strong> <strong>Jesu uppfyllelse av namnet:<\/strong><\/p>\n\n\n\n<blockquote class=\"wp-block-quote is-layout-flow wp-block-quote-is-layout-flow\">\n<p class=\"has-normal-font-size\">\u201dV\u00e5ra synder bar han i sin kropp upp p\u00e5 korsets tr\u00e4, f\u00f6r att vi skulle d\u00f6 bort fr\u00e5n synderna och leva f\u00f6r r\u00e4ttf\u00e4rdigheten. Och genom hans s\u00e5r har [vi] blivit helade.\u201d (1 Pet 2:24)<\/p>\n<\/blockquote>\n\n\n\n<p><\/p>\n\n\n\n<h3 class=\"wp-block-heading has-medium-font-size\"><span style=\"color:#f0597f\" class=\"has-inline-color\">3. Yehovah Nissi betyder \u201dJag \u00c4r din Seger\u201d<\/span><\/h3>\n\n\n\n<h4 class=\"wp-block-heading has-normal-font-size\">(namnet finns i 2 Mos.17:15)<\/h4>\n\n\n\n<p><strong>Exempel p\u00e5<\/strong> <strong>Jesu uppfyllelse av namnet:<\/strong><\/p>\n\n\n\n<blockquote class=\"wp-block-quote is-layout-flow wp-block-quote-is-layout-flow\">\n<p class=\"has-normal-font-size\">\u201dI v\u00e4rlden f\u00e5r ni lida, men var frimodiga: jag har \u00f6vervunnit v\u00e4rlden.\u201d (Joh 16:33)<\/p>\n<\/blockquote>\n\n\n\n<p><\/p>\n\n\n\n<h3 class=\"wp-block-heading has-medium-font-size\"><span style=\"color:#0581c9\" class=\"has-inline-color\">4. Yehovah Shalom betyder \u201dJag \u00c4r din Frid\u201d<\/span><\/h3>\n\n\n\n<h4 class=\"wp-block-heading has-normal-font-size\">(namnet finns i Dom 6:24)<\/h4>\n\n\n\n<p><strong>Exempel p\u00e5<\/strong> <strong>Jesu uppfyllelse av namnet:<\/strong><\/p>\n\n\n\n<blockquote class=\"wp-block-quote is-layout-flow wp-block-quote-is-layout-flow\">\n<p class=\"has-normal-font-size\">\u201dNi ska ha frid i mig.\u201d (Joh 16:33) \u201dL\u00e5t Kristi frid regera i era hj\u00e4rtan.\u201d (Kol 3:15) \u201dM\u00e5 fridens Herre sj\u00e4lv ge&nbsp;er&nbsp;sin frid, alltid och vad som \u00e4n h\u00e4nder.\u201d (2 Thess 3:16)<\/p>\n<\/blockquote>\n\n\n\n<p><\/p>\n\n\n\n<h3 class=\"wp-block-heading has-medium-font-size\"><span style=\"color:#5e1d9b\" class=\"has-inline-color\">5. Yehovah Qadosh betyder \u201dJag \u00c4r den Helige\u201d<\/span><\/h3>\n\n\n\n<h4 class=\"wp-block-heading has-normal-font-size\">(namnet finns 1 Sam 2:2)<\/h4>\n\n\n\n<p><strong>Exempel p\u00e5<\/strong> <strong>Jesu uppfyllelse av namnet:<\/strong><\/p>\n\n\n\n<blockquote class=\"wp-block-quote is-layout-flow wp-block-quote-is-layout-flow\">\n<p class=\"has-normal-font-size\">\u201dTy vi har inte en \u00f6verstepr\u00e4st som ej kan ha medlidande med v\u00e5ra svagheter, utan en som blev frestad i allt liksom vi, men utan synd.\u201d (Heb 4:15)<\/p>\n<\/blockquote>\n\n\n\n<p><\/p>\n\n\n\n<h3 class=\"wp-block-heading has-medium-font-size\"><span style=\"color:#f17821\" class=\"has-inline-color\">6. Yehovah Rohi betyder \u201dJag \u00c4r din Herde\u201d<\/span><\/h3>\n\n\n\n<h4 class=\"wp-block-heading has-normal-font-size\">(namnet finns i Psalm 23:1)<\/h4>\n\n\n\n<p><strong>Exempel p\u00e5<\/strong> <strong>Jesu uppfyllelse av namnet:<\/strong><\/p>\n\n\n\n<blockquote class=\"wp-block-quote is-layout-flow wp-block-quote-is-layout-flow\">\n<p class=\"has-normal-font-size\">\u201dJag \u00e4r den gode herden. Den gode herden ger sitt liv f\u00f6r f\u00e5ren.\u201d (Johannes 10:11)<\/p>\n<\/blockquote>\n\n\n\n<p><\/p>\n\n\n\n<h3 class=\"wp-block-heading has-medium-font-size\"><span style=\"color:#128f61\" class=\"has-inline-color\">7. Yehovah Tsidkenu betyder \u201dJag \u00c4r din R\u00e4ttf\u00e4rdighet\u201d<\/span><\/h3>\n\n\n\n<h4 class=\"wp-block-heading has-normal-font-size\">(namnet finns i Jer 23:6)<\/h4>\n\n\n\n<p><strong>Exempel p\u00e5<\/strong> <strong>Jesu uppfyllelse av namnet:<\/strong><\/p>\n\n\n\n<blockquote class=\"wp-block-quote is-layout-flow wp-block-quote-is-layout-flow\">\n<p class=\"has-normal-font-size\">\u201dDet \u00e4r tack vare honom som ni \u00e4r i Kristus Jesus, som har blivit&nbsp;v\u00e5r&nbsp;vishet fr\u00e5n Gud,&nbsp;v\u00e5r&nbsp;r\u00e4ttf\u00e4rdighet,&nbsp;v\u00e5r helighet,&nbsp;v\u00e5r&nbsp;befrielse.\u201d  (1 Kor 1:30)<\/p>\n<\/blockquote>\n\n\n\n<p><\/p>\n\n\n\n<h3 class=\"wp-block-heading has-medium-font-size\"><span style=\"color:#f0597f\" class=\"has-inline-color\">8. Yehovah Shammah betyder \u201dJag \u00c4r st\u00e4ndigt N\u00e4rvarande\u201d<\/span><\/h3>\n\n\n\n<h4 class=\"wp-block-heading has-normal-font-size\">(namnet finns i Hes 48:35)<\/h4>\n\n\n\n<p><strong>Exempel p\u00e5<\/strong> <strong>Jesu uppfyllelse av namnet:<\/strong><\/p>\n\n\n\n<blockquote class=\"wp-block-quote is-layout-flow wp-block-quote-is-layout-flow\">\n<p class=\"has-normal-font-size\">\u201dOch jag&nbsp;ska&nbsp;alltid&nbsp;vara&nbsp;med&nbsp;er, \u00e4nda till tids\u00e5lderns slut.\u201d (Matt 28:20)<\/p>\n<\/blockquote>\n\n\n\n<p><\/p>\n\n\n\n<h3 class=\"wp-block-heading has-text-color has-medium-font-size\" style=\"color:#128f61\"><span class=\"has-inline-color has-vivid-cyan-blue-color\">9. Yehovah Sebaot betyder \u201dJag \u00c4r H\u00e4rskarornas Herre\u201d<\/span><\/h3>\n\n\n\n<h4 class=\"wp-block-heading has-normal-font-size\">(namnet finns i Sakarja 2:8)<\/h4>\n\n\n\n<p><strong>Exempel p\u00e5<\/strong> <strong>Jesu uppfyllelse av namnet:<\/strong><\/p>\n\n\n\n<blockquote class=\"wp-block-quote is-layout-flow wp-block-quote-is-layout-flow\">\n<p class=\"has-normal-font-size\">\u201dSe, Herren kommer med sina m\u00e5ngtusen heliga&nbsp;f\u00f6r att h\u00e5lla dom \u00f6ver alla och straffa alla f\u00f6r de gudl\u00f6sa g\u00e4rningar som de har beg\u00e5tt och f\u00f6r alla de h\u00e5rda ord som dessa gudl\u00f6sa syndare har talat mot honom.\u201d (Judas 1:14, jmfr 1 Thess 3:13, samt 1 Thess 4:16,17, Matt.16:27, Joh.5:27)<\/p>\n<\/blockquote>\n\n\n\n<p><\/p>\n\n\n\n<h3 class=\"wp-block-heading has-text-color has-medium-font-size\" style=\"color:#128f61\"><span style=\"color:#5e1d9b\" class=\"has-inline-color\">10. Yehovah Yasha \u201dJag \u00c4r din R\u00e4ddare\u201d<\/span><\/h3>\n\n\n\n<h4 class=\"wp-block-heading has-normal-font-size\">(namnet finns i Jes 43:3, 11)<\/h4>\n\n\n\n<p><strong>Exempel p\u00e5<\/strong> <strong>Jesu (Yeshua&#8217;s) uppfyllelse av namnet:<\/strong><\/p>\n\n\n\n<blockquote class=\"wp-block-quote is-layout-flow wp-block-quote-is-layout-flow\">\n<p class=\"has-normal-font-size\">\u201dVi ser fram emot det lyckliga hoppet, att v\u00e5r stora Gud och Fr\u00e4lsare, Jesus Kristus, ska komma i sin h\u00e4rlighet.\u201d (Titus 2:13 jmfr. Apg 13:23)<\/p>\n<\/blockquote>\n\n\n\n<div class=\"wp-block-group is-layout-flow wp-block-group-is-layout-flow\">\n<p><\/p>\n\n\n\n<p>Jesus Kristus, Guds Son, har uppfyllt l\u00f6ftena kopplade till vart och ett av Guds egennamn. <a href=\"https:\/\/bibelbloggen.se\/vem-ar-jesus\" target=\"_blank\" rel=\"noreferrer noopener\">S\u00e5 vem \u00e4r han?<\/a> <a href=\"https:\/\/bibelbloggen.se\/vad-betyder-namnet-jesus?(%C3%B6ppnas%20i%20en%20ny%20flik)\" target=\"_blank\" rel=\"noreferrer noopener\">Och vilket \u00e4r det viktigaste namnet i v\u00e5r tid?<\/a><\/p>\n\n\n\n<p><\/p>\n\n\n\n<h3 class=\"wp-block-heading has-text-color has-medium-font-size\" style=\"color:#128f61\"><strong>Uppt\u00e4ck mer<\/strong>!<\/h3>\n\n\n\n<p><\/p>\n\n\n\n<p><strong><a rel=\"noreferrer noopener\" href=\"https:\/\/bibelbloggen.se\/vem-ar-jesus\" target=\"_blank\">Vem \u00e4r Jesus?<\/a><\/strong><\/p>\n\n\n\n<p><strong><a rel=\"noreferrer noopener\" href=\"https:\/\/bibelbloggen.se\/vad-betyder-namnet-jesus?(\u00f6ppnas i en ny flik)\" target=\"_blank\">Vad betyder namnet Jesus?<\/a><\/strong><\/p>\n\n\n\n<p><strong><a rel=\"noreferrer noopener\" href=\"https:\/\/bibelbloggen.se\/?page_id=640\" target=\"_blank\">Hur blir man r\u00e4ddad?<\/a><\/strong><\/p>\n<\/div>\n\n\n\n<p><\/p>\n","protected":false},"excerpt":{"rendered":"<p>&#8230;och hur Jesus uppfyller deras l\u00f6ften! Vilka \u00e4r n\u00e5gra av Guds egennamn, vad betyder dem och hur uppfyller Jesus vart och ett av dem? B\u00f6rja g\u00e4rna med att l\u00e4sa artikeln: &#8221;Vad \u00e4r Guds egennamn?&#8221; som en bra grund. Kom sedan tillbaka hit f\u00f6r forts\u00e4ttningen. Varf\u00f6r kan vi s\u00e4ga att Jesus uppfyller alla Guds namn? Jo, [&hellip;]<\/p>\n","protected":false},"author":2,"featured_media":0,"parent":0,"menu_order":0,"comment_status":"closed","ping_status":"closed","template":"","meta":{"footnotes":""},"class_list":["post-959","page","type-page","status-publish","hentry"],"_links":{"self":[{"href":"https:\/\/bibelbloggen.se\/en\/wp-json\/wp\/v2\/pages\/959","targetHints":{"allow":["GET"]}}],"collection":[{"href":"https:\/\/bibelbloggen.se\/en\/wp-json\/wp\/v2\/pages"}],"about":[{"href":"https:\/\/bibelbloggen.se\/en\/wp-json\/wp\/v2\/types\/page"}],"author":[{"embeddable":true,"href":"https:\/\/bibelbloggen.se\/en\/wp-json\/wp\/v2\/users\/2"}],"replies":[{"embeddable":true,"href":"https:\/\/bibelbloggen.se\/en\/wp-json\/wp\/v2\/comments?post=959"}],"version-history":[{"count":5,"href":"https:\/\/bibelbloggen.se\/en\/wp-json\/wp\/v2\/pages\/959\/revisions"}],"predecessor-version":[{"id":2087,"href":"https:\/\/bibelbloggen.se\/en\/wp-json\/wp\/v2\/pages\/959\/revisions\/2087"}],"wp:attachment":[{"href":"https:\/\/bibelbloggen.se\/en\/wp-json\/wp\/v2\/media?parent=959"}],"curies":[{"name":"wp","href":"https:\/\/api.w.org\/{rel}","templated":true}]}}