{"id":969,"date":"2020-04-20T01:49:03","date_gmt":"2020-04-19T23:49:03","guid":{"rendered":"https:\/\/bibelbloggen.se\/?page_id=969"},"modified":"2025-06-30T11:52:03","modified_gmt":"2025-06-30T09:52:03","slug":"ar-jesus-gud","status":"publish","type":"page","link":"https:\/\/bibelbloggen.se\/en\/ar-jesus-gud\/","title":{"rendered":"Is Jesus God?"},"content":{"rendered":"\n<h3 class=\"wp-block-heading\" style=\"line-height:1.8\">Faris\u00e9erna kunde inte tro det \u2013 d\u00e4rf\u00f6r ville de stena honom. Men enligt Jesus sj\u00e4lv vittnar hela den judiska Bibeln om honom.<\/h3>\n\n\n\n<p><\/p>\n\n\n\n<p>P\u00e5 v\u00e4gen till Emmaus f\u00f6rklarade han f\u00f6r l\u00e4rjungarna att b\u00e5de Mose, profeterna och skrifterna \u2013 allts\u00e5 hela den hebreiska Bibeln \u2013 handlar just om honom. Redan i Bibelns f\u00f6rsta kapitel finns antydningar om hans identitet. Under sitt liv uppfyllde Yeshua fr\u00e5n Nasaret alla de profetior som getts om Messias i Gamla Testamentet. Genom sin d\u00f6d gav han m\u00e4nskligheten den yttersta r\u00e4ddningen.<\/p>\n\n\n\n<p>Vi kan d\u00e4rf\u00f6r se att Guds Son, Jesus Kristus, eller Yeshua Hamashiach fr\u00e5n Nasaret, spelar en huvudroll i Bibeln.<\/p>\n\n\n\n<p>Det \u00e4r ocks\u00e5 intressant att l\u00e4gga m\u00e4rke till vad som s\u00e4gs i Sakarjas profetia, om vem Yehovah Sebaot skulle s\u00e4nda att bo hos sitt folk.<\/p>\n\n\n\n<blockquote class=\"wp-block-quote is-layout-flow wp-block-quote-is-layout-flow\">\n<p>\u201dRopa och var glad, dotter Sion! <span style=\"text-decoration: underline;\">Jag kommer f\u00f6r att bo hos dig<\/span>, s\u00e4ger&nbsp;Herren [Yehovah].&nbsp;Vid den tiden ska m\u00e5nga folk sluta sig till&nbsp;Herren&nbsp;[Yehovah] och bli mitt folk. <span style=\"text-decoration: underline;\">Jag ska bo hos dig. D\u00e5 ska du inse att h\u00e4rskarornas&nbsp;Herre&nbsp;[Yehovah Sebaot] har s\u00e4nt mig till dig.<\/span>\u201d&nbsp;(Sak 2:10,11)<\/p>\n<\/blockquote>\n\n\n\n<p>I den h\u00e4r versen ser vi tydligt att det genomg\u00e5ende \u00e4r Yehovah Gud som talar. Vi ser ocks\u00e5 att m\u00e5nga folk ska sluta sig till honom, d\u00e5 de ska inse att han, allts\u00e5 Yehovah, som Yeshua &#8211; fr\u00e4lsaren, blivit s\u00e4nd av Yehovah Sebaot och \u201dska bo\u201d hos \u201ddotter Sion\u201d d.v.s. Guds folk.\u00a0Detta \u00e4r s\u00e4rkilt intressant med tanke p\u00e5 att det i Jesaja 7:14 och 8:8 s\u00e4gs att Guds Sons namn skulle vara Emmanuel, vilket betyder just \u201dGud med oss\u201d.<\/p>\n\n\n\n<p>Detta f\u00f6r \u00e4ven tankarna till ett profetiskt uttalande i Uppenbarelseboken:<\/p>\n\n\n\n<blockquote class=\"wp-block-quote is-layout-flow wp-block-quote-is-layout-flow\">\n<p>\u201dJag h\u00f6rde en stark r\u00f6st fr\u00e5n tronen s\u00e4ga: \u2019Se, nu har Gud sitt t\u00e4lt bland m\u00e4nniskorna! Han ska bo tillsammans med dem, och de ska vara hans folk, ja, <span style=\"text-decoration: underline;\">Gud sj\u00e4lv ska vara hos dem<\/span>.&nbsp;Han ska torka alla t\u00e5rar fr\u00e5n deras \u00f6gon. D\u00f6den ska inte finnas mer, och inte heller n\u00e5gon sorg eller gr\u00e5t eller pl\u00e5ga, f\u00f6r det som en g\u00e5ng fanns \u00e4r borta.\u2019\u201d (Upp 21:3,4)<\/p>\n<\/blockquote>\n\n\n\n<p>Kan det vara s\u00e5 att det \u00e4r Gud sj\u00e4lv som kommer till oss m\u00e4nniskor genom Jesus Kristus? Det \u00e4r i alla fall n\u00e5got som Lukas bekr\u00e4ftar:<\/p>\n\n\n\n<blockquote class=\"wp-block-quote is-layout-flow wp-block-quote-is-layout-flow\">\n<p>\u201dV\u00e4lsignad \u00e4r Herren, <span style=\"text-decoration: underline;\">Israels Gud<\/span>, f\u00f6r han <span style=\"text-decoration: underline;\">kommer till sitt folk och \u00e5terl\u00f6ser det<\/span>. Han reser en m\u00e4ktig r\u00e4ddare fr\u00e5n sin tj\u00e4nare Davids \u00e4tt, som han f\u00f6r l\u00e4nge sedan lovade genom sina heliga profeter, till r\u00e4ddning fr\u00e5n v\u00e5ra fiender, fr\u00e5n alla som hatar oss.\u201d (Luk 1:68-71)<\/p>\n<\/blockquote>\n\n\n\n<p>Och h\u00e4r \u00e4r citat fr\u00e5n sju andra tillf\u00f6rlitliga personer som uttrycker att Jesus \u00e4r Guds m\u00e4nskliga avbild, det vill s\u00e4ga Gud sj\u00e4lv i m\u00e4nsklig gestalt.<\/p>\n\n\n\n<h4 class=\"wp-block-heading has-luminous-vivid-amber-color has-text-color\"><span style=\"color:#f17821\" class=\"has-inline-color\">1. Aposteln Tomas:<\/span><\/h4>\n\n\n\n<blockquote class=\"wp-block-quote is-layout-flow wp-block-quote-is-layout-flow\">\n<p>\u201dSedan sade han [Jesus] till Tomas: \u2019Kom med ditt finger och se mina h\u00e4nder, kom med din hand och stick den i min sida. Och tvivla inte, utan tro!\u2019 Tomas svarade honom: \u2019<span style=\"text-decoration: underline;\">Min Herre och min Gud<\/span>!\u2019\u201d (Johannes 20:27-28)<\/p>\n<\/blockquote>\n\n\n\n<hr class=\"wp-block-separator has-css-opacity\"\/>\n\n\n\n<h4 class=\"wp-block-heading has-vivid-cyan-blue-color has-text-color\"><span style=\"color:#0581c9\" class=\"has-inline-color\">2. Aposteln Petrus :<\/span><\/h4>\n\n\n\n<blockquote class=\"wp-block-quote is-layout-flow wp-block-quote-is-layout-flow\">\n<p>\u201dFr\u00e5n Simeon Petrus, Jesu Kristi tj\u00e4nare och apostel. Till dem som genom r\u00e4ttf\u00e4rdigheten <span style=\"text-decoration: underline;\">fr\u00e5n v\u00e5r Gud och Fr\u00e4lsare Jesus Kristus <\/span>har f\u00e5tt samma dyrbara tro som vi.\u201d (2 Petrus 1:1)<\/p>\n<\/blockquote>\n\n\n\n<hr class=\"wp-block-separator has-css-opacity\"\/>\n\n\n\n<h4 class=\"wp-block-heading has-pale-pink-color has-text-color\"><span style=\"color:#f0597f\" class=\"has-inline-color\">3. Aposteln Paulus:<\/span><\/h4>\n\n\n\n<blockquote class=\"wp-block-quote is-layout-flow wp-block-quote-is-layout-flow\">\n<p>\u201dVi v\u00e4ntar p\u00e5 det saliga hoppet: att <span style=\"text-decoration: underline;\">v\u00e5r store Gud och Fr\u00e4lsare Jesus Kristus<\/span><strong> <\/strong>ska tr\u00e4da fram i h\u00e4rlighet. Han har offrat sig f\u00f6r oss f\u00f6r att frik\u00f6pa oss fr\u00e5n all lagl\u00f6shet och rena \u00e5t sig ett eget folk, som \u00e4r uppfyllt av iver att g\u00f6ra goda g\u00e4rningar.\u201d (Titus 2:12b-14)<\/p>\n<\/blockquote>\n\n\n\n<hr class=\"wp-block-separator has-css-opacity\"\/>\n\n\n\n<h4 class=\"wp-block-heading has-vivid-green-cyan-color has-text-color\"><span style=\"color:#128f61\" class=\"has-inline-color\">4. Aposteln Johannes:<\/span><\/h4>\n\n\n\n<blockquote class=\"wp-block-quote is-layout-flow wp-block-quote-is-layout-flow\">\n<p>\u201dI begynnelsen var Ordet, och Ordet var hos Gud, och <span style=\"text-decoration: underline;\">Ordet var Gud.<\/span> Han var i begynnelsen hos Gud. <span style=\"text-decoration: underline;\">Allt blev till genom honom, och utan honom blev ingenting till av det som \u00e4r till.<\/span>\u201d (Johannes 1:1-3)<\/p>\n<\/blockquote>\n\n\n\n<p>Om Jesus sj\u00e4lv skulle varit en del av det skapade, skulle han inte funnits till innan allt blev till som \u00e4r till. Johannes g\u00f6r det glasklart n\u00e4r han s\u00e4ger att precis ingenting skapat, blev skapat utan att Jesus var inblandad.  <\/p>\n\n\n\n<blockquote class=\"wp-block-quote is-layout-flow wp-block-quote-is-layout-flow\">\n<p>\u201dGuds Son har kommit och gett oss f\u00f6rst\u00e5nd, s\u00e5 att vi kan k\u00e4nna honom som \u00e4r sann. Och nu lever vi i den Sanne, i hans Son, <span style=\"text-decoration: underline;\">Jesus Kristus<\/span>. Han <span style=\"text-decoration: underline;\">\u00e4r den sanne Guden och det eviga livet<\/span>.\u201d (1 Johannes brev 5:19)<\/p>\n<\/blockquote>\n\n\n\n<hr class=\"wp-block-separator has-css-opacity\"\/>\n\n\n\n<h4 class=\"wp-block-heading has-luminous-vivid-amber-color has-text-color\"><span style=\"color:#f17821\" class=\"has-inline-color\">5. Profeten Jesaja:<\/span><\/h4>\n\n\n\n<blockquote class=\"wp-block-quote is-layout-flow wp-block-quote-is-layout-flow\">\n<p>\u201dF\u00f6r ett barn blir oss f\u00f6tt, en son blir oss given. P\u00e5 hans axlar vilar herrad\u00f6met, och hans namn \u00e4r: Under, R\u00e5dgivare, <span style=\"text-decoration: underline;\">M\u00e4ktig Gud, Evig Far<\/span>, Fridsfurste.\u201d (Jesaja 9:6)<\/p>\n<\/blockquote>\n\n\n\n<hr class=\"wp-block-separator has-css-opacity\"\/>\n\n\n\n<h4 class=\"wp-block-heading has-vivid-cyan-blue-color has-text-color\"><span style=\"color:#0581c9\" class=\"has-inline-color\">6. Jesus kallar sig sj\u00e4lv \u201dJag \u00c4r\u201d och \u201dAlfa och Omega\u201d<\/span><\/h4>\n\n\n\n<blockquote class=\"wp-block-quote is-layout-flow wp-block-quote-is-layout-flow\">\n<p>\u201d\u2019Abraham, er far, jublade \u00f6ver att f\u00e5 se min dag. Han s\u00e5g den och gladde sig.\u2019 Judarna sade: \u2019Du \u00e4r inte femtio \u00e5r \u00e4n, och Abraham har du sett!\u2019 Jesus svarade: \u2019Jag s\u00e4ger er sanningen: <span style=\"text-decoration: underline;\">Jag \u00c4r<\/span>, innan Abraham fanns.\u2019 D\u00e5 tog de upp stenar f\u00f6r att kasta p\u00e5 honom.\u201d (Johannes 8:56-58)<\/p>\n<\/blockquote>\n\n\n\n<p><\/p>\n\n\n\n<blockquote class=\"wp-block-quote is-layout-flow wp-block-quote-is-layout-flow\">\n<p>\u201dSe, jag kommer snart, och jag har min l\u00f6n med mig f\u00f6r att ge \u00e5t var och en efter hans g\u00e4rningar. <span style=\"text-decoration: underline;\">Jag \u00e4r A och O, den f\u00f6rste och den siste, begynnelsen och \u00e4nden. <\/span>\u201d (Uppenbarelseboken 22:12,13)<\/p>\n<\/blockquote>\n\n\n\n<hr class=\"wp-block-separator has-css-opacity\"\/>\n\n\n\n<h4 class=\"wp-block-heading has-pale-pink-color has-text-color\"><span style=\"color:#f0597f\" class=\"has-inline-color\">7. Gud Fadern:<\/span><\/h4>\n\n\n\n<blockquote class=\"wp-block-quote is-layout-flow wp-block-quote-is-layout-flow\">\n<p>\u201dMen om Sonen s\u00e4ger han [Gud]: <span style=\"text-decoration: underline;\">Gud, din tron best\u00e5r i evigheters evighet<\/span>, och ditt rikes spira \u00e4r r\u00e4ttens spira. Du \u00e4lskar r\u00e4ttf\u00e4rdighet och hatar or\u00e4ttf\u00e4rdighet. <span style=\"text-decoration: underline;\">D\u00e4rf\u00f6r, Gud, har din Gud smort dig med gl\u00e4djens olja mer \u00e4n dina medbr\u00f6der.<\/span>\u201d (Hebr\u00e9erna 1:8)<\/p>\n<\/blockquote>\n\n\n\n<p><\/p>\n\n\n\n<p>K\u00e4re l\u00e4sare, vad drar du f\u00f6r slutsatser av att l\u00e4sa dessa bibelord? Finns det n\u00e5got i allt detta som utmanar dig? Om tankarna i dessa skriftst\u00e4llen skulle strida mot den uppfattning du har idag, vill jag fr\u00e5ga dig: \u00c4r det f\u00f6rst\u00e5ndigt att helt avf\u00e4rda den kristna trosbek\u00e4nnelsen att Jesus \u00e4r Guds Son, det vill s\u00e4ga, Gud i form av en m\u00e4nniska, enbart f\u00f6r att det inte \u00e4r vad du l\u00e4rt dig fr\u00e5n m\u00e4nniskor du litat p\u00e5? Vore det inte klokare att g\u00e5 direkt till Guds ord Bibeln och l\u00e5ta den Helige Ande ge dig svaret? <\/p>\n\n\n\n<p><\/p>\n\n\n\n<blockquote class=\"wp-block-quote is-layout-flow wp-block-quote-is-layout-flow\">\n<p>\u201d<span style=\"text-decoration: underline;\">Han var till i Guds gestalt<\/span> men r\u00e4knade inte <span style=\"text-decoration: underline;\">j\u00e4mlikheten med Gud<\/span> som segerbyte, utan utgav sig sj\u00e4lv och <span style=\"text-decoration: underline;\">tog en tj\u00e4nares gestalt och blev m\u00e4nniskan lik<\/span>.\u201d (Filipperna 2:6,7)<\/p>\n<\/blockquote>\n\n\n\n<p><\/p>\n\n\n\n<p>Ingen har r\u00e4tt att hindra dig fr\u00e5n att sj\u00e4lv forska i skrifterna och sedan dra dina egna slutsatser. Jag vill be dig att g\u00e5 till botten med den h\u00e4r fr\u00e5gan, ta fram appar som ger dig den hebreiska och grekiska grundtexten och j\u00e4mf\u00f6ra olika bibel\u00f6vers\u00e4ttningar. Inget kan vara viktigare \u00e4n att ta reda p\u00e5 sanningen om Jesu identitet. <\/p>\n\n\n\n<p><\/p>\n\n\n\n<h3 class=\"wp-block-heading has-pale-pink-color has-text-color\"><span style=\"color:#128f61\" class=\"has-inline-color\">Ta reda p\u00e5 mer: <\/span><\/h3>\n\n\n\n<p><\/p>\n\n\n\n<p class=\"has-text-color\" style=\"color:#128f61\"><a href=\"https:\/\/bibelbloggen.se\/ar-jesus-gud-fordjupning\" data-type=\"page\" data-id=\"1247\" target=\"_blank\" rel=\"noreferrer noopener\">\u00c4r Jesus Gud? F\u00f6rdjupning<\/a><\/p>\n\n\n\n<p class=\"has-text-color\" style=\"color:#128f61\"><a href=\"https:\/\/bibelbloggen.se\/ar-jesus-arkeangeln-mikael\" target=\"_blank\" rel=\"noreferrer noopener\">\u00c4r Jesus \u00e4rke\u00e4ngeln Mikael?<\/a><\/p>\n\n\n\n<p class=\"has-text-color\" style=\"color:#128f61\"><a href=\"https:\/\/bibelbloggen.se\/10-av-guds-egennamn-och-hur-jesus-uppfyller-deras-loften\" data-type=\"link\" data-id=\"https:\/\/bibelbloggen.se\/10-av-guds-egennamn-och-hur-jesus-uppfyller-deras-loften\" target=\"_blank\" rel=\"noreferrer noopener\">10 av Guds egennamn och hur Jesus uppfyller deras l\u00f6ften<\/a><\/p>\n\n\n\n<p class=\"has-text-color\" style=\"color:#128f61\"><\/p>\n\n\n\n<p><\/p>\n","protected":false},"excerpt":{"rendered":"<p>Faris\u00e9erna kunde inte tro det \u2013 d\u00e4rf\u00f6r ville de stena honom. Men enligt Jesus sj\u00e4lv vittnar hela den judiska Bibeln om honom. P\u00e5 v\u00e4gen till Emmaus f\u00f6rklarade han f\u00f6r l\u00e4rjungarna att b\u00e5de Mose, profeterna och skrifterna \u2013 allts\u00e5 hela den hebreiska Bibeln \u2013 handlar just om honom. Redan i Bibelns f\u00f6rsta kapitel finns antydningar om [&hellip;]<\/p>\n","protected":false},"author":2,"featured_media":0,"parent":0,"menu_order":0,"comment_status":"closed","ping_status":"closed","template":"","meta":{"footnotes":""},"class_list":["post-969","page","type-page","status-publish","hentry"],"_links":{"self":[{"href":"https:\/\/bibelbloggen.se\/en\/wp-json\/wp\/v2\/pages\/969","targetHints":{"allow":["GET"]}}],"collection":[{"href":"https:\/\/bibelbloggen.se\/en\/wp-json\/wp\/v2\/pages"}],"about":[{"href":"https:\/\/bibelbloggen.se\/en\/wp-json\/wp\/v2\/types\/page"}],"author":[{"embeddable":true,"href":"https:\/\/bibelbloggen.se\/en\/wp-json\/wp\/v2\/users\/2"}],"replies":[{"embeddable":true,"href":"https:\/\/bibelbloggen.se\/en\/wp-json\/wp\/v2\/comments?post=969"}],"version-history":[{"count":6,"href":"https:\/\/bibelbloggen.se\/en\/wp-json\/wp\/v2\/pages\/969\/revisions"}],"predecessor-version":[{"id":2115,"href":"https:\/\/bibelbloggen.se\/en\/wp-json\/wp\/v2\/pages\/969\/revisions\/2115"}],"wp:attachment":[{"href":"https:\/\/bibelbloggen.se\/en\/wp-json\/wp\/v2\/media?parent=969"}],"curies":[{"name":"wp","href":"https:\/\/api.w.org\/{rel}","templated":true}]}}